{"id":30946,"date":"2024-12-18T19:18:20","date_gmt":"2024-12-18T18:18:20","guid":{"rendered":"https:\/\/urquiza.com\/?page_id=30946"},"modified":"2026-03-04T18:11:17","modified_gmt":"2026-03-04T17:11:17","slug":"tango_argentino_fuer_singles","status":"publish","type":"page","link":"https:\/\/urquiza.com\/index.php\/tango_argentino_fuer_singles\/","title":{"rendered":"Tango Argentino f\u00fcr Singles"},"content":{"rendered":"<div class=\"wpb-content-wrapper\"><p>[vc_row css_animation=&#8220;&#8220; row_type=&#8220;row&#8220; use_row_as_full_screen_section=&#8220;no&#8220; type=&#8220;full_width&#8220; text_align=&#8220;left&#8220; css=&#8220;.vc_custom_1727542311123&#8220;][vc_column width=&#8220;1\/4&#8243;][\/vc_column][vc_column width=&#8220;1\/2&#8243;][vc_empty_space height=&#8220;3em&#8220;][vc_column_text css=&#8220;.vc_custom_1734547963424{padding-top: 20px !important;padding-right: 20px !important;padding-bottom: 20px !important;padding-left: 20px !important;}&#8220;]<\/p>\n<h1 style=\"font-size: 25px; letter-spacing: 0.05em; text-align: center;\"><span style=\"color: #cc3300;\">Tango Argentino auch ohne Partner lernen<\/span><\/h1>\n<p>[\/vc_column_text][vc_empty_space height=&#8220;3em&#8220;][\/vc_column][vc_column width=&#8220;1\/4&#8243;][\/vc_column][\/vc_row][vc_row css_animation=&#8220;&#8220; row_type=&#8220;row&#8220; use_row_as_full_screen_section=&#8220;no&#8220; type=&#8220;full_width&#8220; text_align=&#8220;left&#8220; css=&#8220;.vc_custom_1631174081108{background-color: #f2f2f2 !important;}&#8220; el_id=&#8220;Termine&#8220;][vc_column]<a href=\"mailto:tango@urquiza.com?subject=Tango f\u00fcr Singles Anfrage\" target=\"_self\" data-hover-background-color=#4169e1  class=\"qbutton  big_large_full_width move_icon white\" style=\"font-style: normal; border-radius: 0px;-moz-border-radius: 0px;-webkit-border-radius: 0px; background-color: #191970;\">Tango f\u00fcr Singles - Anmeldung<\/a>[vc_single_image image=&#8220;28536&#8243; img_size=&#8220;2000&#215;1125&#8243; alignment=&#8220;center&#8220; qode_css_animation=&#8220;&#8220;]<a href=\"http:\/\/eepurl.com\/dLMk1w\" target=\"_self\" data-hover-background-color=#c40000  class=\"qbutton  big_large_full_width move_icon white\" style=\"font-style: normal; border-radius: 0px;-moz-border-radius: 0px;-webkit-border-radius: 0px; background-color: #a30000;\">Newsletter abonnieren<\/a>[\/vc_column][\/vc_row][vc_row css_animation=&#8220;&#8220; row_type=&#8220;row&#8220; use_row_as_full_screen_section=&#8220;no&#8220; type=&#8220;full_width&#8220; text_align=&#8220;left&#8220; css=&#8220;.vc_custom_1727542311123&#8220; el_id=&#8220;events&#8220;][vc_column width=&#8220;1\/4&#8243;][\/vc_column][vc_column width=&#8220;1\/2&#8243;][vc_empty_space height=&#8220;3em&#8220;][vc_column_text css=&#8220;.vc_custom_1734545945116{padding-top: 20px !important;padding-right: 20px !important;padding-bottom: 20px !important;padding-left: 20px !important;}&#8220;]<\/p>\n<h2 style=\"font-size: 25px; letter-spacing: 0.05em; text-align: center;\"><span style=\"color: #cc3300;\">Tango Argentino in Berlin, auf Reisen und Online auch ohne Partner lernen<\/span><\/h2>\n<p>[\/vc_column_text][vc_empty_space height=&#8220;3em&#8220;][\/vc_column][vc_column width=&#8220;1\/4&#8243;][\/vc_column][\/vc_row][vc_row css_animation=&#8220;&#8220; row_type=&#8220;row&#8220; use_row_as_full_screen_section=&#8220;no&#8220; type=&#8220;full_width&#8220; text_align=&#8220;left&#8220; css=&#8220;.vc_custom_1728036790733{padding-top: 0px !important;padding-right: 0px !important;padding-bottom: 0px !important;padding-left: 0px !important;background-color: #f2f2f2 !important;}&#8220;][vc_column][vc_column_text css=&#8220;.vc_custom_1758187634144{padding-top: 40px !important;padding-right: 20px !important;padding-bottom: 40px !important;padding-left: 20px !important;}&#8220;]<\/p>\n<p style=\"text-align: left; color: #000000; font-size: 1.5em; line-height: 1.5em;\">Du m\u00f6chtest den argentinischen Tango kennenlernen, hast Du aber (noch) keinen Tanzpartner oder Tanzpartnerin? Oder Du tanzt bereits und m\u00f6chtest, unabh\u00e4ngig von &#8222;Dritten&#8220; Deine Tango Qualit\u00e4ten verbessern und Dich wohler und sicherer auf der Milonga f\u00fchlen? Wir haben an Dich gedacht und mehrere Angebote zusammengeschn\u00fcrt, so dass Du unabh\u00e4ngig, mit Spa\u00df und mit professioneller Betreuung weiterkommen kannst!<\/p>\n<p>[\/vc_column_text][\/vc_column][\/vc_row][vc_row css_animation=&#8220;&#8220; row_type=&#8220;row&#8220; use_row_as_full_screen_section=&#8220;no&#8220; type=&#8220;full_width&#8220; text_align=&#8220;left&#8220; css=&#8220;.vc_custom_1727542311123&#8220;][vc_column][vc_empty_space height=&#8220;3em&#8220;][\/vc_column][\/vc_row][vc_row css_animation=&#8220;&#8220; row_type=&#8220;row&#8220; use_row_as_full_screen_section=&#8220;no&#8220; type=&#8220;full_width&#8220; text_align=&#8220;left&#8220; css=&#8220;.vc_custom_1631174081108{background-color: #f2f2f2 !important;}&#8220;][vc_column][vc_empty_space height=&#8220;2em&#8220; css=&#8220;.vc_custom_1728035798970{background-color: #f2f2f2 !important;}&#8220;][\/vc_column][\/vc_row][vc_row css_animation=&#8220;&#8220; row_type=&#8220;row&#8220; use_row_as_full_screen_section=&#8220;no&#8220; type=&#8220;full_width&#8220; text_align=&#8220;left&#8220; css=&#8220;.vc_custom_1484221522970{background-color: #f2f2f2 !important;}&#8220;][vc_column width=&#8220;1\/3&#8243;]<a href=\"https:\/\/vimeo.com\/ondemand\/urquizatangoproductions\" target=\"_self\" data-hover-background-color=#4169e1  class=\"qbutton  big_large_full_width move_icon white\" style=\"font-style: normal; font-size: 12px; border-radius: 0px;-moz-border-radius: 0px;-webkit-border-radius: 0px; background-color: #191970;\">Tango f\u00fcr Singles online<\/a>[vc_single_image image=&#8220;22912&#8243; img_size=&#8220;960&#215;720&#8243; alignment=&#8220;center&#8220; qode_css_animation=&#8220;&#8220;][vc_column_text css=&#8220;.vc_custom_1734547937792{padding-top: 40px !important;padding-right: 20px !important;padding-bottom: 40px !important;padding-left: 20px !important;}&#8220;]<\/p>\n<h3 style=\"text-align: center;\"><span style=\"color: #000000;\">Lerne Tango Online mit uns<\/span><\/h3>\n<p>&nbsp;<\/p>\n<p style=\"color: #000000; font-size: 1.25em; line-height: 1.5em; text-align: left;\"><span style=\"color: #000000;\">Fehlt der feste Tanzpartner? Ist Flexibilit\u00e4t Dir sehr wichtig? In unserem Kanal findest Du nicht nur vollst\u00e4ndige Kurse vom Anf\u00e4nger bis zum Fortgeschrittenen f\u00fcr Selbstlerner, 4 Stufen sowie thematische Videos, sondern f\u00fcr Einzelt\u00e4nzer Tango Technik Material und erg\u00e4nzende Angebote wie Yoga f\u00fcr Tangot\u00e4nzer.<br \/>\nDeine Abo ist vollkommen flexibel und ohne feste Bindung.\u00a0<\/span><\/p>\n<p style=\"color: #000000; font-size: 1.25em; line-height: 1.5em; text-align: left;\"><span style=\"color: #000000;\"> Jederzeit ist eine Privatstunde \u00fcber Zoom buchbar, am besten per E-Mail: tango@urquiza.com <\/span><\/p>\n<p style=\"color: #000000; font-size: 1.25em; line-height: 1.5em; text-align: left;\"><a href=\"https:\/\/vimeo.com\/ondemand\/urquizatangoproductions\"><span style=\"color: #000000;\">Tango online lernen hier finden!<\/span><\/a><\/p>\n<p>[\/vc_column_text][\/vc_column][vc_column width=&#8220;1\/3&#8243;]<a href=\"mailto:tango@urquiza.com\" target=\"_self\" data-hover-background-color=#4169e1  class=\"qbutton  big_large_full_width move_icon white\" style=\"font-style: normal; font-size: 12px; border-radius: 0px;-moz-border-radius: 0px;-webkit-border-radius: 0px; background-color: #191970;\">Tango f\u00fcr Singles anfragen<\/a>[vc_single_image image=&#8220;31564&#8243; img_size=&#8220;960&#215;720&#8243; alignment=&#8220;center&#8220; css=&#8220;&#8220; qode_css_animation=&#8220;&#8220;][vc_column_text css=&#8220;.vc_custom_1772644163475{padding-top: 40px !important;padding-right: 20px !important;padding-bottom: 40px !important;padding-left: 20px !important;}&#8220;]<\/p>\n<h3 style=\"text-align: center;\"><span style=\"color: #000000;\">Ta<\/span><span style=\"color: #000000;\">ngo <\/span><span style=\"color: #000000;\">Reise f\u00fcr Singles!<\/span><\/h3>\n<p>&nbsp;<\/p>\n<p style=\"color: #000000; font-size: 1.25em; line-height: 1.5em; text-align: left;\">Auch ohne feste Tanzbegleitung kannst Du mit uns auf Reisen kommen!<\/p>\n<p style=\"color: #000000; font-size: 1.25em; line-height: 1.5em; text-align: left;\">Wir nehmen Dich mit auf Reise&#8230;<\/p>\n<p>[\/vc_column_text][\/vc_column][vc_column width=&#8220;1\/3&#8243;]<a href=\"mailto:tango@urquiza.com?subject=Tango Technik\" target=\"_self\" data-hover-background-color=#4169e1  class=\"qbutton  big_large_full_width move_icon white\" style=\"font-style: normal; font-size: 12px; border-radius: 0px;-moz-border-radius: 0px;-webkit-border-radius: 0px; background-color: #191970;\">Tango f\u00fcr Singles in Berlin buchen<\/a>[vc_single_image image=&#8220;28360&#8243; img_size=&#8220;1000&#215;750&#8243; alignment=&#8220;center&#8220; qode_css_animation=&#8220;&#8220;][vc_column_text css=&#8220;.vc_custom_1769968106853{padding-top: 40px !important;padding-right: 20px !important;padding-bottom: 40px !important;padding-left: 20px !important;}&#8220;]<\/p>\n<h3 style=\"text-align: left;\"><span style=\"color: #000000;\">Tango in Berlin ohne Partner lernen<\/span><\/h3>\n<p>&nbsp;<\/p>\n<p style=\"color: #000000; font-size: 1.25em; line-height: 1.5em; text-align: left;\"><span style=\"color: #000000;\">Unsere Anf\u00e4nger Kurse sind f\u00fcr alle offen, ob mit oder ohne Partner, auch ganz spontan und ohne Voranmeldung. Zus\u00e4tzlich bieten wir donnerstags (genaue Termine beachten!) w\u00e4hrend der Kurswochen Technik Unterricht und eine offene Pr\u00e1ctica f\u00fcr alle. Regelm\u00e4\u00dfig findest Du zus\u00e4tzliche Angebote f\u00fcr Tango T\u00e4nzerInnen ohne Partner in Berlin!<\/span><\/p>\n<p style=\"color: #000000; font-size: 1.25em; line-height: 1.5em; text-align: left;\"><span style=\"color: #000000;\">Alle Fragen dazu beantworten wir auch gerne per E-Mail: <a href=\"mailto:tango@urquiza.com\">tango@urquiza.com<\/a><\/span><\/p>\n<p>[\/vc_column_text][\/vc_column][\/vc_row][vc_row css_animation=&#8220;&#8220; row_type=&#8220;row&#8220; use_row_as_full_screen_section=&#8220;no&#8220; type=&#8220;full_width&#8220; text_align=&#8220;left&#8220; css=&#8220;.vc_custom_1484221522970{background-color: #f2f2f2 !important;}&#8220;][vc_column width=&#8220;1\/2&#8243;][vc_empty_space height=&#8220;3em&#8220;][vc_column_text css=&#8220;.vc_custom_1727960927633{padding-top: 40px !important;padding-right: 20px !important;padding-bottom: 40px !important;padding-left: 20px !important;}&#8220;]<\/p>\n<p style=\"text-align: center; font-size: 25px; letter-spacing: 0.05em;\"><span style=\"color: #000000;\">Mochtest Du mit uns in Berlin Tango lernen?<\/span><\/p>\n<p>[\/vc_column_text][vc_empty_space height=&#8220;1em&#8220;]<a href=\"https:\/\/bookeo.com\/urquiza?initialview=courseEvents\" target=\"_self\" data-hover-background-color=#c40000  class=\"qbutton  big_large_full_width move_icon white\" style=\"font-style: normal; font-size: 12px; border-radius: 0px;-moz-border-radius: 0px;-webkit-border-radius: 0px; background-color: #a30000;\">Buche Deinen Unterricht in Berlin<\/a>[vc_empty_space height=&#8220;3em&#8220;][\/vc_column][vc_column width=&#8220;1\/2&#8243;][vc_empty_space height=&#8220;3em&#8220;][vc_column_text css=&#8220;.vc_custom_1728059028650{padding-top: 40px !important;padding-right: 20px !important;padding-bottom: 40px !important;padding-left: 20px !important;}&#8220;]<\/p>\n<p style=\"text-align: center; font-size: 25px; letter-spacing: 0.05em;\"><span style=\"color: #000000;\">Bist Du neugierig auf unserer Reisen Angebot?<\/span><\/p>\n<p>[\/vc_column_text][vc_empty_space height=&#8220;1em&#8220;]<a href=\"https:\/\/urquiza.com\/index.php\/events_tango_reisen_und_workshops\/\" target=\"_self\" data-hover-background-color=#c40000  class=\"qbutton  big_large_full_width move_icon white\" style=\"font-style: normal; font-size: 12px; border-radius: 0px;-moz-border-radius: 0px;-webkit-border-radius: 0px; background-color: #a30000;\">Reise mit dem Tango!<\/a>[vc_empty_space height=&#8220;3em&#8220;][\/vc_column][\/vc_row]<\/p>\n<\/div>","protected":false},"excerpt":{"rendered":"<p>[vc_row css_animation=&#8220;&#8220; row_type=&#8220;row&#8220; use_row_as_full_screen_section=&#8220;no&#8220; type=&#8220;full_width&#8220; text_align=&#8220;left&#8220; css=&#8220;.vc_custom_1727542311123&#8220;][vc_column width=&#8220;1\/4&#8243;][\/vc_column][vc_column width=&#8220;1\/2&#8243;][vc_empty_space height=&#8220;3em&#8220;][vc_column_text css=&#8220;.vc_custom_1734547963424{padding-top: 20px !important;padding-right: 20px !important;padding-bottom: 20px !important;padding-left: 20px !important;}&#8220;] Tango Argentino auch ohne Partner lernen [\/vc_column_text][vc_empty_space height=&#8220;3em&#8220;][\/vc_column][vc_column width=&#8220;1\/4&#8243;][\/vc_column][\/vc_row][vc_row css_animation=&#8220;&#8220; row_type=&#8220;row&#8220; use_row_as_full_screen_section=&#8220;no&#8220; type=&#8220;full_width&#8220; text_align=&#8220;left&#8220; css=&#8220;.vc_custom_1631174081108{background-color: #f2f2f2 !important;}&#8220; el_id=&#8220;Termine&#8220;][vc_column][vc_single_image image=&#8220;28536&#8243; img_size=&#8220;2000&#215;1125&#8243; alignment=&#8220;center&#8220; qode_css_animation=&#8220;&#8220;][\/vc_column][\/vc_row][vc_row css_animation=&#8220;&#8220; row_type=&#8220;row&#8220; use_row_as_full_screen_section=&#8220;no&#8220; type=&#8220;full_width&#8220;&#8230;<\/p>\n","protected":false},"author":1,"featured_media":0,"parent":0,"menu_order":0,"comment_status":"open","ping_status":"closed","template":"full_width.php","meta":{"footnotes":""},"class_list":["post-30946","page","type-page","status-publish","hentry"],"_links":{"self":[{"href":"https:\/\/urquiza.com\/index.php\/wp-json\/wp\/v2\/pages\/30946","targetHints":{"allow":["GET"]}}],"collection":[{"href":"https:\/\/urquiza.com\/index.php\/wp-json\/wp\/v2\/pages"}],"about":[{"href":"https:\/\/urquiza.com\/index.php\/wp-json\/wp\/v2\/types\/page"}],"author":[{"embeddable":true,"href":"https:\/\/urquiza.com\/index.php\/wp-json\/wp\/v2\/users\/1"}],"replies":[{"embeddable":true,"href":"https:\/\/urquiza.com\/index.php\/wp-json\/wp\/v2\/comments?post=30946"}],"version-history":[{"count":32,"href":"https:\/\/urquiza.com\/index.php\/wp-json\/wp\/v2\/pages\/30946\/revisions"}],"predecessor-version":[{"id":31720,"href":"https:\/\/urquiza.com\/index.php\/wp-json\/wp\/v2\/pages\/30946\/revisions\/31720"}],"wp:attachment":[{"href":"https:\/\/urquiza.com\/index.php\/wp-json\/wp\/v2\/media?parent=30946"}],"curies":[{"name":"wp","href":"https:\/\/api.w.org\/{rel}","templated":true}]}}