{"id":30856,"date":"2024-10-30T15:03:37","date_gmt":"2024-10-30T14:03:37","guid":{"rendered":"https:\/\/urquiza.com\/?page_id=30856"},"modified":"2024-12-18T19:39:02","modified_gmt":"2024-12-18T18:39:02","slug":"tango_argentino_online_lernen_und_erleben-2-2","status":"publish","type":"page","link":"https:\/\/urquiza.com\/index.php\/tango_argentino_online_lernen_und_erleben-2-2\/","title":{"rendered":"Tango Argentino Online Lernen"},"content":{"rendered":"<div class=\"wpb-content-wrapper\"><p>[vc_row row_type=&#8220;row&#8220; use_row_as_full_screen_section=&#8220;no&#8220; type=&#8220;full_width&#8220; text_align=&#8220;left&#8220; css_animation=&#8220;&#8220; css=&#8220;.vc_custom_1727542311123&#8220;][vc_column width=&#8220;1\/4&#8243;][\/vc_column][vc_column width=&#8220;1\/2&#8243;][vc_empty_space height=&#8220;3em&#8220;][vc_column_text css=&#8220;.vc_custom_1731344875433{padding-top: 20px !important;padding-right: 20px !important;padding-bottom: 20px !important;padding-left: 20px !important;}&#8220;]<\/p>\n<h1 style=\"font-size: 25px; letter-spacing: 0.05em; text-align: center;\"><span style=\"color: #cc3300;\">Urquiza Tango Online lernen<\/span><\/h1>\n<p>[\/vc_column_text][vc_empty_space height=&#8220;3em&#8220;][\/vc_column][vc_column width=&#8220;1\/4&#8243;][\/vc_column][\/vc_row][vc_row row_type=&#8220;row&#8220; use_row_as_full_screen_section=&#8220;no&#8220; type=&#8220;full_width&#8220; text_align=&#8220;left&#8220; css_animation=&#8220;&#8220; css=&#8220;.vc_custom_1631174081108{background-color: #f2f2f2 !important;}&#8220; el_id=&#8220;Termine&#8220;][vc_column]<a href=\"https:\/\/vimeo.com\/ondemand\/urquizatangoproductions\" target=\"_self\" data-hover-background-color=#4169e1  class=\"qbutton  big_large_full_width move_icon white\" style=\"font-style: normal; border-radius: 0px;-moz-border-radius: 0px;-webkit-border-radius: 0px; background-color: #191970;\">Tango Online buchen<\/a>[vc_single_image image=&#8220;28685&#8243; img_size=&#8220;2000&#215;1125&#8243; alignment=&#8220;center&#8220; qode_css_animation=&#8220;&#8220;]<a href=\"http:\/\/eepurl.com\/dLMk1w\" target=\"_self\" data-hover-background-color=#c40000  class=\"qbutton  big_large_full_width move_icon white\" style=\"font-style: normal; border-radius: 0px;-moz-border-radius: 0px;-webkit-border-radius: 0px; background-color: #a30000;\">Newsletter abonnieren<\/a>[\/vc_column][\/vc_row][vc_row row_type=&#8220;row&#8220; use_row_as_full_screen_section=&#8220;no&#8220; type=&#8220;full_width&#8220; text_align=&#8220;left&#8220; css_animation=&#8220;&#8220; css=&#8220;.vc_custom_1727542311123&#8220; el_id=&#8220;events&#8220;][vc_column width=&#8220;1\/4&#8243;][\/vc_column][vc_column width=&#8220;1\/2&#8243;][vc_empty_space height=&#8220;3em&#8220;][vc_column_text css=&#8220;.vc_custom_1734537870199{padding-top: 20px !important;padding-right: 20px !important;padding-bottom: 20px !important;padding-left: 20px !important;}&#8220;]<\/p>\n<h2 style=\"font-size: 25px; letter-spacing: 0.05em; text-align: center;\"><span style=\"color: #cc3300;\">Tango Argentino online On-Demand, auf Youtube und auf unserer Webseite lernen<\/span><\/h2>\n<p>[\/vc_column_text][vc_empty_space height=&#8220;3em&#8220;][\/vc_column][vc_column width=&#8220;1\/4&#8243;][\/vc_column][\/vc_row][vc_row row_type=&#8220;row&#8220; use_row_as_full_screen_section=&#8220;no&#8220; type=&#8220;full_width&#8220; text_align=&#8220;left&#8220; css_animation=&#8220;&#8220; css=&#8220;.vc_custom_1728036790733{padding-top: 0px !important;padding-right: 0px !important;padding-bottom: 0px !important;padding-left: 0px !important;background-color: #f2f2f2 !important;}&#8220;][vc_column][vc_column_text css=&#8220;.vc_custom_1734547138282{padding-top: 40px !important;padding-right: 20px !important;padding-bottom: 40px !important;padding-left: 20px !important;}&#8220;]<\/p>\n<p style=\"text-align: left; color: #000000; font-size: 1.5em; line-height: 1.5em;\">Wenn Du interessiert bist, Deinen Tango online zu vertiefen, bist Du hier genau richtig. Besonders wenn Du Unterricht im traditionellen Tangostil suchst, werden wir Dir bei der Weiterentwicklung Deines Tanzes helfen. Wir begleiten Dich bei Deinen ersten Schritten oder helfen Dir, Deinen Wissen durch Video-Tutorials oder sogar live \u00fcber Zoom zu vertiefen. Bei Fragen z\u00f6gere bitte nicht, uns zu kontaktieren. Viel Spa\u00df beim Online Tango lernen mit Urquiza!<\/p>\n<p>[\/vc_column_text][\/vc_column][\/vc_row][vc_row row_type=&#8220;row&#8220; use_row_as_full_screen_section=&#8220;no&#8220; type=&#8220;full_width&#8220; text_align=&#8220;left&#8220; css_animation=&#8220;&#8220; css=&#8220;.vc_custom_1727542311123&#8220;][vc_column][vc_empty_space height=&#8220;3em&#8220;][\/vc_column][\/vc_row][vc_row row_type=&#8220;row&#8220; use_row_as_full_screen_section=&#8220;no&#8220; type=&#8220;full_width&#8220; text_align=&#8220;left&#8220; css_animation=&#8220;&#8220; css=&#8220;.vc_custom_1631174081108{background-color: #f2f2f2 !important;}&#8220;][vc_column][vc_empty_space height=&#8220;2em&#8220; css=&#8220;.vc_custom_1728035798970{background-color: #f2f2f2 !important;}&#8220;][\/vc_column][\/vc_row][vc_row row_type=&#8220;row&#8220; use_row_as_full_screen_section=&#8220;no&#8220; type=&#8220;full_width&#8220; text_align=&#8220;left&#8220; css_animation=&#8220;&#8220; css=&#8220;.vc_custom_1484221522970{background-color: #f2f2f2 !important;}&#8220;][vc_column width=&#8220;1\/3&#8243;]<a href=\"https:\/\/vimeo.com\/ondemand\/urquizatangoproductions\" target=\"_self\" data-hover-background-color=#4169e1  class=\"qbutton  big_large_full_width move_icon white\" style=\"font-style: normal; font-size: 12px; border-radius: 0px;-moz-border-radius: 0px;-webkit-border-radius: 0px; background-color: #191970;\">Tango On-Demand abonnieren!<\/a>[vc_single_image image=&#8220;30764&#8243; img_size=&#8220;960&#215;720&#8243; alignment=&#8220;center&#8220; qode_css_animation=&#8220;&#8220;][vc_column_text css=&#8220;.vc_custom_1734538228406{padding-top: 40px !important;padding-right: 20px !important;padding-bottom: 40px !important;padding-left: 20px !important;}&#8220;]<\/p>\n<h3 style=\"text-align: center;\"><span style=\"color: #000000;\">Lerne Tango Online mit uns<\/span><\/h3>\n<p>&nbsp;<\/p>\n<p style=\"color: #000000; font-size: 1.25em; line-height: 1.5em; text-align: left;\"><span style=\"color: #000000;\">Wir freuen uns sehr, unsere Tango On Demand-Kurse auf Vimeo pr\u00e4sentieren zu d\u00fcrfen! Vollst\u00e4ndige Kurse vom Anf\u00e4nger- bis Fortgeschrittenen-Niveau f\u00fcr Selbstlerner, 4 Stufen sowie thematische Videos, Technik-Videos und andere erg\u00e4nzende Angebote wie Yoga f\u00fcr Tangot\u00e4nzer, abendf\u00fcllende Shows und Interviews zu Tango Themen.<br \/>\nDein Abo ist vollkommen flexibel und ohne feste Bindung. Es ist die perfekte M\u00f6glichkeit, Tango online zu lernen, wenn Du traditionellen Tango lernen m\u00f6chtest und gleichzeitig maximale Freiheit brauchst. Wenn Du unsere Workshops oder Reisen besuchst kannst Du damit bis zu unserem n\u00e4chsten Treffen mit dem Urquiza Tango bequem und unkompliziert in Kontakt bleiben. Jederzeit ist eine Privatstunde \u00fcber Zoom buchbar (am besten per E-Mail: tango@urquiza.com), wenn Du Deine On-Demand-Kurse erg\u00e4nzen m\u00f6chtest.<\/span><\/p>\n<p>[\/vc_column_text][\/vc_column][vc_column width=&#8220;1\/3&#8243;]<a href=\"https:\/\/www.youtube.com\/@chichenunez\" target=\"_self\" data-hover-background-color=#4169e1  class=\"qbutton  big_large_full_width move_icon white\" style=\"font-style: normal; font-size: 12px; border-radius: 0px;-moz-border-radius: 0px;-webkit-border-radius: 0px; background-color: #191970;\">Chiche\u00b4s Youtube Channel besuchen!<\/a>[vc_single_image image=&#8220;30766&#8243; img_size=&#8220;960&#215;720&#8243; alignment=&#8220;center&#8220; qode_css_animation=&#8220;&#8220;][vc_column_text css=&#8220;.vc_custom_1734538435704{padding-top: 40px !important;padding-right: 20px !important;padding-bottom: 40px !important;padding-left: 20px !important;}&#8220;]<\/p>\n<h3 style=\"text-align: center;\"><span style=\"color: #000000;\">Traditionelle <\/span><span style=\"color: #000000;\">Tango <\/span><span style=\"color: #000000;\">Kultur auf Youtube<\/span><\/h3>\n<p>&nbsp;<\/p>\n<p style=\"color: #000000; font-size: 1.25em; line-height: 1.5em; text-align: left;\">Auf seinem Tango-Kanal pr\u00e4sentiert Chiche Nunez nicht nur Auftritte sonder auch Interviews zu erg\u00e4nzenden Tango Themen, welche als Begleitung zu den Online-Kursen gedacht sind. Diese Reihe von bereichernden Themen sind auch f\u00fcr die Pr\u00e4senzkurse in Berlin, f\u00fcr unsere Tango-Reisen und unsere Workshops eine fundamentale Erg\u00e4nzung. Chiche erz\u00e4hlt Dir von seinen Erfahrungen mit seinen Lehrern und verr\u00e4t Dir Anekdoten und Begrundungen f\u00fcr seine Stil-Wahl, so dass die Bewegungen mehr Sinn und kulturelle Verankerung bekommen. Auf dieser Weise hilft er Dir, den Tango auch in seinen kulturellen Komponenten zu verstehen, was Deinem Tanz mehr Charakter und Glaubw\u00fcrdigkeit verleiht.<br \/>\nWir laden Dich ein, den YouTube Kanal kostenlos zu abonnieren, um jedes Mal eine Benachrichtigung zu erhalten, wenn es neue Inhalte zum Ansehen gibt!!!<\/p>\n<p>[\/vc_column_text][\/vc_column][vc_column width=&#8220;1\/3&#8243;]<a href=\"https:\/\/urquiza.com\/index.php\/urquiza_tango_channel\/\" target=\"_self\" data-hover-background-color=#4169e1  class=\"qbutton  big_large_full_width move_icon white\" style=\"font-style: normal; font-size: 12px; border-radius: 0px;-moz-border-radius: 0px;-webkit-border-radius: 0px; background-color: #191970;\">Urquiza Tango Schule Videos<\/a>[vc_single_image image=&#8220;30770&#8243; img_size=&#8220;1000&#215;750&#8243; alignment=&#8220;center&#8220; qode_css_animation=&#8220;&#8220;][vc_column_text css=&#8220;.vc_custom_1734538573168{padding-top: 40px !important;padding-right: 20px !important;padding-bottom: 40px !important;padding-left: 20px !important;}&#8220;]<\/p>\n<h3 style=\"text-align: left;\"><span style=\"color: #000000;\">Urquiza Tango Kanal<\/span><\/h3>\n<p>&nbsp;<\/p>\n<p style=\"color: #000000; font-size: 1.25em; line-height: 1.5em; text-align: left;\"><span style=\"color: #000000;\">Wir bieten die Inhalte unserer Kurse im Videoformat f\u00fcr Dich als unsere\/n Tango Sch\u00fcler\/In in Berlin und in Akademien an, die Urquiza Tango Berlin angeschlossen sind. Diese findest Du auf unserem <a href=\"https:\/\/urquiza.com\/index.php\/urquiza_tango_channel\/\">Urquiza Tango Kanal<\/a>. Das erm\u00f6glicht Dir online weiter Tango zu lernen und zu vertiefen. <\/span><\/p>\n<p style=\"color: #000000; font-size: 1.25em; line-height: 1.5em; text-align: left;\"><span style=\"color: #000000;\">Alle Inhalte Deines Kurses sind online \u00fcber unseren Urquiza Tango-Kanal zug\u00e4nglich. Mit dem Code, den Du als Sch\u00fclerIn bei der Anmeldung erh\u00e4ltst, kannst Du auf die dazugeh\u00f6renden Inhalte zugreifen und diese f\u00fcr die Dauer des Kurses so oft ansehen, wie Du m\u00f6chtest. Diese Leistung ist inklusive in Deinem Kursbeitrag. Wenn Du alle Kurse mit Zusatzfunktionen wie Voice Over haben m\u00f6chtest, kannst Du gerne unseren <a href=\"https:\/\/vimeo.com\/ondemand\/urquizatangoproductions\">Tango On Demand Kanal<\/a> auf Vimeo abonnieren!<\/span><\/p>\n<p>[\/vc_column_text][\/vc_column][\/vc_row][vc_row row_type=&#8220;row&#8220; use_row_as_full_screen_section=&#8220;no&#8220; type=&#8220;full_width&#8220; text_align=&#8220;left&#8220; css_animation=&#8220;&#8220; css=&#8220;.vc_custom_1484221522970{background-color: #f2f2f2 !important;}&#8220;][vc_column width=&#8220;1\/2&#8243;][vc_empty_space height=&#8220;3em&#8220;][vc_column_text css=&#8220;.vc_custom_1727960927633{padding-top: 40px !important;padding-right: 20px !important;padding-bottom: 40px !important;padding-left: 20px !important;}&#8220;]<\/p>\n<p style=\"text-align: center; font-size: 25px; letter-spacing: 0.05em;\"><span style=\"color: #000000;\">Mochtest Du mit uns in Berlin Tango lernen?<\/span><\/p>\n<p>[\/vc_column_text][vc_empty_space height=&#8220;1em&#8220;]<a href=\"https:\/\/bookeo.com\/urquiza?initialview=courseEvents\" target=\"_self\" data-hover-background-color=#c40000  class=\"qbutton  big_large_full_width move_icon white\" style=\"font-style: normal; font-size: 12px; border-radius: 0px;-moz-border-radius: 0px;-webkit-border-radius: 0px; background-color: #a30000;\">Buche Deinen Unterricht in Berlin<\/a>[vc_empty_space height=&#8220;3em&#8220;][\/vc_column][vc_column width=&#8220;1\/2&#8243;][vc_empty_space height=&#8220;3em&#8220;][vc_column_text css=&#8220;.vc_custom_1734540101769{padding-top: 40px !important;padding-right: 20px !important;padding-bottom: 40px !important;padding-left: 20px !important;}&#8220;]<\/p>\n<p style=\"text-align: center; font-size: 25px; letter-spacing: 0.05em;\"><span style=\"color: #000000;\">Bist Du neugierig auf unser Reise-Angebot?<\/span><\/p>\n<p>[\/vc_column_text][vc_empty_space height=&#8220;1em&#8220;]<a href=\"https:\/\/urquiza.com\/index.php\/events_tango_reisen_und_workshops\/\" target=\"_self\" data-hover-background-color=#c40000  class=\"qbutton  big_large_full_width move_icon white\" style=\"font-style: normal; font-size: 12px; border-radius: 0px;-moz-border-radius: 0px;-webkit-border-radius: 0px; background-color: #a30000;\">Lerne Tango auf Reisen!<\/a>[vc_empty_space height=&#8220;3em&#8220;][\/vc_column][\/vc_row]<\/p>\n<\/div>","protected":false},"excerpt":{"rendered":"<p>[vc_row row_type=&#8220;row&#8220; use_row_as_full_screen_section=&#8220;no&#8220; type=&#8220;full_width&#8220; text_align=&#8220;left&#8220; css_animation=&#8220;&#8220; css=&#8220;.vc_custom_1727542311123&#8220;][vc_column width=&#8220;1\/4&#8243;][\/vc_column][vc_column width=&#8220;1\/2&#8243;][vc_empty_space height=&#8220;3em&#8220;][vc_column_text css=&#8220;.vc_custom_1731344875433{padding-top: 20px !important;padding-right: 20px !important;padding-bottom: 20px !important;padding-left: 20px !important;}&#8220;] Urquiza Tango Online lernen [\/vc_column_text][vc_empty_space height=&#8220;3em&#8220;][\/vc_column][vc_column width=&#8220;1\/4&#8243;][\/vc_column][\/vc_row][vc_row row_type=&#8220;row&#8220; use_row_as_full_screen_section=&#8220;no&#8220; type=&#8220;full_width&#8220; text_align=&#8220;left&#8220; css_animation=&#8220;&#8220; css=&#8220;.vc_custom_1631174081108{background-color: #f2f2f2 !important;}&#8220; el_id=&#8220;Termine&#8220;][vc_column][vc_single_image image=&#8220;28685&#8243; img_size=&#8220;2000&#215;1125&#8243; alignment=&#8220;center&#8220; qode_css_animation=&#8220;&#8220;][\/vc_column][\/vc_row][vc_row row_type=&#8220;row&#8220; use_row_as_full_screen_section=&#8220;no&#8220; type=&#8220;full_width&#8220; text_align=&#8220;left&#8220; css_animation=&#8220;&#8220; css=&#8220;.vc_custom_1727542311123&#8220;&#8230;<\/p>\n","protected":false},"author":1,"featured_media":0,"parent":0,"menu_order":0,"comment_status":"open","ping_status":"closed","template":"full_width.php","meta":{"footnotes":""},"class_list":["post-30856","page","type-page","status-publish","hentry"],"_links":{"self":[{"href":"https:\/\/urquiza.com\/index.php\/wp-json\/wp\/v2\/pages\/30856","targetHints":{"allow":["GET"]}}],"collection":[{"href":"https:\/\/urquiza.com\/index.php\/wp-json\/wp\/v2\/pages"}],"about":[{"href":"https:\/\/urquiza.com\/index.php\/wp-json\/wp\/v2\/types\/page"}],"author":[{"embeddable":true,"href":"https:\/\/urquiza.com\/index.php\/wp-json\/wp\/v2\/users\/1"}],"replies":[{"embeddable":true,"href":"https:\/\/urquiza.com\/index.php\/wp-json\/wp\/v2\/comments?post=30856"}],"version-history":[{"count":19,"href":"https:\/\/urquiza.com\/index.php\/wp-json\/wp\/v2\/pages\/30856\/revisions"}],"predecessor-version":[{"id":31025,"href":"https:\/\/urquiza.com\/index.php\/wp-json\/wp\/v2\/pages\/30856\/revisions\/31025"}],"wp:attachment":[{"href":"https:\/\/urquiza.com\/index.php\/wp-json\/wp\/v2\/media?parent=30856"}],"curies":[{"name":"wp","href":"https:\/\/api.w.org\/{rel}","templated":true}]}}