{"id":29680,"date":"2024-02-19T18:32:29","date_gmt":"2024-02-19T17:32:29","guid":{"rendered":"https:\/\/urquiza.com\/?page_id=29680"},"modified":"2026-04-06T09:47:39","modified_gmt":"2026-04-06T07:47:39","slug":"tangoreise_puglia_italien","status":"publish","type":"page","link":"https:\/\/urquiza.com\/index.php\/tangoreise_puglia_italien\/","title":{"rendered":"Puglia Tango Reise 2026"},"content":{"rendered":"<div class=\"wpb-content-wrapper\"><p>[vc_row css_animation=&#8220;&#8220; row_type=&#8220;row&#8220; use_row_as_full_screen_section=&#8220;no&#8220; type=&#8220;full_width&#8220; text_align=&#8220;left&#8220; css=&#8220;.vc_custom_1486656312563&#8220; el_id=&#8220;events&#8220;][vc_column][vc_empty_space height=&#8220;3em&#8220;][vc_column_text css=&#8220;&#8220;]<\/p>\n<h1 style=\"text-align: center; font-size: 25px; letter-spacing: 0.05em;\"><span style=\"color: #873003;\">Puglia Tango Reise 2026!<\/span><\/h1>\n<p>[\/vc_column_text][vc_empty_space height=&#8220;3em&#8220;][vc_column_text css=&#8220;&#8220;]<\/p>\n<h1 style=\"text-align: center; font-size: 25px; letter-spacing: 0.05em;\"><span style=\"color: #873003;\">24. bis 28 Oktober<\/span><\/h1>\n<p>[\/vc_column_text][vc_empty_space height=&#8220;3em&#8220;][\/vc_column][\/vc_row][vc_row css_animation=&#8220;&#8220; row_type=&#8220;row&#8220; use_row_as_full_screen_section=&#8220;no&#8220; type=&#8220;full_width&#8220; text_align=&#8220;left&#8220;][vc_column][vc_empty_space height=&#8220;3em&#8220;]<a href=\"https:\/\/bookeo.com\/urquiza?category=32547AR7FK15DD75BA4AC\" target=\"_self\"  class=\"qbutton  big_large_full_width move_icon white\" style=\"font-style: normal; border-radius: 10px;-moz-border-radius: 10px;-webkit-border-radius: 10px; background-color: #873003;\">Puglia Tango Reise buchen!<\/a>[\/vc_column][\/vc_row][vc_row css_animation=&#8220;&#8220; row_type=&#8220;row&#8220; use_row_as_full_screen_section=&#8220;no&#8220; type=&#8220;full_width&#8220; text_align=&#8220;left&#8220; css=&#8220;.vc_custom_1484221351704{background-color: #f2f2f2 !important;}&#8220;][vc_column][vc_column_text css=&#8220;.vc_custom_1775461249652{padding-top: 40px !important;padding-right: 20px !important;padding-bottom: 40px !important;padding-left: 20px !important;}&#8220;]<\/p>\n<h2 style=\"text-align: left;\"><span style=\"color: #000000;\">Herbst Tango Reise in Puglia!\u00a0<\/span><\/h2>\n<p>&nbsp;<\/p>\n<p>&nbsp;<\/p>\n<p style=\"text-align: left; color: #000000; font-size: 1.5em; line-height: 1.5em;\"><span lang=\"de\">Die gemeinsame Zeit in Apulien ist f\u00fcr uns sehr besonders, da wir seit Jahren daran arbeiten, einen Ort der Ruhe und der Kunst zu schaffen, f\u00fcr uns und unsere Besucher. Wir haben sorgf\u00e4ltig eine Ecke der renommierten Region Apulien gew\u00e4hlt, welche weit genug vom Tourismus-Trubel ist und gleichzeitig leicht auch aus dem Ausland zu erreichen ist. <\/span><\/p>\n<p style=\"text-align: left; color: #000000; font-size: 1.5em; line-height: 1.5em;\"><span lang=\"de\">Jeder unserer Olivenb\u00e4ume tr\u00e4gt einen Namen und wir schmiegen weiterhin Pl\u00e4ne zur Verbesserung und Erweiterung unserer kleinen Oase. <\/span><\/p>\n<p>&nbsp;<\/p>\n<p>&nbsp;<\/p>\n<p style=\"text-align: left; color: #000000; font-size: 1.5em; line-height: 1.5em;\"><span lang=\"de\"><strong>PROGRAMM- UND REISEZEITEN:<\/strong><\/span><\/p>\n<p style=\"text-align: left; color: #000000; font-size: 1.5em; line-height: 1.5em;\"><span lang=\"de\">Die Tango Reise findet statt in der malerischen Landschaft zwischen Carovigno (Provinz von Brindisi) und der Adria. Ein Besuch des ber\u00fchmten und naturgesch\u00fctzten Strand von <a href=\"https:\/\/imaginapulia.com\/points-of-interest\/torre-guaceto-nature-reserve\/\">Torre Guaceto <\/a><\/span><span lang=\"de\">ist zu empfehlen, sowie Spazierg\u00e4nge in <a href=\"https:\/\/italien-entdecken.de\/ostuni\/\">Ostuni, der Wei\u00dfen Stadt<\/a> oder <a href=\"https:\/\/www.italien.de\/staedte\/brindisi\">Brindisi<\/a>.<\/span><\/p>\n<p>&nbsp;<\/p>\n<p style=\"text-align: left; color: #000000; font-size: 1.5em; line-height: 1.5em;\"><span lang=\"de\"> Am 24. Oktober hei\u00dfen wir alle mit einem Kennenlern-Abend herzlich willkommen, ab ca. 17:00 Uhr treffen wir uns im <a href=\"https:\/\/relaisvillalucia.it\/\">Relais Santa Lucia<\/a>. Ihr seid herzlich auf ein Glass Wein eingeladen, damit die Stimmung richtig aufkommt!<\/span><\/p>\n<p style=\"text-align: left; color: #000000; font-size: 1.5em; line-height: 1.5em;\"><span lang=\"de\">Ab dem zweiten bis zum vierten Tag lernen und vertiefen wir unseren Tango gemeinsam im wundersch\u00f6nen <a href=\"https:\/\/www.castellodicarovigno.it\/\">Schloss Dentice di Frasso von Carovigno<\/a>, Provinz von Brindisi, Apulien. Es ist uns eine gro\u00dfe Ehre euch in einer solch erlesenen Kulisse einladen zu k\u00f6nnen! <\/span><\/p>\n<p style=\"text-align: left; color: #000000; font-size: 1.5em; line-height: 1.5em;\"><span lang=\"de\">Vom 25. bis 27. Oktober tanzen wir im Schloss, vom 11:00 bis 12:30 Uhr. Am Abend treffen wir uns um 17:00 Uhr f\u00fcr ab ca. 17:00 Uhr um gemeinsam \u00fcber Tango, Tanz und Musik zu plaudern, Schritte zu \u00fcben, Fragen zu stellen und ein Glass Wein gemeinsam zu trinken. <\/span><\/p>\n<p style=\"text-align: left; color: #000000; font-size: 1.5em; line-height: 1.5em;\"><span lang=\"de\">An einem Abend nehmen wir euch zum Abendessen an Hafen von Brindisi mit. Und falls in der N\u00e4he eine Milonga stattfindet, nehmen wir euch mit, um mit den ItalienerInnen zu tanzen!\u00a0<\/span><\/p>\n<p style=\"text-align: left; color: #000000; font-size: 1.5em; line-height: 1.5em;\"><span lang=\"de\">Am letzten Tag verabschieden wir uns mit einem gemeinsamen Brunch bei uns, um das Erlernte nochmal entspannt durchzugehen. Gegen 11:00 Uhr treffen wir uns, bis 12:30 Uhr wir laden ein!<\/span><\/p>\n<p>&nbsp;<\/p>\n<p style=\"text-align: left; color: #000000; font-size: 1.5em; line-height: 1.5em;\"><span lang=\"de\">Viel Zeit bleibt euch zur freien Verf\u00fcgung um die besten Str\u00e4nde und antiken St\u00e4dtchen von Apulien zu entdecken!\u00a0<\/span><\/p>\n<p style=\"text-align: left; color: #000000; font-size: 1.5em; line-height: 1.5em;\"><span lang=\"de\">Wir empfehlen l\u00e4nger zu bleiben um die Region in Ruhe zu genie\u00dfen. Gerne geben wir euch Empfehlungen!<\/span><\/p>\n<p>&nbsp;<\/p>\n<p>&nbsp;<\/p>\n<p style=\"text-align: left; color: #000000; font-size: 1.5em; line-height: 1.5em;\"><strong><span lang=\"de\">DIENSTLEISTUNGEN IM PAKET:<\/span><\/strong><\/p>\n<p>&nbsp;<\/p>\n<p style=\"text-align: left; color: #000000; font-size: 1.5em; line-height: 1.5em;\"><span lang=\"de\">Insgesamt 12 Unterrichtseinheiten (a 45 Minuten), geteilt in 2 Unterrichtsstunden am Vormittag vom 23. bis 25. April und freie Practicas an f\u00fcnf Tagen. Snacks und Getr\u00e4nke w\u00e4hrend des Unterrichts und bei den gemeinsamen Abenden sind inklusive. Wir unterrichten in kleinen Gruppen und bei Bedarf bieten wir unterschiedliche Uhrzeiten an.<\/span><\/p>\n<p style=\"text-align: left; color: #000000; font-size: 1.5em; line-height: 1.5em;\"><span lang=\"de\">\u00a0<\/span><\/p>\n<p>&nbsp;<\/p>\n<p style=\"text-align: left; color: #000000; font-size: 1.5em; line-height: 1.5em;\"><strong>PREIS<\/strong>:<\/p>\n<p>&nbsp;<\/p>\n<p style=\"text-align: left; color: #000000; font-size: 1.5em; line-height: 1.5em;\"><span lang=\"de\">500\u20ac\/Paar, Einzelpersonen bitte per E-Mail melden!<br \/>\nPrivatunterricht kann zus\u00e4tzlich vor Ort gebucht werden.<\/span><\/p>\n<p>&nbsp;<\/p>\n<p>&nbsp;<\/p>\n<p style=\"text-align: left; color: #000000; font-size: 1.5em; line-height: 1.5em;\"><strong>\u00dcBERNACHTUNG:<\/strong><\/p>\n<p>&nbsp;<\/p>\n<p style=\"text-align: left; color: #000000; font-size: 1.5em; line-height: 1.5em;\"><span lang=\"de\">Wir werden in dem <a href=\"https:\/\/relaisvillalucia.it\/\">Relais Santa Lucia<\/a> \u00fcbernachten und dort auch euch einladen. Wir empfehlen die direkte Buchung per Telefon\/WhatsApp: 0039 334 8527200. Wir helfen gerne dabei!<\/span><\/p>\n<p style=\"text-align: left; color: #000000; font-size: 1.5em; line-height: 1.5em;\"><span lang=\"de\">Weitere \u00dcbernachtungen sind direkt in Carovigno zu finden, oder auch in Brindisi. F\u00fcr alle Bed\u00fcrfnisse und Preisklassen ist etwas da.<br \/>\nF\u00fcr Fragen und weitere Empfehlungen stehen wir zur Verf\u00fcgung.<\/span><\/p>\n<p>&nbsp;<\/p>\n<p style=\"text-align: left; color: #000000; font-size: 1.5em; line-height: 1.5em;\"><strong>ANKUNFT:<\/strong><\/p>\n<p>&nbsp;<\/p>\n<p style=\"text-align: left; color: #000000; font-size: 1.5em; line-height: 1.5em;\"><span lang=\"de\">Carovigno kann \u00fcber Bari oder Brindisi mit dem Flugzeug erreicht werden. Von beiden Flugh\u00e4fen k\u00f6nnt ihr ein Auto mieten, alternativ Bus und Bahn nehmen, oder euch vom Hotel oder einem anderen Abholdienst abholen lassen. Gerne helfen wir euch bei Kontakten zu solchen Diensten.\u00a0<\/span><\/p>\n<p>[\/vc_column_text][\/vc_column][\/vc_row][vc_row gap=&#8220;4&#8243; css_animation=&#8220;&#8220; row_type=&#8220;row&#8220; use_row_as_full_screen_section=&#8220;no&#8220; type=&#8220;full_width&#8220; text_align=&#8220;left&#8220; css=&#8220;.vc_custom_1565105570813{padding-right: 60px !important;padding-left: 60px !important;background-color: #ffffff !important;}&#8220;][vc_column][vc_empty_space height=&#8220;3em&#8220;][\/vc_column][\/vc_row][vc_row css_animation=&#8220;&#8220; row_type=&#8220;row&#8220; use_row_as_full_screen_section=&#8220;no&#8220; type=&#8220;full_width&#8220; text_align=&#8220;left&#8220;][vc_column][vc_gallery type=&#8220;image_grid&#8220; images=&#8220;29688,29692,29694,29704,29702,29700,29696,29698,29690,29686,29771&#8243; img_size=&#8220;large&#8220; onclick=&#8220;&#8220; column_number=&#8220;3&#8243; grayscale=&#8220;no&#8220; space_between_images=&#8220;no&#8220;][\/vc_column][\/vc_row][vc_row css_animation=&#8220;&#8220; row_type=&#8220;row&#8220; use_row_as_full_screen_section=&#8220;no&#8220; type=&#8220;full_width&#8220; text_align=&#8220;left&#8220; css=&#8220;.vc_custom_1486732732826{background-color: #f2f2f2 !important;}&#8220;][vc_column][\/vc_column][\/vc_row]<\/p>\n<\/div>","protected":false},"excerpt":{"rendered":"<p>[vc_row css_animation=&#8220;&#8220; row_type=&#8220;row&#8220; use_row_as_full_screen_section=&#8220;no&#8220; type=&#8220;full_width&#8220; text_align=&#8220;left&#8220; css=&#8220;.vc_custom_1486656312563&#8220; el_id=&#8220;events&#8220;][vc_column][vc_empty_space height=&#8220;3em&#8220;][vc_column_text css=&#8220;&#8220;] Puglia Tango Reise 2026! [\/vc_column_text][vc_empty_space height=&#8220;3em&#8220;][vc_column_text css=&#8220;&#8220;] 24. bis 28 Oktober [\/vc_column_text][vc_empty_space height=&#8220;3em&#8220;][\/vc_column][\/vc_row][vc_row css_animation=&#8220;&#8220; row_type=&#8220;row&#8220; use_row_as_full_screen_section=&#8220;no&#8220; type=&#8220;full_width&#8220; text_align=&#8220;left&#8220;][vc_column][vc_empty_space height=&#8220;3em&#8220;][\/vc_column][\/vc_row][vc_row css_animation=&#8220;&#8220; row_type=&#8220;row&#8220; use_row_as_full_screen_section=&#8220;no&#8220; type=&#8220;full_width&#8220; text_align=&#8220;left&#8220; css=&#8220;.vc_custom_1484221351704{background-color: #f2f2f2 !important;}&#8220;][vc_column][vc_column_text css=&#8220;.vc_custom_1775461249652{padding-top: 40px !important;padding-right: 20px !important;padding-bottom: 40px !important;padding-left: 20px&#8230;<\/p>\n","protected":false},"author":1,"featured_media":0,"parent":0,"menu_order":0,"comment_status":"open","ping_status":"closed","template":"full_width.php","meta":{"footnotes":""},"class_list":["post-29680","page","type-page","status-publish","hentry"],"_links":{"self":[{"href":"https:\/\/urquiza.com\/index.php\/wp-json\/wp\/v2\/pages\/29680","targetHints":{"allow":["GET"]}}],"collection":[{"href":"https:\/\/urquiza.com\/index.php\/wp-json\/wp\/v2\/pages"}],"about":[{"href":"https:\/\/urquiza.com\/index.php\/wp-json\/wp\/v2\/types\/page"}],"author":[{"embeddable":true,"href":"https:\/\/urquiza.com\/index.php\/wp-json\/wp\/v2\/users\/1"}],"replies":[{"embeddable":true,"href":"https:\/\/urquiza.com\/index.php\/wp-json\/wp\/v2\/comments?post=29680"}],"version-history":[{"count":10,"href":"https:\/\/urquiza.com\/index.php\/wp-json\/wp\/v2\/pages\/29680\/revisions"}],"predecessor-version":[{"id":31819,"href":"https:\/\/urquiza.com\/index.php\/wp-json\/wp\/v2\/pages\/29680\/revisions\/31819"}],"wp:attachment":[{"href":"https:\/\/urquiza.com\/index.php\/wp-json\/wp\/v2\/media?parent=29680"}],"curies":[{"name":"wp","href":"https:\/\/api.w.org\/{rel}","templated":true}]}}