{"id":29389,"date":"2023-11-16T17:55:47","date_gmt":"2023-11-16T16:55:47","guid":{"rendered":"https:\/\/urquiza.com\/?page_id=29389"},"modified":"2025-01-12T13:03:54","modified_gmt":"2025-01-12T12:03:54","slug":"tangoreise_fuer-singles_volterra_italien_2025","status":"publish","type":"page","link":"https:\/\/urquiza.com\/index.php\/tangoreise_fuer-singles_volterra_italien_2025\/","title":{"rendered":"Toskana Tango Reise f\u00fcr Singles 2025"},"content":{"rendered":"<div class=\"wpb-content-wrapper\"><p>[vc_row row_type=&#8220;row&#8220; use_row_as_full_screen_section=&#8220;no&#8220; type=&#8220;full_width&#8220; text_align=&#8220;left&#8220; css_animation=&#8220;&#8220; css=&#8220;.vc_custom_1486656312563&#8220; el_id=&#8220;events&#8220;][vc_column][vc_empty_space height=&#8220;3em&#8220;][vc_column_text]<\/p>\n<h1 style=\"text-align: center; font-size: 25px; letter-spacing: 0.05em;\"><span style=\"color: #873003;\">Toskana Tango Reise f\u00fcr Singles!<\/span><\/h1>\n<p>[\/vc_column_text][vc_empty_space height=&#8220;3em&#8220;][vc_column_text]<\/p>\n<h1 style=\"text-align: center; font-size: 25px; letter-spacing: 0.05em;\"><span style=\"color: #873003;\">18. bis 22. Oktober 2025<\/span><\/h1>\n<p>[\/vc_column_text][vc_empty_space height=&#8220;3em&#8220;][\/vc_column][\/vc_row][vc_row row_type=&#8220;row&#8220; use_row_as_full_screen_section=&#8220;no&#8220; type=&#8220;full_width&#8220; text_align=&#8220;left&#8220; css_animation=&#8220;&#8220;][vc_column][vc_empty_space height=&#8220;3em&#8220;]<a href=\"mailto:tango@urquiza.com?subject=Volterra Tango f\u00fcr Singles\" target=\"_self\"  class=\"qbutton  big_large_full_width move_icon white\" style=\"font-style: normal; border-radius: 10px;-moz-border-radius: 10px;-webkit-border-radius: 10px; background-color: #873003;\">Volterra Tango Reise buchen!<\/a>[\/vc_column][\/vc_row][vc_row row_type=&#8220;row&#8220; use_row_as_full_screen_section=&#8220;no&#8220; type=&#8220;full_width&#8220; text_align=&#8220;left&#8220; css_animation=&#8220;&#8220; css=&#8220;.vc_custom_1484221351704{background-color: #f2f2f2 !important;}&#8220;][vc_column][vc_column_text css=&#8220;.vc_custom_1734536768135{padding-top: 40px !important;padding-right: 20px !important;padding-bottom: 40px !important;padding-left: 20px !important;}&#8220;]<\/p>\n<h2 style=\"text-align: left;\"><span style=\"color: #000000;\">Herbst Tango Reise f\u00fcr Singles in der Toskana!<\/span><\/h2>\n<p>&nbsp;<\/p>\n<p style=\"text-align: left; color: #000000; font-size: 1.5em; line-height: 1.5em;\"><strong><span lang=\"de\">PROGRAMM- UND REISEZEITEN:<\/span><\/strong><\/p>\n<p>&nbsp;<\/p>\n<p style=\"text-align: left; color: #000000; font-size: 1.5em; line-height: 1.5em;\"><span lang=\"de\">Vom 18.10 (am Abend) bis zum 22.10 (Mittag) lernen und vertiefen wir unseren Tango gemeinsam im wundersch\u00f6nen Residenz-Saal. Viel Zeit steht euch zur freien Verf\u00fcgung um die Sch\u00e4tze der Toskana zu entdecken! Ob Wein Degustation, Theater Besuche, Spazierg\u00e4nge in der Natur oder antike Kunst und Kultur erleben: kaum eine Region bietet so viel, so nah und so sch\u00f6n an!\u00a0<\/span><\/p>\n<p style=\"text-align: left; color: #000000; font-size: 1.5em; line-height: 1.5em;\"><span lang=\"de\">Nat\u00fcrlich k\u00f6nnt ihr l\u00e4nger bleiben um Volterra und die ganze Region in Ruhe zu genie\u00dfen. Gerne geben wir euch Empfehlungen.<\/span><\/p>\n<p>&nbsp;<\/p>\n<p>&nbsp;<\/p>\n<p style=\"text-align: left; color: #000000; font-size: 1.5em; line-height: 1.5em;\"><strong><span lang=\"de\">DIENSTLEISTUNGEN IM PAKET:<\/span><\/strong><\/p>\n<p>&nbsp;<\/p>\n<p>&nbsp;<\/p>\n<p style=\"text-align: left; color: #000000; font-size: 1.5em; line-height: 1.5em;\"><span lang=\"de\">Vertiefe Deinen Tango:<br \/>\nDie gezielte und ungest\u00f6rte Arbeit in der eigenen Rolle kommt manchmal zu kurz im regul\u00e4ren Tango Unterricht. Viele Freunde und Sch\u00fclerInnen freuen sich immer wieder, ohne Partner, daf\u00fcr mit fundierter professioneller Betreuung die eigene Bewegungsqualit\u00e4t zu erweitern &#8211; daf\u00fcr haben wir f\u00fcr euch diese gemeinsame Zeit geplant! Und vielleicht wir die &#8222;andere&#8220; Rolle auch ausprobiert \ud83d\ude42<\/span><\/p>\n<p style=\"text-align: left; color: #000000; font-size: 1.5em; line-height: 1.5em;\"><span lang=\"de\">F\u00fcr F\u00fchrende und Folgende, f\u00fcr alle, die Tango lieben und neugierig sind!<\/span><\/p>\n<p>&nbsp;<\/p>\n<p style=\"text-align: left; color: #000000; font-size: 1.5em; line-height: 1.5em;\"><span lang=\"de\">Lerne Tango:<br \/>\n<\/span><span lang=\"de\">Insgesamt 12 Unterrichtseinheiten (a 45 Minuten), geteilt in 2 Unterrichtsstunden am Nachmittag und einer freien Practica am Abend. Wir unterrichten in kleinen Gruppen und bei Bedarf bieten wir unterschiedliche Uhrzeiten an.<\/span><\/p>\n<p style=\"text-align: left; color: #000000; font-size: 1.5em; line-height: 1.5em;\"><span lang=\"de\">Wir werden intensiv lernen und wichtige Themen vertiefen. W\u00e4hrend des Unterrichts seid ihr zu alkoholfreien Getr\u00e4nken und italienischen Snacks eingeladen.<\/span><\/p>\n<p>&nbsp;<\/p>\n<p style=\"text-align: left; color: #000000; font-size: 1.5em; line-height: 1.5em;\"><span lang=\"de\">Tanz Tango:<br \/>\n<\/span><span lang=\"de\">Das freie \u00dcben im wundersch\u00f6nen Renaissance-Palast Ricciarelli Dello Sbarba, bei typischen Getr\u00e4nken, S\u00fc\u00dfigkeiten und Snacks aufs Haus, ist ebenfalls geplant. Und Open Air Tanzen kann auch spontan nach Wetterlage organisiert werden&#8230;<\/span><\/p>\n<p>&nbsp;<\/p>\n<p>&nbsp;<\/p>\n<p style=\"text-align: left; color: #000000; font-size: 1.5em; line-height: 1.5em;\"><span lang=\"de\"><strong>PROGRAMM IM DETAIL:<\/strong><\/span><\/p>\n<p style=\"text-align: left; color: #000000; font-size: 1.5em; line-height: 1.5em;\"><span lang=\"de\">18. Oktober: ab ca. 19:00 Uhr Aperitiv im <a href=\"https:\/\/www.incontrobarvolterra.it\/\">&#8222;L&#8217;incontro&#8220;<\/a> zum Kennenlernen und die gemeinsame Zeit einstimmen, <\/span><\/p>\n<p style=\"text-align: left; color: #000000; font-size: 1.5em; line-height: 1.5em;\"><span lang=\"de\">dann erste Practica, ab ca. 20:30, wir zeigen euch wo der Unterricht stattfindet und wir k\u00f6nnen uns auch t\u00e4nzerisch kennenlernen \ud83d\ude42\u00a0<\/span><\/p>\n<p style=\"text-align: left; color: #000000; font-size: 1.5em; line-height: 1.5em;\"><span lang=\"de\">19. bis 22. Oktober: Unterricht in kleiner Gruppe, am Nachmittag und am Abend. <\/span><\/p>\n<p style=\"text-align: left; color: #000000; font-size: 1.5em; line-height: 1.5em;\"><span lang=\"de\">22. Oktober: gemeinsamer Abschluss-Brunch<\/span><\/p>\n<p>&nbsp;<\/p>\n<p style=\"text-align: left; color: #000000; font-size: 1.5em; line-height: 1.5em;\"><span lang=\"de\">Wir werden folgende Themen sehen: <\/span><\/p>\n<p style=\"text-align: left; color: #000000; font-size: 1.5em; line-height: 1.5em;\"><span lang=\"de\">&#8211; F\u00fchren und Folgen besser verstehen (einzeln und in der Gruppe)<\/span><\/p>\n<p style=\"text-align: left; color: #000000; font-size: 1.5em; line-height: 1.5em;\"><span lang=\"de\">&#8211; Tango Technik (im Stehen, mit und ohne Schuhe)<\/span><\/p>\n<p style=\"text-align: left; color: #000000; font-size: 1.5em; line-height: 1.5em;\"><span lang=\"de\">&#8211; Yin Yoga Stellungen f\u00fcr Tango T\u00e4nzerInnen (auf der Matte)<\/span><\/p>\n<p style=\"text-align: left; color: #000000; font-size: 1.5em; line-height: 1.5em;\"><span lang=\"de\">&#8211; Progressive Tango Technik (im Stehen und auf der Matte, mit B\u00e4ndern und B\u00e4llen) <\/span><\/p>\n<p style=\"text-align: left; color: #000000; font-size: 1.5em; line-height: 1.5em;\"><span lang=\"de\">&#8211; Musikalit\u00e4t im Tango und Milonga<\/span><\/p>\n<p>&nbsp;<\/p>\n<p>&nbsp;<\/p>\n<p style=\"text-align: left; color: #000000; font-size: 1.5em; line-height: 1.5em;\"><span lang=\"de\">Zus\u00e4tzlich nach Wunsch und spontaner Verabredung: <\/span><\/p>\n<ul>\n<li style=\"text-align: left; color: #000000; font-size: 1.5em; line-height: 1.5em;\"><span lang=\"de\">Tango Kino-Abend <\/span><\/li>\n<li style=\"text-align: left; color: #000000; font-size: 1.5em; line-height: 1.5em;\"><span lang=\"de\">Gemeinsames Abendessen <\/span><\/li>\n<li style=\"text-align: left; color: #000000; font-size: 1.5em; line-height: 1.5em;\"><span lang=\"de\">Spontanes Open Air Tanzen<\/span><\/li>\n<li style=\"text-align: left; color: #000000; font-size: 1.5em; line-height: 1.5em;\"><span lang=\"de\">Fahrt nach Siena<\/span><\/li>\n<li style=\"text-align: left; color: #000000; font-size: 1.5em; line-height: 1.5em;\"><span lang=\"de\">Spaziergang durch Volterra\u00a0<\/span><\/li>\n<\/ul>\n<p>&nbsp;<\/p>\n<p>&nbsp;<\/p>\n<p style=\"text-align: left; color: #000000; font-size: 1.5em; line-height: 1.5em;\"><strong>PREIS<\/strong>:<\/p>\n<p>&nbsp;<\/p>\n<p style=\"text-align: left; color: #000000; font-size: 1.5em; line-height: 1.5em;\"><span lang=\"de\">250 \u20ac \/ Person<br \/>\nPrivatunterricht kann zus\u00e4tzlich vor Ort gebucht werden.<\/span><\/p>\n<p>&nbsp;<\/p>\n<p>&nbsp;<\/p>\n<p style=\"text-align: left; color: #000000; font-size: 1.5em; line-height: 1.5em;\"><strong>\u00dcBERNACHTUNG:<\/strong><\/p>\n<p>&nbsp;<\/p>\n<p style=\"text-align: left; color: #000000; font-size: 1.5em; line-height: 1.5em;\"><span lang=\"de\">Wir sind im Kontakt mit dem Hotel Etruria in Volterra (3 Sterne) und k\u00f6nnen gerne bei Bedarf bei der Vermittlung mitwirken. Der nette Familienbetrieb freut sich auf euch!<br \/>\nF\u00fcr Fragen und weitere Empfehlungen stehen wir zur Verf\u00fcgung.\u00a0<\/span><\/p>\n<p>&nbsp;<\/p>\n<p style=\"text-align: left; color: #000000; font-size: 1.5em; line-height: 1.5em;\"><strong><span lang=\"de\">VERANSTALTUNGSORT: <\/span><\/strong><\/p>\n<p style=\"text-align: left; color: #000000; font-size: 1.5em; line-height: 1.5em;\"><span lang=\"de\">Residenza Ricciarelli dello Sbarba, 1. Etage, <\/span><\/p>\n<p style=\"text-align: left; color: #000000; font-size: 1.5em; line-height: 1.5em;\"><span lang=\"de\">Via Ricciarelli 32, Volterra<\/span><\/p>\n<p>&nbsp;<\/p>\n<p style=\"text-align: left; color: #000000; font-size: 1.5em; line-height: 1.5em;\"><strong>ANKUNFT:<\/strong><\/p>\n<p>&nbsp;<\/p>\n<p style=\"text-align: left; color: #000000; font-size: 1.5em; line-height: 1.5em;\"><span lang=\"de\">Volterra kann \u00fcber Pisa mit dem Flugzeug erreicht werden. Vom Flughafen-Pisa k\u00f6nnt ihr ein Auto mieten, alternativ Bus und Bahn nehmen, oder euch vom Hotel oder einem anderen Abholdienst abholen lassen. Gerne helfen wir euch bei Kontaktieren solcher Dienste.\u00a0<\/span><\/p>\n<p>[\/vc_column_text][\/vc_column][\/vc_row][vc_row gap=&#8220;4&#8243; row_type=&#8220;row&#8220; use_row_as_full_screen_section=&#8220;no&#8220; type=&#8220;full_width&#8220; text_align=&#8220;left&#8220; css_animation=&#8220;&#8220; css=&#8220;.vc_custom_1565105570813{padding-right: 60px !important;padding-left: 60px !important;background-color: #ffffff !important;}&#8220;][vc_column][vc_empty_space height=&#8220;3em&#8220;][\/vc_column][\/vc_row][vc_row row_type=&#8220;row&#8220; use_row_as_full_screen_section=&#8220;no&#8220; type=&#8220;full_width&#8220; text_align=&#8220;left&#8220; css_animation=&#8220;&#8220;][vc_column][vc_gallery type=&#8220;image_grid&#8220; images=&#8220;24714,24711,24713,24710,24708,24707,24697,24706,24700,24701,24705,24699,24698,24712,24696&#8243; img_size=&#8220;large&#8220; onclick=&#8220;&#8220; column_number=&#8220;3&#8243; grayscale=&#8220;no&#8220; space_between_images=&#8220;no&#8220;][\/vc_column][\/vc_row][vc_row row_type=&#8220;row&#8220; use_row_as_full_screen_section=&#8220;no&#8220; type=&#8220;full_width&#8220; text_align=&#8220;left&#8220; css_animation=&#8220;&#8220; css=&#8220;.vc_custom_1486732732826{background-color: #f2f2f2 !important;}&#8220;][vc_column][\/vc_column][\/vc_row]<\/p>\n<\/div>","protected":false},"excerpt":{"rendered":"<p>[vc_row row_type=&#8220;row&#8220; use_row_as_full_screen_section=&#8220;no&#8220; type=&#8220;full_width&#8220; text_align=&#8220;left&#8220; css_animation=&#8220;&#8220; css=&#8220;.vc_custom_1486656312563&#8220; el_id=&#8220;events&#8220;][vc_column][vc_empty_space height=&#8220;3em&#8220;][vc_column_text] Toskana Tango Reise f\u00fcr Singles! [\/vc_column_text][vc_empty_space height=&#8220;3em&#8220;][vc_column_text] 18. bis 22. Oktober 2025 [\/vc_column_text][vc_empty_space height=&#8220;3em&#8220;][\/vc_column][\/vc_row][vc_row row_type=&#8220;row&#8220; use_row_as_full_screen_section=&#8220;no&#8220; type=&#8220;full_width&#8220; text_align=&#8220;left&#8220; css_animation=&#8220;&#8220;][vc_column][vc_empty_space height=&#8220;3em&#8220;][\/vc_column][\/vc_row][vc_row row_type=&#8220;row&#8220; use_row_as_full_screen_section=&#8220;no&#8220; type=&#8220;full_width&#8220; text_align=&#8220;left&#8220; css_animation=&#8220;&#8220; css=&#8220;.vc_custom_1484221351704{background-color: #f2f2f2 !important;}&#8220;][vc_column][vc_column_text css=&#8220;.vc_custom_1734536768135{padding-top: 40px !important;padding-right: 20px !important;padding-bottom: 40px !important;padding-left: 20px&#8230;<\/p>\n","protected":false},"author":1,"featured_media":0,"parent":0,"menu_order":0,"comment_status":"open","ping_status":"closed","template":"full_width.php","meta":{"footnotes":""},"class_list":["post-29389","page","type-page","status-publish","hentry"],"_links":{"self":[{"href":"https:\/\/urquiza.com\/index.php\/wp-json\/wp\/v2\/pages\/29389","targetHints":{"allow":["GET"]}}],"collection":[{"href":"https:\/\/urquiza.com\/index.php\/wp-json\/wp\/v2\/pages"}],"about":[{"href":"https:\/\/urquiza.com\/index.php\/wp-json\/wp\/v2\/types\/page"}],"author":[{"embeddable":true,"href":"https:\/\/urquiza.com\/index.php\/wp-json\/wp\/v2\/users\/1"}],"replies":[{"embeddable":true,"href":"https:\/\/urquiza.com\/index.php\/wp-json\/wp\/v2\/comments?post=29389"}],"version-history":[{"count":15,"href":"https:\/\/urquiza.com\/index.php\/wp-json\/wp\/v2\/pages\/29389\/revisions"}],"predecessor-version":[{"id":31138,"href":"https:\/\/urquiza.com\/index.php\/wp-json\/wp\/v2\/pages\/29389\/revisions\/31138"}],"wp:attachment":[{"href":"https:\/\/urquiza.com\/index.php\/wp-json\/wp\/v2\/media?parent=29389"}],"curies":[{"name":"wp","href":"https:\/\/api.w.org\/{rel}","templated":true}]}}