{"id":28980,"date":"2023-04-30T23:54:59","date_gmt":"2023-04-30T21:54:59","guid":{"rendered":"https:\/\/urquiza.com\/?page_id=28980"},"modified":"2025-01-12T13:38:23","modified_gmt":"2025-01-12T12:38:23","slug":"news-2","status":"publish","type":"page","link":"https:\/\/urquiza.com\/index.php\/news-2\/?lang=en","title":{"rendered":"Lavinia"},"content":{"rendered":"<div class=\"wpb-content-wrapper\"><p>[vc_row row_type=&#8220;row&#8220; use_row_as_full_screen_section=&#8220;no&#8220; type=&#8220;full_width&#8220; text_align=&#8220;left&#8220; css_animation=&#8220;&#8220; css=&#8220;.vc_custom_1549461507499&#8220;][vc_column][vc_column_text css=&#8220;.vc_custom_1629681315332{padding-top: 1px !important;padding-right: 20px !important;padding-bottom: 1px !important;padding-left: 20px !important;}&#8220;]<\/p>\n<h2 style=\"text-align: center; font-size: 25px; letter-spacing: 0.05em;\"><span style=\"color: #873003;\">Career path<\/span><\/h2>\n<p>[\/vc_column_text][vc_empty_space height=&#8220;9em&#8220;][\/vc_column][\/vc_row][vc_row row_type=&#8220;row&#8220; use_row_as_full_screen_section=&#8220;no&#8220; type=&#8220;full_width&#8220; text_align=&#8220;left&#8220; css_animation=&#8220;&#8220; css=&#8220;.vc_custom_1503187432111{background-color: #f2f2f2 !important;}&#8220;][vc_column width=&#8220;1\/2&#8243;][vc_column_text css=&#8220;.vc_custom_1733817111148{padding-top: 40px !important;padding-right: 20px !important;padding-bottom: 40px !important;padding-left: 20px !important;}&#8220;]<\/p>\n<h3 style=\"text-align: left;\"><span style=\"color: #000000;\">Lavinia&#8217;s career path as a Tango Argentino Artist<\/span><\/h3>\n<p>&nbsp;<\/p>\n<p style=\"font-size: 150%; line-height: 1.5em; text-align: left;\"><span style=\"color: #000000;\">Lavinia Torrebruno comes from Rome and works with a main focus in Germany and Italy as a dancer and dance teacher of Tango Argentino as well as supporting the artistic productions for Urquiza Tango Productions. <\/span><\/p>\n<p style=\"font-size: 150%; line-height: 1.5em; text-align: left;\"><span style=\"color: #000000;\">In her Italian homeland, Lavinia performed various years as an actress and singer on many stages, including the Teatro Quirino and Teatro Valle in Rome and the Greek theatre of Palazzolo Acreide in Sicily. <\/span><\/p>\n<p style=\"font-size: 150%; line-height: 1.5em; text-align: left;\"><span style=\"color: #000000;\">From 2014 onwards, she has dedicated herself completely to Argentine tango in Berlin. In the <a href=\"https:\/\/urquiza.com\/index.php\/2018\/04\/16\/what-does-urquiza-mean\/?lang=en\">Urquiza-Style<\/a> she found her artistic home after only a few months. <\/span><\/p>\n<p style=\"font-size: 150%; line-height: 1.5em; text-align: left;\"><span style=\"color: #000000;\">She began her training as a tango dancer here immediately, guided by Chiche N\u00fa\u00f1ez and with the support of Ester Duarte.<\/span><\/p>\n<p style=\"font-size: 150%; line-height: 1.5em; text-align: left;\"><span style=\"color: #000000;\">She has been working professionally as a dancer since 2021 and accompanies Chiche in joint projects and shows at home and abroad. <\/span><\/p>\n<p>&nbsp;<\/p>\n<p style=\"font-size: 150%; line-height: 1.5em; text-align: left;\"><span style=\"color: #000000;\">Excerpt of her latest productions: <\/span><\/p>\n<p>&nbsp;<\/p>\n<p style=\"font-size: 150%; line-height: 1.5em; text-align: left;\"><span style=\"color: #000000;\">Solist performance in the Shows <a href=\"https:\/\/pfefferberg-theater.de\/spielplan\/kalender\/\">&#8222;From Borges to Piazzolla&#8220;<\/a> at Theater Pfefferberg in Berlin, December 2024<\/span><\/p>\n<p>&nbsp;<\/p>\n<p style=\"font-size: 150%; line-height: 1.5em; text-align: left;\"><span style=\"color: #000000;\">Exibition at the Tango Weekend in Linz, Austria, April 2024<\/span><\/p>\n<p>&nbsp;<\/p>\n<p style=\"font-size: 150%; line-height: 1.5em; text-align: left;\"><span style=\"color: #000000;\">Perfomances and Direction for the Theater Project &#8222;<a href=\"https:\/\/youtu.be\/ZOfSDduPTUA?si=29LO8_K4ueccpM7O\">Das Geheime Wunder<\/a>&#8222;, March-April 2024<\/span><\/p>\n<p>&nbsp;<\/p>\n<p style=\"font-size: 150%; line-height: 1.5em; text-align: left;\"><span style=\"color: #000000;\">Main act as first dancer at Theater Plauen-Zwickau, Oscar Gala and Ball, February 2024<\/span><\/p>\n<p>&nbsp;<\/p>\n<p style=\"font-size: 150%; line-height: 1.5em; text-align: left;\"><span style=\"color: #000000;\"><a href=\"https:\/\/www.jmberlin.de\/milonga-lange-nacht-der-museen-2023\">Dance performance and lecture at the Jewish Museum<\/a> in Berlin, August 2023<\/span><\/p>\n<p>&nbsp;<\/p>\n<p style=\"font-size: 150%; line-height: 1.5em; text-align: left;\"><span style=\"color: #000000;\">Soloist performance in the play <a href=\"https:\/\/www.teatroromanovolterra.it\/Spettacoli\/263\/noche-de-tango-.aspx\">&#8222;De Borges a Piazzolla &#8211; Noche de Tango&#8220;<\/a> at the International Theater Festival in Volterra, Tuscany, Italy July 2023<\/span><\/p>\n<p>&nbsp;<\/p>\n<p style=\"font-size: 150%; line-height: 1.5em; text-align: left;\"><span style=\"color: #000000;\">Dance performance at the Centro 25 de Mayo theater in Buenos Aires, Argentina, July 2023<\/span><\/p>\n<p>&nbsp;<\/p>\n<p style=\"font-size: 150%; line-height: 1.5em; text-align: left;\"><span style=\"color: #000000;\">Dance performance and additional scenes in the documentary <a href=\"https:\/\/www.youtube.com\/watch?v=Cjm3_jj1IIY\">&#8222;Tango mit dem Wolf&#8220;<\/a> by Gonzo Pictures, May 2023<\/span><\/p>\n<p>&nbsp;<\/p>\n<p style=\"font-size: 150%; line-height: 1.5em; text-align: left;\"><span style=\"color: #000000;\">Dance performance for the Konrad Adenauer Foundation in Berlin as part of the <a href=\"https:\/\/www.kas.de\/de\/web\/begabtenfoerderung-und-kultur\/kultur\/veranstaltungen\/detail\/-\/content\/hommage-fuer-hortensia-voelckers\">event honoring Hortensia V\u00f6lkers,<\/a><\/span> <span style=\"color: #000000;\">March 2023<\/span> <\/p>\n<p>&nbsp;<\/p>\n<p style=\"font-size: 150%; line-height: 1.5em; text-align: left;\"><span style=\"color: #000000;\">Dance appearance in the documentary <a href=\"https:\/\/www.youtube.com\/watch?v=7-flEMViCpE\">&#8222;A Dancer&#8217;s Day&#8220;<\/a> June 2022, Urquiza Tango Productions <\/span><\/p>\n<p>&nbsp;<\/p>\n<p style=\"font-size: 150%; line-height: 1.5em; text-align: left;\"><span style=\"color: #000000;\">Art project &#8222;<a href=\"https:\/\/www.youtube.com\/watch?v=rukwobkZVcU&amp;t=63s\">RAW &#8211; a tango quest<\/a>&#8220; as part of the artist residency at Chateau de Montelon, France, April 2022<\/span><\/p>\n<p>&nbsp;<\/p>\n<p style=\"font-size: 150%; line-height: 1.5em; text-align: left;\"><span style=\"color: #000000;\">Solist-Performance in the Concert &#8222;Buenos Aires i Jul&#8220; in the Theater Sentralen in Oslo, December 2021<\/span><\/p>\n<p>&nbsp;<\/p>\n<p style=\"font-size: 150%; line-height: 1.5em; text-align: left;\"><span style=\"color: #000000;\">Solist-Performance in the Concert for the <a href=\"https:\/\/www.youtube.com\/watch?v=xCmaNkO_o14\">100 Years of Astor Piazzolla<\/a> in Norway, Broadcasting on NRK (2021) <\/span><\/p>\n<p>[\/vc_column_text][\/vc_column][vc_column width=&#8220;1\/2&#8243;][vc_single_image image=&#8220;28984&#8243; img_size=&#8220;full&#8220; alignment=&#8220;right&#8220; qode_css_animation=&#8220;&#8220;][\/vc_column][\/vc_row][vc_row row_type=&#8220;row&#8220; use_row_as_full_screen_section=&#8220;no&#8220; type=&#8220;full_width&#8220; text_align=&#8220;left&#8220; css_animation=&#8220;&#8220; css=&#8220;.vc_custom_1549461507499&#8220;][vc_column][vc_empty_space height=&#8220;9em&#8220;][\/vc_column][\/vc_row][vc_row row_type=&#8220;row&#8220; use_row_as_full_screen_section=&#8220;no&#8220; type=&#8220;full_width&#8220; text_align=&#8220;left&#8220; css_animation=&#8220;&#8220; css=&#8220;.vc_custom_1549461507499&#8220;][vc_column][vc_empty_space height=&#8220;9em&#8220;][vc_column_text css=&#8220;.vc_custom_1629796312451{padding-top: 1px !important;padding-right: 20px !important;padding-bottom: 1px !important;padding-left: 20px !important;}&#8220;]<\/p>\n<h2 style=\"text-align: center; font-size: 25px; letter-spacing: 0.05em;\"><span style=\"color: #873003;\"><span style=\"caret-color: #873003;\">Dance performances<\/span><\/span><\/h2>\n<p>[\/vc_column_text][vc_empty_space height=&#8220;9em&#8220;][\/vc_column][\/vc_row][vc_row row_type=&#8220;row&#8220; use_row_as_full_screen_section=&#8220;no&#8220; type=&#8220;full_width&#8220; text_align=&#8220;left&#8220; css_animation=&#8220;&#8220; css=&#8220;.vc_custom_1503187432111{background-color: #f2f2f2 !important;}&#8220;][vc_column][vc_column_text css=&#8220;.vc_custom_1649121302456{padding-top: 40px !important;padding-right: 20px !important;padding-bottom: 40px !important;padding-left: 20px !important;}&#8220;]<\/p>\n<h4 style=\"text-align: center;\"><span style=\"color: #000000;\">Lavinia and Chiche N\u00fa\u00f1ez&#8217;s latest video is here! <\/span><\/h4>\n<p>[\/vc_column_text][vc_video link=&#8220;https:\/\/youtu.be\/ZOfSDduPTUA?si=29LO8_K4ueccpM7O&#8220; align=&#8220;center&#8220;][vc_column_text css=&#8220;.vc_custom_1713365588576{padding-top: 40px !important;padding-right: 20px !important;padding-bottom: 40px !important;padding-left: 20px !important;}&#8220;]<\/p>\n<h4 style=\"text-align: left;\"><span style=\"color: #000000;\">Lavinia &amp; Chiche<\/span><\/h4>\n<p style=\"font-size: 150%; line-height: 1.5em; text-align: left;\"><span style=\"color: #000000;\">The Videoclip was taken in April 2024 in Chateau de Montelon, Franche and produced in Berlin by Urquiza Tango Productions. Der Auftritt ist Teil der geplanten Inszenierung der Erz\u00e4hlung &#8222;The Secret Miracle&#8220; vom argentinischen Schriftsteller Jorge Lu\u00eds Borges.<br \/>\nLavinia und Chiche N\u00fa\u00f1ez tanzen zur Musik von An\u00edbal Troilo, La Cumparsita, in der Tradition des Urquiza-Stil.<\/span><\/p>\n<p>[\/vc_column_text][vc_video link=&#8220;https:\/\/www.youtube.com\/watch?v=rukwobkZVcU&amp;t=63s&#8220; align=&#8220;center&#8220;][vc_column_text css=&#8220;.vc_custom_1692110135074{padding-top: 40px !important;padding-right: 20px !important;padding-bottom: 40px !important;padding-left: 20px !important;}&#8220;]<\/p>\n<h4 style=\"text-align: left;\"><span style=\"color: #000000;\">Lavinia &amp; Chiche<\/span><\/h4>\n<p style=\"font-size: 150%; line-height: 1.5em; text-align: left;\"><span style=\"color: #000000;\">Videoclip from April 2022 at Chateau de Montelon, France gedreht and produced in Berlin by Urquiza Tango Productions.<br \/>\nLavinia and Chiche N\u00fa\u00f1ez dance De Angelis, La Cumparsita, in the Tradition of the Urquiza-Style.<\/span><\/p>\n<p>[\/vc_column_text][vc_video link=&#8220;https:\/\/youtu.be\/8Msv5kogQFc&#8220; align=&#8220;center&#8220;][vc_column_text css=&#8220;.vc_custom_1649121320388{padding-top: 40px !important;padding-right: 20px !important;padding-bottom: 40px !important;padding-left: 20px !important;}&#8220;]<\/p>\n<h4 style=\"text-align: left;\"><span style=\"color: #000000;\">Lavinia &amp; Chiche<\/span><\/h4>\n<p style=\"font-size: 150%; line-height: 1.5em; text-align: left;\"><span style=\"color: #000000;\">Videoclip from February 2022 in the city of Volterra, Tuscany, Italy and produced March 2022 in Berlin by Urquiza Tango Productions (www.urquiza.com).<br \/>\nLavinia and Chiche N\u00fa\u00f1ez dance Anibal Troilo B.B., in the Tradition of the Urquiza-Style of Chiche\u00b4s teacher Jos\u00e9 Brahemcha.<\/span><\/p>\n<p>[\/vc_column_text][\/vc_column][\/vc_row][vc_row row_type=&#8220;row&#8220; use_row_as_full_screen_section=&#8220;no&#8220; type=&#8220;full_width&#8220; text_align=&#8220;left&#8220; css_animation=&#8220;&#8220; css=&#8220;.vc_custom_1503187432111{background-color: #f2f2f2 !important;}&#8220;][vc_column][vc_video link=&#8220;https:\/\/youtu.be\/7-flEMViCpE&#8220; align=&#8220;center&#8220;][vc_column_text css=&#8220;.vc_custom_1682891177646{padding-top: 40px !important;padding-right: 20px !important;padding-bottom: 40px !important;padding-left: 20px !important;}&#8220;]<\/p>\n<h4 style=\"text-align: left;\"><span style=\"color: #000000;\">Lavinia &amp; Chiche<\/span><\/h4>\n<p style=\"font-size: 150%; line-height: 1.5em; text-align: left;\"><span style=\"color: #000000;\">Lavinia dances and trains Tango in the short documentary &#8222;A Dancer&#8217;s Day&#8220;.<\/span><\/p>\n<p>[\/vc_column_text][\/vc_column][\/vc_row][vc_row row_type=&#8220;row&#8220; use_row_as_full_screen_section=&#8220;no&#8220; type=&#8220;full_width&#8220; text_align=&#8220;left&#8220; css_animation=&#8220;&#8220; css=&#8220;.vc_custom_1503187432111{background-color: #f2f2f2 !important;}&#8220;][vc_column][vc_video link=&#8220;https:\/\/youtu.be\/xCmaNkO_o14&#8243; align=&#8220;center&#8220;][vc_column_text css=&#8220;.vc_custom_1677758917458{padding-top: 40px !important;padding-right: 20px !important;padding-bottom: 40px !important;padding-left: 20px !important;}&#8220;]<\/p>\n<h4 style=\"text-align: left;\"><span style=\"color: #000000;\">Lavinia &amp; Chiche<\/span><\/h4>\n<p style=\"font-size: 150%; line-height: 1.5em; text-align: left;\"><span style=\"color: #000000;\">Lavinia and Chiche N\u00fa\u00f1ez dance the tango &#8222;Canaro in Par\u00eds&#8220; as a supporting act in the Norwegian city of Trondheim, with the music of the Trondheimsolistene, and violinist Atle Sponberg and bandonist \u00c5sbj\u00f8rg Ryeng as soloists.<\/span><\/p>\n<p>[\/vc_column_text][\/vc_column][\/vc_row][vc_row row_type=&#8220;row&#8220; use_row_as_full_screen_section=&#8220;no&#8220; type=&#8220;full_width&#8220; text_align=&#8220;left&#8220; css_animation=&#8220;&#8220; css=&#8220;.vc_custom_1542814833944{background-color: #f2f2f2 !important;}&#8220;][vc_column][vc_empty_space height=&#8220;4em&#8220;][\/vc_column][\/vc_row][vc_row row_type=&#8220;row&#8220; use_row_as_full_screen_section=&#8220;no&#8220; type=&#8220;full_width&#8220; text_align=&#8220;left&#8220; css_animation=&#8220;&#8220;][vc_column]<a href=\"http:\/\/eepurl.com\/dLMk1w\" target=\"_self\" data-hover-background-color=rgba(135,48,3,0.5)  class=\"qbutton  big_large_full_width move_icon white\" style=\"font-style: normal; border-radius: 10px;-moz-border-radius: 10px;-webkit-border-radius: 10px; background-color: #bf641e;\">Subscribe to our newsletter<\/a>[\/vc_column][\/vc_row][vc_row row_type=&#8220;row&#8220; use_row_as_full_screen_section=&#8220;no&#8220; type=&#8220;full_width&#8220; text_align=&#8220;left&#8220; css_animation=&#8220;&#8220; css=&#8220;.vc_custom_1549461507499&#8220;][vc_column][vc_empty_space height=&#8220;3em&#8220;][vc_column_text css=&#8220;.vc_custom_1628444427504{padding-top: 1px !important;padding-right: 20px !important;padding-bottom: 1px !important;padding-left: 20px !important;}&#8220;]<\/p>\n<h2 style=\"text-align: center; font-size: 25px; letter-spacing: 0.05em;\"><span style=\"color: #873003;\">&#8222;Funded by the Federal Government Commissioner for Culture and Media in the PROGRAMME NEUSTART KULTUR, DIS-TANZEN aid program of the DACHVERBAND TANZ DEUTSCHLAND.&#8220;<\/span><\/h2>\n<p>[\/vc_column_text][vc_empty_space height=&#8220;3em&#8220;][\/vc_column][\/vc_row][vc_row row_type=&#8220;row&#8220; use_row_as_full_screen_section=&#8220;no&#8220; type=&#8220;full_width&#8220; text_align=&#8220;left&#8220; css_animation=&#8220;&#8220; css=&#8220;.vc_custom_1560772895067{background-color: #ffffff !important;}&#8220;][vc_column width=&#8220;1\/3&#8243;][vc_empty_space height=&#8220;3em&#8220;][vc_single_image image=&#8220;27274&#8243; alignment=&#8220;center&#8220; qode_css_animation=&#8220;&#8220;][vc_empty_space height=&#8220;6em&#8220;][\/vc_column][vc_column width=&#8220;1\/3&#8243;][vc_single_image image=&#8220;27272&#8243; img_size=&#8220;large&#8220; alignment=&#8220;center&#8220; qode_css_animation=&#8220;&#8220;][\/vc_column][vc_column width=&#8220;1\/3&#8243;][vc_empty_space height=&#8220;6em&#8220;][vc_single_image image=&#8220;27278&#8243; img_size=&#8220;medium&#8220; alignment=&#8220;center&#8220; qode_css_animation=&#8220;&#8220;][\/vc_column][\/vc_row]<\/p>\n<\/div>","protected":false},"excerpt":{"rendered":"<p>[vc_row row_type=&#8220;row&#8220; use_row_as_full_screen_section=&#8220;no&#8220; type=&#8220;full_width&#8220; text_align=&#8220;left&#8220; css_animation=&#8220;&#8220; css=&#8220;.vc_custom_1549461507499&#8220;][vc_column][vc_column_text css=&#8220;.vc_custom_1629681315332{padding-top: 1px !important;padding-right: 20px !important;padding-bottom: 1px !important;padding-left: 20px !important;}&#8220;] Career path [\/vc_column_text][vc_empty_space height=&#8220;9em&#8220;][\/vc_column][\/vc_row][vc_row row_type=&#8220;row&#8220; use_row_as_full_screen_section=&#8220;no&#8220; type=&#8220;full_width&#8220; text_align=&#8220;left&#8220; css_animation=&#8220;&#8220; css=&#8220;.vc_custom_1503187432111{background-color: #f2f2f2 !important;}&#8220;][vc_column width=&#8220;1\/2&#8243;][vc_column_text css=&#8220;.vc_custom_1733817111148{padding-top: 40px !important;padding-right: 20px !important;padding-bottom: 40px !important;padding-left: 20px !important;}&#8220;] Lavinia&#8217;s career path as a Tango Argentino&#8230;<\/p>\n","protected":false},"author":1,"featured_media":0,"parent":0,"menu_order":0,"comment_status":"closed","ping_status":"closed","template":"full_width.php","meta":{"footnotes":""},"class_list":["post-28980","page","type-page","status-publish","hentry"],"_links":{"self":[{"href":"https:\/\/urquiza.com\/index.php\/wp-json\/wp\/v2\/pages\/28980","targetHints":{"allow":["GET"]}}],"collection":[{"href":"https:\/\/urquiza.com\/index.php\/wp-json\/wp\/v2\/pages"}],"about":[{"href":"https:\/\/urquiza.com\/index.php\/wp-json\/wp\/v2\/types\/page"}],"author":[{"embeddable":true,"href":"https:\/\/urquiza.com\/index.php\/wp-json\/wp\/v2\/users\/1"}],"replies":[{"embeddable":true,"href":"https:\/\/urquiza.com\/index.php\/wp-json\/wp\/v2\/comments?post=28980"}],"version-history":[{"count":26,"href":"https:\/\/urquiza.com\/index.php\/wp-json\/wp\/v2\/pages\/28980\/revisions"}],"predecessor-version":[{"id":31158,"href":"https:\/\/urquiza.com\/index.php\/wp-json\/wp\/v2\/pages\/28980\/revisions\/31158"}],"wp:attachment":[{"href":"https:\/\/urquiza.com\/index.php\/wp-json\/wp\/v2\/media?parent=28980"}],"curies":[{"name":"wp","href":"https:\/\/api.w.org\/{rel}","templated":true}]}}