{"id":28250,"date":"2022-01-02T21:19:56","date_gmt":"2022-01-02T20:19:56","guid":{"rendered":"https:\/\/urquiza.com\/?page_id=28250"},"modified":"2025-11-29T16:30:18","modified_gmt":"2025-11-29T15:30:18","slug":"tangoreise_spreewald_sommer","status":"publish","type":"page","link":"https:\/\/urquiza.com\/index.php\/tangoreise_spreewald_sommer\/","title":{"rendered":"Spreewald Tango Retreat"},"content":{"rendered":"<div class=\"wpb-content-wrapper\"><p>[vc_row css_animation=&#8220;&#8220; row_type=&#8220;row&#8220; use_row_as_full_screen_section=&#8220;no&#8220; type=&#8220;full_width&#8220; text_align=&#8220;left&#8220; css=&#8220;.vc_custom_1486656312563&#8220; el_id=&#8220;events&#8220;][vc_column][vc_empty_space height=&#8220;3em&#8220;][vc_column_text css=&#8220;&#8220;]<\/p>\n<h1 style=\"text-align: center; font-size: 25px; letter-spacing: 0.05em;\"><span style=\"color: #873003;\">Spreewald Tango Retreat<\/span><\/h1>\n<p>[\/vc_column_text][vc_empty_space height=&#8220;3em&#8220;][vc_column_text css=&#8220;&#8220;]<\/p>\n<h1 style=\"text-align: center; font-size: 25px; letter-spacing: 0.05em;\"><span style=\"color: #873003;\">28. bis 30. August 2026<\/span><\/h1>\n<p>[\/vc_column_text][vc_empty_space height=&#8220;3em&#8220;][\/vc_column][\/vc_row][vc_row css_animation=&#8220;&#8220; row_type=&#8220;row&#8220; use_row_as_full_screen_section=&#8220;no&#8220; type=&#8220;full_width&#8220; text_align=&#8220;left&#8220;][vc_column][vc_column_text css=&#8220;.vc_custom_1700154691828{padding-top: 20px !important;padding-right: 20px !important;padding-bottom: 20px !important;padding-left: 20px !important;background-color: #873003 !important;border-radius: 10px !important;}&#8220;]<\/p>\n<p style=\"font-size: 1.5em; line-height: 1.5em; text-align: center;\"><a href=\"https:\/\/urquiza.com\/index.php\/booking\/\" target=\"_blank\" rel=\"noopener\"><strong><span style=\"color: #ffffff;\">MISSEN TANGO RETREAT BUCHEN<\/span><\/strong><\/a><\/p>\n<p>[\/vc_column_text][\/vc_column][\/vc_row][vc_row css_animation=&#8220;&#8220; row_type=&#8220;row&#8220; use_row_as_full_screen_section=&#8220;no&#8220; type=&#8220;full_width&#8220; text_align=&#8220;left&#8220; css=&#8220;.vc_custom_1484221351704{background-color: #f2f2f2 !important;}&#8220;][vc_column][vc_column_text css=&#8220;.vc_custom_1764430130528{padding-top: 40px !important;padding-right: 20px !important;padding-bottom: 40px !important;padding-left: 20px !important;}&#8220;]<\/p>\n<h2 style=\"text-align: left;\"><span style=\"color: #000000;\">Sommer Tango Retreat im Spreewald!<\/span><\/h2>\n<p>&nbsp;<\/p>\n<p style=\"text-align: left; color: #000000; font-size: 1.5em; line-height: 1.5em;\"><strong>Programm:<\/strong><\/p>\n<p style=\"text-align: left; color: #000000; font-size: 1.5em; line-height: 1.5em;\">Ankunft am Seminarhof Missen am<\/p>\n<p style=\"text-align: left; color: #000000; font-size: 1.5em; line-height: 1.5em;\">Freitag Nachmittag\/Abend<\/p>\n<p style=\"text-align: left; color: #000000; font-size: 1.5em; line-height: 1.5em;\">(28. August): bei sch\u00f6nem Wetter Lagerfeuer, Abendessen und Practica, freies Tanzen im gro\u00dfen Saal.<\/p>\n<p style=\"text-align: left; color: #000000; font-size: 1.5em; line-height: 1.5em;\">Samstag<\/p>\n<p style=\"text-align: left; color: #000000; font-size: 1.5em; line-height: 1.5em;\">(29. August): Vormittag erster Workshop,<\/p>\n<p style=\"text-align: left; color: #000000; font-size: 1.5em; line-height: 1.5em;\">Abend zweiter Workshop, freies Tanzen im gro\u00dfen Saal.<\/p>\n<p style=\"text-align: left; color: #000000; font-size: 1.5em; line-height: 1.5em;\">Sonntag Vormittag<\/p>\n<p style=\"text-align: left; color: #000000; font-size: 1.5em; line-height: 1.5em;\">(30. August): Vormittag Abschiedsstunde, Abreise nach Belieben.<\/p>\n<p style=\"text-align: left; color: #000000; font-size: 1.5em; line-height: 1.5em;\">Neben dem Unterricht werden wir Zeit haben um den Garten zu genie\u00dfen, zum See zu fahren, gemeinsam kochen und essen, wandern usw.<\/p>\n<p style=\"text-align: left; color: #000000; font-size: 1.5em; line-height: 1.5em;\">Fahrr\u00e4der k\u00f6nnen vor Ort ausgeliehen werden.<\/p>\n<p>&nbsp;<\/p>\n<p style=\"text-align: left; color: #000000; font-size: 1.5em; line-height: 1.5em;\"><strong>\u00dcbernachtung:<\/strong><br \/>\nDie ersten 5 Paare haben die M\u00f6glichkeit, direkt im Seminarhof Missen, unsere liebevoll restaurierte und gepflegte Location zu \u00fcbernachten. Buchung und Bezahlung direkt bei Hausherrin Bettina: <a href=\"https:\/\/alter-gasthof.de\/seminar-und-gaestehaus-ferienzimmer-feiern-spreewald\/\">Alter Gasthof Missen<\/a>.<br \/>\nWeitere \u00dcbernachtungen fu\u00dfl\u00e4ufig zu erreichen findet ihr im Demeter Gut Ogrosen (https:\/\/www.gut-ogrosen.de\/Ferienwohnungen).<\/p>\n<p style=\"text-align: left; color: #000000; font-size: 1.5em; line-height: 1.5em;\">Bei Fragen stehen wir gerne zur Verf\u00fcgung!<\/p>\n<p>&nbsp;<\/p>\n<p style=\"text-align: left; color: #000000; font-size: 1.5em; line-height: 1.5em;\"><strong>Verpflegung:<\/strong><\/p>\n<p style=\"text-align: left; color: #000000; font-size: 1.5em; line-height: 1.5em;\">Wir werden euch einfache, selbst gekochte vegetarische Mahlzeiten anbieten. Gerne k\u00f6nnt ihr euren Lieblingswein zum Ansto\u00dfen mitbringen!<br \/>\nGemeinsam gegessen wird ein Mal am Freitag Abend,<br \/>\nBrunch am Samstag und<br \/>\nBrunch am Sonntag.<\/p>\n<p>&nbsp;<\/p>\n<p style=\"text-align: left; color: #000000; font-size: 1.5em; line-height: 1.5em;\">Am Samstag Abend habt ihr die M\u00f6glichkeit, lokale Restaurants zu entdecken und einen gem\u00fctlichen Spaziergang durch die friedvolle, gr\u00fcne Gegend zu machen.<br \/>\nZus\u00e4tzlich f\u00fcr Zwischendurch und bei Bedarf bietet die Hausherrin Snacks und Getr\u00e4nke f\u00fcr einen kleinen Unkostenbetrag an.<\/p>\n<p>&nbsp;<\/p>\n<p style=\"text-align: left; color: #000000; font-size: 1.5em; line-height: 1.5em;\"><strong>Anreise:<\/strong><\/p>\n<p style=\"text-align: left; color: #000000; font-size: 1.5em; line-height: 1.5em;\">Parken ist vor dem Haus problemlos m\u00f6glich, mit dem Zug ist die Anreise ebenfalls unkompliziert (am einfachsten \u00fcber den Bahnhof Vetschau, gerne helfen wir euch dabei).<\/p>\n<p style=\"text-align: left; color: #000000; font-size: 1.5em; line-height: 1.5em;\"><em>Adresse:<\/em><br \/>\n<em>Seminarhof Missen<\/em><br \/>\n<em>Missener Hauptstr. 16<\/em><br \/>\n<em>03226 Vetschau\/Spreewald<\/em><\/p>\n<p>&nbsp;<\/p>\n<p style=\"text-align: left; color: #000000; font-size: 1.5em; line-height: 1.5em;\"><strong>Leistungen von Urquiza:<\/strong><\/p>\n<p>&nbsp;<\/p>\n<p style=\"text-align: left; color: #000000; font-size: 1.5em; line-height: 1.5em;\">Preis: 190\u20ac\/Person<\/p>\n<p style=\"text-align: left; color: #000000; font-size: 1.5em; line-height: 1.5em;\">1 Abendessen (Freitag)<br \/>\n2 Fr\u00fchst\u00fccksbrunchs, vegetarisch (Samstag und Sonntag)<br \/>\nKaffee, Tee, Wasser etc. w\u00e4hrend des Unterrichts<br \/>\n6 x 45 min. Paar-Unterrichtsstunden<br \/>\n2 x Freies Abendtanzen<\/p>\n<p>[\/vc_column_text][\/vc_column][\/vc_row][vc_row gap=&#8220;4&#8243; css_animation=&#8220;&#8220; row_type=&#8220;row&#8220; use_row_as_full_screen_section=&#8220;no&#8220; type=&#8220;full_width&#8220; text_align=&#8220;left&#8220; css=&#8220;.vc_custom_1565105570813{padding-right: 60px !important;padding-left: 60px !important;background-color: #ffffff !important;}&#8220;][vc_column][vc_empty_space height=&#8220;3em&#8220;][\/vc_column][\/vc_row][vc_row css_animation=&#8220;&#8220; row_type=&#8220;row&#8220; use_row_as_full_screen_section=&#8220;no&#8220; type=&#8220;full_width&#8220; text_align=&#8220;left&#8220;][vc_column][vc_gallery type=&#8220;nivo&#8220; interval=&#8220;0&#8243; images=&#8220;28263,28271,28257,28269,28259,28261,28267,28273,28275,28279,28281,28283&#8243; img_size=&#8220;full&#8220; onclick=&#8220;&#8220;][\/vc_column][\/vc_row][vc_row css_animation=&#8220;&#8220; row_type=&#8220;row&#8220; use_row_as_full_screen_section=&#8220;no&#8220; type=&#8220;full_width&#8220; text_align=&#8220;left&#8220; css=&#8220;.vc_custom_1486732732826{background-color: #f2f2f2 !important;}&#8220;][vc_column][\/vc_column][\/vc_row]<\/p>\n<\/div>","protected":false},"excerpt":{"rendered":"<p>[vc_row css_animation=&#8220;&#8220; row_type=&#8220;row&#8220; use_row_as_full_screen_section=&#8220;no&#8220; type=&#8220;full_width&#8220; text_align=&#8220;left&#8220; css=&#8220;.vc_custom_1486656312563&#8220; el_id=&#8220;events&#8220;][vc_column][vc_empty_space height=&#8220;3em&#8220;][vc_column_text css=&#8220;&#8220;] Spreewald Tango Retreat [\/vc_column_text][vc_empty_space height=&#8220;3em&#8220;][vc_column_text css=&#8220;&#8220;] 28. bis 30. August 2026 [\/vc_column_text][vc_empty_space height=&#8220;3em&#8220;][\/vc_column][\/vc_row][vc_row css_animation=&#8220;&#8220; row_type=&#8220;row&#8220; use_row_as_full_screen_section=&#8220;no&#8220; type=&#8220;full_width&#8220; text_align=&#8220;left&#8220;][vc_column][vc_column_text css=&#8220;.vc_custom_1700154691828{padding-top: 20px !important;padding-right: 20px !important;padding-bottom: 20px !important;padding-left: 20px !important;background-color: #873003 !important;border-radius: 10px !important;}&#8220;] MISSEN TANGO RETREAT BUCHEN&#8230;<\/p>\n","protected":false},"author":1,"featured_media":0,"parent":0,"menu_order":0,"comment_status":"open","ping_status":"closed","template":"full_width.php","meta":{"footnotes":""},"class_list":["post-28250","page","type-page","status-publish","hentry"],"_links":{"self":[{"href":"https:\/\/urquiza.com\/index.php\/wp-json\/wp\/v2\/pages\/28250","targetHints":{"allow":["GET"]}}],"collection":[{"href":"https:\/\/urquiza.com\/index.php\/wp-json\/wp\/v2\/pages"}],"about":[{"href":"https:\/\/urquiza.com\/index.php\/wp-json\/wp\/v2\/types\/page"}],"author":[{"embeddable":true,"href":"https:\/\/urquiza.com\/index.php\/wp-json\/wp\/v2\/users\/1"}],"replies":[{"embeddable":true,"href":"https:\/\/urquiza.com\/index.php\/wp-json\/wp\/v2\/comments?post=28250"}],"version-history":[{"count":29,"href":"https:\/\/urquiza.com\/index.php\/wp-json\/wp\/v2\/pages\/28250\/revisions"}],"predecessor-version":[{"id":31606,"href":"https:\/\/urquiza.com\/index.php\/wp-json\/wp\/v2\/pages\/28250\/revisions\/31606"}],"wp:attachment":[{"href":"https:\/\/urquiza.com\/index.php\/wp-json\/wp\/v2\/media?parent=28250"}],"curies":[{"name":"wp","href":"https:\/\/api.w.org\/{rel}","templated":true}]}}