{"id":28242,"date":"2022-01-02T17:26:38","date_gmt":"2022-01-02T16:26:38","guid":{"rendered":"https:\/\/urquiza.com\/?page_id=28242"},"modified":"2022-01-02T17:36:16","modified_gmt":"2022-01-02T16:36:16","slug":"tangoreise_volterra_italien_sommer_2022","status":"publish","type":"page","link":"https:\/\/urquiza.com\/index.php\/tangoreise_volterra_italien_sommer_2022\/","title":{"rendered":"Volterra Tango Reise 2022"},"content":{"rendered":"<div class=\"wpb-content-wrapper\"><p>[vc_row row_type=&#8220;row&#8220; use_row_as_full_screen_section=&#8220;no&#8220; type=&#8220;full_width&#8220; text_align=&#8220;left&#8220; css_animation=&#8220;&#8220; css=&#8220;.vc_custom_1486656312563&#8220; el_id=&#8220;events&#8220;][vc_column][vc_empty_space height=&#8220;3em&#8220;][vc_column_text]<\/p>\n<h1 style=\"text-align: center; font-size: 25px; letter-spacing: 0.05em;\"><span style=\"color: #873003;\">Volterra Tango Reise 2022!<\/span><\/h1>\n<p>[\/vc_column_text][vc_empty_space height=&#8220;3em&#8220;][vc_column_text]<\/p>\n<h1 style=\"text-align: center; font-size: 25px; letter-spacing: 0.05em;\"><span style=\"color: #873003;\">20. bis 23. Juli<\/span><\/h1>\n<p>[\/vc_column_text][vc_empty_space height=&#8220;3em&#8220;][\/vc_column][\/vc_row][vc_row row_type=&#8220;row&#8220; use_row_as_full_screen_section=&#8220;no&#8220; type=&#8220;full_width&#8220; text_align=&#8220;left&#8220; css_animation=&#8220;&#8220;][vc_column][vc_video link=&#8220;https:\/\/vimeo.com\/548102601&#8243; el_width=&#8220;60&#8243; align=&#8220;center&#8220;][vc_empty_space height=&#8220;3em&#8220;]<a href=\"https:\/\/bookeo.com\/urquiza?type=32544KH9PC1688120EF11\" target=\"_self\"  class=\"qbutton  big_large_full_width move_icon white\" style=\"font-style: normal; border-radius: 10px;-moz-border-radius: 10px;-webkit-border-radius: 10px; background-color: #873003;\">Volterra Reise jetzt buchen!<\/a>[\/vc_column][\/vc_row][vc_row row_type=&#8220;row&#8220; use_row_as_full_screen_section=&#8220;no&#8220; type=&#8220;full_width&#8220; text_align=&#8220;left&#8220; css_animation=&#8220;&#8220; css=&#8220;.vc_custom_1484221351704{background-color: #f2f2f2 !important;}&#8220;][vc_column][vc_column_text css=&#8220;.vc_custom_1641141367811{padding-top: 40px !important;padding-right: 20px !important;padding-bottom: 40px !important;padding-left: 20px !important;}&#8220;]<\/p>\n<h2 style=\"text-align: left;\"><span style=\"color: #000000;\">Sommer Tango Reise in der Toskana!<\/span><\/h2>\n<p>&nbsp;<\/p>\n<p style=\"text-align: left; color: #000000; font-size: 1.5em; line-height: 1.5em;\"><strong><span lang=\"de\">PROGRAMM- UND REISEZEITEN:<\/span><\/strong><\/p>\n<p>&nbsp;<\/p>\n<p style=\"text-align: left; color: #000000; font-size: 1.5em; line-height: 1.5em;\"><span lang=\"de\">Die Reise beginnt am Dienstag, den 19.07, nachmittags mit einem informellen Empfang in Volterra.\u00a0<\/span><\/p>\n<p style=\"text-align: left; color: #000000; font-size: 1.5em; line-height: 1.5em;\"><span lang=\"de\">Von Mittwoch (20.07) bis Samstag (23.07) lernen und vertiefen wir unseren Tango gemeinsam, wir tanzen im wundersch\u00f6nen Residenz-Saal und wenn m\u00f6glich auch in Florenz und wer wei\u00df, vielleicht auch drau\u00dfen auf der Open Air Piste mit Weitblick. Am Samstagabend werden wir uns verabschieden.<\/span><\/p>\n<p style=\"text-align: left; color: #000000; font-size: 1.5em; line-height: 1.5em;\"><span lang=\"de\">Nat\u00fcrlich k\u00f6nnt ihr l\u00e4nger bleiben um Volterra und die ganze Region in Ruhe zu genie\u00dfen. Gerne geben wir euch Empfehlungen.<\/span><\/p>\n<p>&nbsp;<\/p>\n<p>&nbsp;<\/p>\n<p style=\"text-align: left; color: #000000; font-size: 1.5em; line-height: 1.5em;\"><strong><span lang=\"de\">DIENSTLEISTUNGEN IM PAKET:<\/span><\/strong><\/p>\n<p>&nbsp;<\/p>\n<p style=\"text-align: left; color: #000000; font-size: 1.5em; line-height: 1.5em;\"><span lang=\"de\">Lerne Tango:<br \/>\n<\/span><span lang=\"de\">12 Stunden Unterricht, je nach Gruppen\/Teilnehmern ca. 3 Stunden pro Tag. Wir werden intensiv lernen und wichtige Themen vertiefen. W\u00e4hrend des Unterrichts seid ihr zu alkoholfreien Getr\u00e4nken und italienischen Snacks eingeladen.<\/span><\/p>\n<p>&nbsp;<\/p>\n<p style=\"text-align: left; color: #000000; font-size: 1.5em; line-height: 1.5em;\"><span lang=\"de\">Tanz Tango:<br \/>\n<\/span><span lang=\"de\">Milonga dello Sbarba: Eine Milonga, die f\u00fcr euch im wundersch\u00f6nen Renaissance-Palast Ricciarelli Dello Sbarba entwickelt wurde. W\u00e4hrend der Milonga seid ihr zu typischen Getr\u00e4nken, S\u00fc\u00dfigkeiten und Snacks eingeladen.<\/span><\/p>\n<p>&nbsp;<\/p>\n<p style=\"text-align: left; color: #000000; font-size: 1.5em; line-height: 1.5em;\"><span lang=\"de\">Erlebe Tango:<br \/>\nWir planen einen Filmabend \u00fcber Tango auf der gro\u00dfen Leinwand und einen kleinen Auftritt als Inspiration f\u00fcr euch!<\/span><\/p>\n<p>&nbsp;<\/p>\n<p style=\"text-align: left; color: #000000; font-size: 1.5em; line-height: 1.5em;\"><strong>PREIS<\/strong>:<\/p>\n<p>&nbsp;<\/p>\n<p style=\"text-align: left; color: #000000; font-size: 1.5em; line-height: 1.5em;\"><span lang=\"de\">250 \u20ac \/ Person<br \/>\nPrivatunterricht kann zus\u00e4tzlich vor Ort gebucht werden.<\/span><\/p>\n<p>&nbsp;<\/p>\n<p>&nbsp;<\/p>\n<p style=\"text-align: left; color: #000000; font-size: 1.5em; line-height: 1.5em;\"><strong>\u00dcBERNACHTUNG:<\/strong><\/p>\n<p>&nbsp;<\/p>\n<p style=\"text-align: left; color: #000000; font-size: 1.5em; line-height: 1.5em;\"><span lang=\"de\">Wir sind im Kontakt mit dem Hotel Etruria in Volterra (3 Sterne) und k\u00f6nnen gerne bei Bedarf bei der Vermittlung mitwirken. Der nette Familienbetrieb freut sich auf euch!<br \/>\nF\u00fcr Fragen und weitere Empfehlungen stehen wir zur Verf\u00fcgung.<\/span><\/p>\n<p>&nbsp;<\/p>\n<p style=\"text-align: left; color: #000000; font-size: 1.5em; line-height: 1.5em;\"><strong>ANKUNFT:<\/strong><\/p>\n<p>&nbsp;<\/p>\n<p style=\"text-align: left; color: #000000; font-size: 1.5em; line-height: 1.5em;\"><span lang=\"de\">Volterra kann \u00fcber Pisa mit dem Flugzeug erreicht werden. Vom Flughafen-Pisa k\u00f6nnt ihr ein Auto mieten, alternativ Bus und Bahn nehmen, oder euch vom Hotel oder einem anderen Abholdienst abholen lassen. Gerne helfen wir euch bei Kontakten zu solchen Diensten.\u00a0<\/span><\/p>\n<p>&nbsp;<\/p>\n<p>&nbsp;<\/p>\n<p style=\"text-align: left; color: #000000; font-size: 1.5em; line-height: 1.5em;\"><strong>HYGIENEMASSNAHMEN:<\/strong><\/p>\n<p>&nbsp;<\/p>\n<p style=\"text-align: left; color: #000000; font-size: 1.5em; line-height: 1.5em;\"><span lang=\"de\">Alle notwendigen Ma\u00dfnahmen zum Schutz eurer Gesundheit werden getroffen.<br \/>\nBitte beachten diese Basis-Regeln:<br \/>\n&#8211; Feste Tanzpartnerschaften<br \/>\n&#8211; Maximal 9 Paare<br \/>\n&#8211; Kein Partnerwechsel<br \/>\n&#8211; Der Mindestabstand von 1.5 Meter wird jederzeit eingehalten werden &#8211; was f\u00fcr eine tolle Ronda!<br \/>\n&#8211; Hand-Desinfektionsmittel wird zur Verf\u00fcgung gestellt<br \/>\n&#8211; F\u00fcrs L\u00fcften und Desinfizieren der R\u00e4umlichkeiten wird ausreichend Zeit eingeplant<\/span><\/p>\n<p style=\"text-align: left; color: #000000; font-size: 1.5em; line-height: 1.5em;\">Weitere Hinweise werden verteilt, sobald die Italienische Regierung die aktuellen Anforderungen aktualisiert.<\/p>\n<p>[\/vc_column_text][\/vc_column][\/vc_row][vc_row gap=&#8220;4&#8243; row_type=&#8220;row&#8220; use_row_as_full_screen_section=&#8220;no&#8220; type=&#8220;full_width&#8220; text_align=&#8220;left&#8220; css_animation=&#8220;&#8220; css=&#8220;.vc_custom_1565105570813{padding-right: 60px !important;padding-left: 60px !important;background-color: #ffffff !important;}&#8220;][vc_column][vc_empty_space height=&#8220;3em&#8220;][\/vc_column][\/vc_row][vc_row row_type=&#8220;row&#8220; use_row_as_full_screen_section=&#8220;no&#8220; type=&#8220;full_width&#8220; text_align=&#8220;left&#8220; css_animation=&#8220;&#8220;][vc_column][vc_gallery type=&#8220;image_grid&#8220; images=&#8220;24714,24711,24713,24710,24708,24707,24697,24706,24700,24701,24705,24699,24698,24712,24696&#8243; img_size=&#8220;large&#8220; onclick=&#8220;&#8220; column_number=&#8220;3&#8243; grayscale=&#8220;no&#8220; space_between_images=&#8220;no&#8220;][\/vc_column][\/vc_row][vc_row row_type=&#8220;row&#8220; use_row_as_full_screen_section=&#8220;no&#8220; type=&#8220;full_width&#8220; text_align=&#8220;left&#8220; css_animation=&#8220;&#8220; css=&#8220;.vc_custom_1486732732826{background-color: #f2f2f2 !important;}&#8220;][vc_column][\/vc_column][\/vc_row]<\/p>\n<\/div>","protected":false},"excerpt":{"rendered":"<p>[vc_row row_type=&#8220;row&#8220; use_row_as_full_screen_section=&#8220;no&#8220; type=&#8220;full_width&#8220; text_align=&#8220;left&#8220; css_animation=&#8220;&#8220; css=&#8220;.vc_custom_1486656312563&#8220; el_id=&#8220;events&#8220;][vc_column][vc_empty_space height=&#8220;3em&#8220;][vc_column_text] Volterra Tango Reise 2022! [\/vc_column_text][vc_empty_space height=&#8220;3em&#8220;][vc_column_text] 20. bis 23. Juli [\/vc_column_text][vc_empty_space height=&#8220;3em&#8220;][\/vc_column][\/vc_row][vc_row row_type=&#8220;row&#8220; use_row_as_full_screen_section=&#8220;no&#8220; type=&#8220;full_width&#8220; text_align=&#8220;left&#8220; css_animation=&#8220;&#8220;][vc_column][vc_video link=&#8220;https:\/\/vimeo.com\/548102601&#8243; el_width=&#8220;60&#8243; align=&#8220;center&#8220;][vc_empty_space height=&#8220;3em&#8220;][\/vc_column][\/vc_row][vc_row row_type=&#8220;row&#8220; use_row_as_full_screen_section=&#8220;no&#8220; type=&#8220;full_width&#8220; text_align=&#8220;left&#8220; css_animation=&#8220;&#8220; css=&#8220;.vc_custom_1484221351704{background-color: #f2f2f2 !important;}&#8220;][vc_column][vc_column_text css=&#8220;.vc_custom_1641141367811{padding-top: 40px !important;padding-right: 20px !important;padding-bottom: 40px !important;padding-left:&#8230;<\/p>\n","protected":false},"author":1,"featured_media":0,"parent":0,"menu_order":0,"comment_status":"open","ping_status":"closed","template":"full_width.php","meta":{"footnotes":""},"class_list":["post-28242","page","type-page","status-publish","hentry"],"_links":{"self":[{"href":"https:\/\/urquiza.com\/index.php\/wp-json\/wp\/v2\/pages\/28242","targetHints":{"allow":["GET"]}}],"collection":[{"href":"https:\/\/urquiza.com\/index.php\/wp-json\/wp\/v2\/pages"}],"about":[{"href":"https:\/\/urquiza.com\/index.php\/wp-json\/wp\/v2\/types\/page"}],"author":[{"embeddable":true,"href":"https:\/\/urquiza.com\/index.php\/wp-json\/wp\/v2\/users\/1"}],"replies":[{"embeddable":true,"href":"https:\/\/urquiza.com\/index.php\/wp-json\/wp\/v2\/comments?post=28242"}],"version-history":[{"count":4,"href":"https:\/\/urquiza.com\/index.php\/wp-json\/wp\/v2\/pages\/28242\/revisions"}],"predecessor-version":[{"id":28248,"href":"https:\/\/urquiza.com\/index.php\/wp-json\/wp\/v2\/pages\/28242\/revisions\/28248"}],"wp:attachment":[{"href":"https:\/\/urquiza.com\/index.php\/wp-json\/wp\/v2\/media?parent=28242"}],"curies":[{"name":"wp","href":"https:\/\/api.w.org\/{rel}","templated":true}]}}