{"id":27846,"date":"2021-08-23T03:18:56","date_gmt":"2021-08-23T01:18:56","guid":{"rendered":"https:\/\/urquiza.com\/?page_id=27846"},"modified":"2023-08-31T13:22:18","modified_gmt":"2023-08-31T11:22:18","slug":"chiche-nunez-tango-argentino-artist","status":"publish","type":"page","link":"https:\/\/urquiza.com\/index.php\/chiche-nunez-tango-argentino-artist\/","title":{"rendered":"Chiche N\u00fa\u00f1ez"},"content":{"rendered":"<div class=\"wpb-content-wrapper\"><p>[vc_row row_type=&#8220;row&#8220; use_row_as_full_screen_section=&#8220;no&#8220; type=&#8220;full_width&#8220; text_align=&#8220;left&#8220; css_animation=&#8220;&#8220; css=&#8220;.vc_custom_1549461507499&#8220;][vc_column][vc_column_text css=&#8220;.vc_custom_1629681315332{padding-top: 1px !important;padding-right: 20px !important;padding-bottom: 1px !important;padding-left: 20px !important;}&#8220;]<\/p>\n<h2 style=\"text-align: center; font-size: 25px; letter-spacing: 0.05em;\"><span style=\"color: #873003;\">Werdegang<\/span><\/h2>\n<p>[\/vc_column_text][vc_empty_space height=&#8220;9em&#8220;][\/vc_column][\/vc_row][vc_row row_type=&#8220;row&#8220; use_row_as_full_screen_section=&#8220;no&#8220; type=&#8220;full_width&#8220; text_align=&#8220;left&#8220; css_animation=&#8220;&#8220; css=&#8220;.vc_custom_1503187432111{background-color: #f2f2f2 !important;}&#8220;][vc_column width=&#8220;1\/2&#8243;][vc_column_text css=&#8220;.vc_custom_1653910711069{padding-top: 40px !important;padding-right: 20px !important;padding-bottom: 40px !important;padding-left: 20px !important;}&#8220;]<\/p>\n<h3 style=\"text-align: left;\"><span style=\"color: #000000;\">Werdegang von Chiche N\u00fa\u00f1ez als K\u00fcnstler f\u00fcr Tango Argentino<\/span><\/h3>\n<p>&nbsp;<\/p>\n<p style=\"font-size: 150%; line-height: 1.5em; text-align: left;\"><span style=\"color: #000000;\">Chiche Nunez lebt seit 1998 in Deutschland und arbeitet als T\u00e4nzer, k\u00fcnstlerischer Leiter, Tanzlehrer und Choreograph des Tango Argentino. Als Sch\u00fcler des ber\u00fchmten Jos\u00e9 Brahemcha, genannt \u201eel Turco Jos\u00e9\u201c, ist sein Tanz von den Feinheiten des <a href=\"https:\/\/urquiza.com\/index.php\/2018\/04\/16\/artikel_003-was_bedeutet_urquiza\/\">Urquiza-Stils<\/a> gepr\u00e4gt. Inspiriert durch Stile anderer Kunstformen entwickelte er f\u00fcr seinen Tanz einen ganz eigenen Charakter. In seiner Berliner Tanzschule hat er Generationen von sozialen und professionellen Tango T\u00e4nzern ausgebildet und begleitet. Seine bisherige Karriere wurde im preisgekr\u00f6nten <a href=\"https:\/\/urquiza.com\/index.php\/con_el_tango_the_film\/\">Dokumentarfilm &#8222;Con el Tango&#8220;<\/a> festgehalten, welcher seit 2021 auf internationalen Festivals zu sehen ist. Seit \u00fcber 10 Jahren bringt er inklusiven Tango auf die B\u00fchne, mit Schwerpunkt k\u00fcnstlerische Rollstuhlintegration zum Beispiel mit dem <a href=\"https:\/\/rambazamba-theater.de\">RambaZamba Theater<\/a> im Rahmen des Galaabends &#8222;Pariet\u00e9&#8220;. Seine investigative Arbeit im diesem Feld wurde bereits mehrmals durch die Bundesregierung gef\u00f6rdert.<br \/>\nAuszug seiner Produktionen:<\/span><\/p>\n<p style=\"font-size: 150%; line-height: 1.5em; text-align: left;\"><span style=\"color: #000000;\">Solist-Auftritt im Konzert &#8222;Buenos Aires i Jul&#8220; im Theater Sentralen in Oslo, Dezember 2021<br \/>\nSolist-Auftritt im Konzert zu den 100 Jahren von Astor Piazzolla in Norwegen, Ausstrahlung auf NRK (2021) Auftritt im internationalen Tango Festival in Istanbul (2019)<br \/>\nAuftritte bei Veranstaltungen des VIA Verbundes (2018)<br \/>\nAuftritte in Rahmen des Embrace Berlin Tango Festivals (2015-2018)<br \/>\nPariet\u00e8 Gala Show (Berlin, Sep. 2016)<br \/>\nSeit 2007 bis 2016 regelm\u00e4\u00dfige Solist-Auftritte in der Berliner Philarmonie<br \/>\nOperita \u201eMaria de Buenos Aires\u201c, Direktor und Choreograph (Israel, 2013)<br \/>\nShow \u201eCafet\u00edn del Sur\u201c (Berlin, 2010)<br \/>\n\u201eTango for Engler\u201c (Norwegen, 2009)<br \/>\nOperita \u201eMar\u00eda de Buenos Aires\u201e (Norwegen, 2007)<br \/>\nAuftritte in den wichtigsten Tango Clubs in Buenos Aires, wie z.Bsp. Sunderland, Canning, Sin Rumbo.<\/span><\/p>\n<p>[\/vc_column_text][\/vc_column][vc_column width=&#8220;1\/2&#8243;][vc_single_image image=&#8220;29240&#8243; img_size=&#8220;full&#8220; alignment=&#8220;right&#8220; qode_css_animation=&#8220;&#8220;][\/vc_column][\/vc_row][vc_row row_type=&#8220;row&#8220; use_row_as_full_screen_section=&#8220;no&#8220; type=&#8220;full_width&#8220; text_align=&#8220;left&#8220; css_animation=&#8220;&#8220; css=&#8220;.vc_custom_1549461507499&#8220;][vc_column][vc_column_text css=&#8220;.vc_custom_1693480734790{padding-top: 40px !important;padding-right: 20px !important;padding-bottom: 40px !important;padding-left: 20px !important;background-color: #873003 !important;}&#8220;]<\/p>\n<h2 style=\"text-align: center; font-size: 25px; letter-spacing: 0.05em;\"><a href=\"https:\/\/urquiza.com\/index.php\/tango_blog_from_chiche_nunez\/\"><span style=\"color: #ffffff;\">Hier zum Tango Blog von Chiche<\/span><\/a><\/h2>\n<p>[\/vc_column_text][vc_empty_space height=&#8220;9em&#8220;][vc_column_text css=&#8220;.vc_custom_1629743085805{padding-top: 1px !important;padding-right: 20px !important;padding-bottom: 1px !important;padding-left: 20px !important;}&#8220;]<\/p>\n<h2 style=\"text-align: center; font-size: 25px; letter-spacing: 0.05em;\"><span style=\"color: #873003;\"><span style=\"caret-color: #873003;\">Presse<\/span><\/span><\/h2>\n<p>[\/vc_column_text][vc_empty_space height=&#8220;9em&#8220;][\/vc_column][\/vc_row][vc_row row_type=&#8220;row&#8220; use_row_as_full_screen_section=&#8220;no&#8220; type=&#8220;full_width&#8220; text_align=&#8220;left&#8220; css_animation=&#8220;&#8220; css=&#8220;.vc_custom_1574083904744{background-color: #f2f2f2 !important;}&#8220;][vc_column width=&#8220;1\/2&#8243;][vc_single_image image=&#8220;27865&#8243; img_size=&#8220;full&#8220; qode_css_animation=&#8220;&#8220;][\/vc_column][vc_column width=&#8220;1\/2&#8243;][vc_column_text css=&#8220;.vc_custom_1640628262057{padding-top: 40px !important;padding-right: 20px !important;padding-bottom: 40px !important;padding-left: 20px !important;}&#8220;]<\/p>\n<h3 style=\"text-align: left;\"><span style=\"color: #000000;\">Presse Artikel \u00fcber Chiche N\u00fa\u00f1ez und seine Tango Arbeit<\/span><\/h3>\n<p>&nbsp;<\/p>\n<p style=\"font-size: 150%; line-height: 1.5em; text-align: left;\"><span style=\"color: #000000;\"><a href=\"https:\/\/www.bz-berlin.de\/berlin\/pankow\/tango-im-rollstuhl-so-geht-inklusion\">&#8222;Tango im Rollstuhl: So geht Inklusion&#8220;<\/a>\u00a0&#8211; Artikel der Berliner Zeitung von Markus Tschiedert auf Deutsch<\/span><\/p>\n<p>&nbsp;<\/p>\n<p style=\"font-size: 150%; line-height: 1.5em; text-align: left;\"><span style=\"color: #000000;\"><a href=\"https:\/\/tangofashionnews.com.ar\/chiche-nunez\/\">&#8222;The importance of style&#8220;<\/a> &#8211; Portr\u00e4t von Chiche N\u00fa\u00f1ez bei Tango Fashion, auf Englisch und Spanisch<\/span><\/p>\n<p>&nbsp;<\/p>\n<p style=\"font-size: 150%; line-height: 1.5em; text-align: left;\"><span style=\"color: #000000;\"><a href=\"https:\/\/www.prontopro.de\/blog\/tango-feuer-der-leidenschaft\/\">&#8222;Tango \u2013 Feuer der Leidenschaft&#8220;<\/a>\u00a0&#8211; Artikel des ProntoPro Blogs von Verena Arnold auf Deutsch<\/span><\/p>\n<p>[\/vc_column_text][\/vc_column][\/vc_row][vc_row row_type=&#8220;row&#8220; use_row_as_full_screen_section=&#8220;no&#8220; type=&#8220;full_width&#8220; text_align=&#8220;left&#8220; css_animation=&#8220;&#8220; css=&#8220;.vc_custom_1549461507499&#8220;][vc_column][vc_empty_space height=&#8220;9em&#8220;][vc_column_text css=&#8220;.vc_custom_1629796312451{padding-top: 1px !important;padding-right: 20px !important;padding-bottom: 1px !important;padding-left: 20px !important;}&#8220;]<\/p>\n<h2 style=\"text-align: center; font-size: 25px; letter-spacing: 0.05em;\"><span style=\"color: #873003;\"><span style=\"caret-color: #873003;\">Tanzauftritte<\/span><\/span><\/h2>\n<p>[\/vc_column_text][vc_empty_space height=&#8220;9em&#8220;][\/vc_column][\/vc_row][vc_row row_type=&#8220;row&#8220; use_row_as_full_screen_section=&#8220;no&#8220; type=&#8220;full_width&#8220; text_align=&#8220;left&#8220; css_animation=&#8220;&#8220; css=&#8220;.vc_custom_1503187432111{background-color: #f2f2f2 !important;}&#8220;][vc_column][vc_column_text css=&#8220;.vc_custom_1649121302456{padding-top: 40px !important;padding-right: 20px !important;padding-bottom: 40px !important;padding-left: 20px !important;}&#8220;]<\/p>\n<h4 style=\"text-align: center;\"><span style=\"color: #000000;\">Das letzte Video von Lavinia und Chiche N\u00fa\u00f1ez ist da! <\/span><\/h4>\n<p>[\/vc_column_text][vc_video link=&#8220;https:\/\/www.youtube.com\/watch?v=rukwobkZVcU&amp;t=63s&#8220; align=&#8220;center&#8220;][vc_column_text css=&#8220;.vc_custom_1692110182732{padding-top: 40px !important;padding-right: 20px !important;padding-bottom: 40px !important;padding-left: 20px !important;}&#8220;]<\/p>\n<h4 style=\"text-align: left;\"><span style=\"color: #000000;\">Lavinia y Chiche<\/span><\/h4>\n<p style=\"font-size: 150%; line-height: 1.5em; text-align: left;\">Der Videoclip wurde im April 2022 im Chateau de Montelon, Frankreich gedreht und in Berlin von Urquiza Tango Productions (www.urquiza.com) bearbeitet.<br \/>\nLavinia und Chiche N\u00fa\u00f1ez tanzen zur Musik von De Angelis, La Cumparsita, in der Tradition des Urquiza-Stil.<\/p>\n<p>[\/vc_column_text][vc_video link=&#8220;https:\/\/youtu.be\/8Msv5kogQFc&#8220; align=&#8220;center&#8220;][vc_column_text css=&#8220;.vc_custom_1692110201066{padding-top: 40px !important;padding-right: 20px !important;padding-bottom: 40px !important;padding-left: 20px !important;}&#8220;]<\/p>\n<h4 style=\"text-align: left;\"><span style=\"color: #000000;\">Lavinia y Chiche<\/span><\/h4>\n<p style=\"font-size: 150%; line-height: 1.5em; text-align: left;\"><span style=\"color: #000000;\">Der Videoclip wurde im Februar 2022 in Volterra, Toskana, Italien gedreht und im M\u00e4rz 2022 in Berlin von Urquiza Tango Productions bearbeitet.<br \/>\nLavinia und Chiche N\u00fa\u00f1ez tanzen zur Musik von Anibal Troilo B.B., in der Tradition des Urquiza-Stil von Chiche\u00b4s teacher\u00a0Jos\u00e9 Brahemcha.<\/span><\/p>\n<p>[\/vc_column_text][\/vc_column][\/vc_row][vc_row row_type=&#8220;row&#8220; use_row_as_full_screen_section=&#8220;no&#8220; type=&#8220;full_width&#8220; text_align=&#8220;left&#8220; css_animation=&#8220;&#8220; css=&#8220;.vc_custom_1503187432111{background-color: #f2f2f2 !important;}&#8220;][vc_column width=&#8220;1\/3&#8243;][vc_video link=&#8220;https:\/\/youtu.be\/2Ob8h9XsP3E&#8220; align=&#8220;center&#8220;][vc_column_text css=&#8220;.vc_custom_1636977779480{padding-top: 40px !important;padding-right: 20px !important;padding-bottom: 40px !important;padding-left: 20px !important;}&#8220;]<\/p>\n<h4 style=\"text-align: left;\"><span style=\"color: #000000;\">Ester y Chiche<\/span><\/h4>\n<p style=\"font-size: 150%; line-height: 1.5em; text-align: left;\"><span style=\"color: #000000;\">Tango Tanz Auftritt von Ester Duarte &amp; Chiche Nunez im Glaspalast auf dem Pfefferberg im Rahmen vom Embrace Berlin Tango Community Festival am 20. Mai 2018 in Berlin Prenzlauer Berg. Eine Zusammenarbeit von Urquiza Tango Berlin und der Schankhalle Pfefferberg<\/span><\/p>\n<p>[\/vc_column_text][\/vc_column][vc_column width=&#8220;1\/3&#8243;][vc_video link=&#8220;https:\/\/youtu.be\/082gssv3r9c&#8220; align=&#8220;center&#8220;][vc_column_text css=&#8220;.vc_custom_1629797751958{padding-top: 40px !important;padding-right: 20px !important;padding-bottom: 40px !important;padding-left: 20px !important;}&#8220;]<\/p>\n<h4 style=\"text-align: left;\"><span style=\"color: #000000;\">Gaby y Chiche<\/span><\/h4>\n<p style=\"font-size: 150%; line-height: 1.5em; text-align: left;\"><span style=\"color: #000000;\">Inklusion Tango Tanz Auftritt mit Gabi Helmdach auf dem Pfefferberg Theater, Berlin. Pariete Gala am 9. September 2016. In Zusammenarbeit mit Ramba Zamba Theater.\u00a0Konzept und Regie: Giorgio Madia.\u00a0Choreographie: Chiche N\u00fa\u00f1ez<\/span><\/p>\n<p>[\/vc_column_text][\/vc_column][vc_column width=&#8220;1\/3&#8243;][vc_video link=&#8220;https:\/\/youtu.be\/T75i_C5iqTg&#8220; align=&#8220;center&#8220;][vc_column_text css=&#8220;.vc_custom_1636977812614{padding-top: 40px !important;padding-right: 20px !important;padding-bottom: 40px !important;padding-left: 20px !important;}&#8220;]<\/p>\n<h4 style=\"text-align: left;\"><span style=\"color: #000000;\">Ester y Chiche<\/span><\/h4>\n<p style=\"font-size: 150%; line-height: 1.5em; text-align: left;\"><span style=\"color: #000000;\">Tango Auftritt mit Ester Duarte im M\u00e4rz 2009 mit dem Kristiansand Symphony Orchestra, Norwegen. Als Solisten Atle Sponberg (Geige), Sverre Indris Joner (Arrangements und Klavier) Per Arne Glorvigen (Bandoneon), Steinar Haugerud<\/span><\/p>\n<p>[\/vc_column_text][\/vc_column][\/vc_row][vc_row row_type=&#8220;row&#8220; use_row_as_full_screen_section=&#8220;no&#8220; type=&#8220;full_width&#8220; text_align=&#8220;left&#8220; css_animation=&#8220;&#8220; css=&#8220;.vc_custom_1503187432111{background-color: #f2f2f2 !important;}&#8220;][vc_column width=&#8220;1\/3&#8243;][vc_video link=&#8220;https:\/\/vimeo.com\/83488762&#8243; align=&#8220;center&#8220;][vc_column_text css=&#8220;.vc_custom_1629798329085{padding-top: 40px !important;padding-right: 20px !important;padding-bottom: 40px !important;padding-left: 20px !important;}&#8220;]<\/p>\n<h4 style=\"text-align: left;\"><span style=\"color: #000000;\">Ester y Chiche<\/span><\/h4>\n<p style=\"font-size: 150%; line-height: 1.5em; text-align: left;\"><span style=\"color: #000000;\">Tango Auftritt mit Ester Duarte im Kamera Musik Saal der Berliner Philharmonie,\u00a0M\u00e4rz\u00a02013.<\/span><\/p>\n<p style=\"font-size: 150%; line-height: 1.5em; text-align: left;\"><span style=\"color: #000000;\">Musik von Cantango Berlin Ensemble<\/span><\/p>\n<p>[\/vc_column_text][\/vc_column][vc_column width=&#8220;1\/3&#8243;][vc_video link=&#8220;https:\/\/youtu.be\/1owHVMZM_f4&#8243; align=&#8220;center&#8220;][vc_column_text css=&#8220;.vc_custom_1629800836320{padding-top: 40px !important;padding-right: 20px !important;padding-bottom: 40px !important;padding-left: 20px !important;}&#8220;]<\/p>\n<h4 style=\"text-align: left;\"><span style=\"color: #000000;\">Alejandra y Chiche<\/span><\/h4>\n<p style=\"font-size: 150%; line-height: 1.5em; text-align: left;\"><span style=\"color: #000000;\">Tango Auftritt mit Alejandra Gutty in der Kammermusiksaal der Berliner Philharmonie 2012.<\/span><\/p>\n<p style=\"font-size: 150%; line-height: 1.5em; text-align: left;\"><span style=\"color: #000000;\">Musik von Cantago Berlin Tango Ensemble<\/span><\/p>\n<p>[\/vc_column_text][\/vc_column][vc_column width=&#8220;1\/3&#8243;][vc_video link=&#8220;https:\/\/youtu.be\/EBEAxn7P4cs&#8220; align=&#8220;center&#8220;][vc_column_text css=&#8220;.vc_custom_1629800871499{padding-top: 40px !important;padding-right: 20px !important;padding-bottom: 40px !important;padding-left: 20px !important;}&#8220;]<\/p>\n<h4 style=\"text-align: left;\"><span style=\"color: #000000;\">Franca y Chiche<\/span><\/h4>\n<p style=\"font-size: 150%; line-height: 1.5em; text-align: left;\"><span style=\"color: #000000;\">Tango Show &#8222;Obsesi\u00f3n Tango! mit Franca Iari f\u00fcr La casa del Tango Berlin in &#8222;La Luz&#8220; in den Osram H\u00f6fen, Berlin.<\/span><\/p>\n<p>[\/vc_column_text][\/vc_column][\/vc_row][vc_row row_type=&#8220;row&#8220; use_row_as_full_screen_section=&#8220;no&#8220; type=&#8220;full_width&#8220; text_align=&#8220;left&#8220; css_animation=&#8220;&#8220; css=&#8220;.vc_custom_1542814833944{background-color: #f2f2f2 !important;}&#8220;][vc_column][vc_empty_space height=&#8220;4em&#8220;][\/vc_column][\/vc_row][vc_row row_type=&#8220;row&#8220; use_row_as_full_screen_section=&#8220;no&#8220; type=&#8220;full_width&#8220; text_align=&#8220;left&#8220; css_animation=&#8220;&#8220;][vc_column]<a href=\"http:\/\/eepurl.com\/dLMk1w\" target=\"_self\" data-hover-background-color=rgba(135,48,3,0.5)  class=\"qbutton  big_large_full_width move_icon white\" style=\"font-style: normal; border-radius: 10px;-moz-border-radius: 10px;-webkit-border-radius: 10px; background-color: #bf641e;\">Newsletter abonnieren<\/a>[\/vc_column][\/vc_row][vc_row row_type=&#8220;row&#8220; use_row_as_full_screen_section=&#8220;no&#8220; type=&#8220;full_width&#8220; text_align=&#8220;left&#8220; css_animation=&#8220;&#8220; css=&#8220;.vc_custom_1549461507499&#8220;][vc_column][vc_empty_space height=&#8220;3em&#8220;][vc_column_text css=&#8220;.vc_custom_1628444427504{padding-top: 1px !important;padding-right: 20px !important;padding-bottom: 1px !important;padding-left: 20px !important;}&#8220;]<\/p>\n<h2 style=\"text-align: center; font-size: 25px; letter-spacing: 0.05em;\"><span style=\"color: #873003;\">\u201eGef\u00f6rdert durch die Beauftragte der Bundesregierung f\u00fcr Kultur und Medien im Programm NEUSTART KULTUR, Hilfsprogramm DIS-TANZEN des Dachverband Tanz Deutschland.\u201c<\/span><\/h2>\n<p>[\/vc_column_text][vc_empty_space height=&#8220;3em&#8220;][\/vc_column][\/vc_row][vc_row row_type=&#8220;row&#8220; use_row_as_full_screen_section=&#8220;no&#8220; type=&#8220;full_width&#8220; text_align=&#8220;left&#8220; css_animation=&#8220;&#8220; css=&#8220;.vc_custom_1560772895067{background-color: #ffffff !important;}&#8220;][vc_column width=&#8220;1\/3&#8243;][vc_empty_space height=&#8220;3em&#8220;][vc_single_image image=&#8220;27273&#8243; alignment=&#8220;center&#8220; qode_css_animation=&#8220;&#8220;][vc_empty_space height=&#8220;6em&#8220;][\/vc_column][vc_column width=&#8220;1\/3&#8243;][vc_single_image image=&#8220;27271&#8243; img_size=&#8220;large&#8220; alignment=&#8220;center&#8220; qode_css_animation=&#8220;&#8220;][\/vc_column][vc_column width=&#8220;1\/3&#8243;][vc_empty_space height=&#8220;6em&#8220;][vc_single_image image=&#8220;27277&#8243; img_size=&#8220;medium&#8220; alignment=&#8220;center&#8220; qode_css_animation=&#8220;&#8220;][\/vc_column][\/vc_row]<\/p>\n<\/div>","protected":false},"excerpt":{"rendered":"<p>[vc_row row_type=&#8220;row&#8220; use_row_as_full_screen_section=&#8220;no&#8220; type=&#8220;full_width&#8220; text_align=&#8220;left&#8220; css_animation=&#8220;&#8220; css=&#8220;.vc_custom_1549461507499&#8220;][vc_column][vc_column_text css=&#8220;.vc_custom_1629681315332{padding-top: 1px !important;padding-right: 20px !important;padding-bottom: 1px !important;padding-left: 20px !important;}&#8220;] Werdegang [\/vc_column_text][vc_empty_space height=&#8220;9em&#8220;][\/vc_column][\/vc_row][vc_row row_type=&#8220;row&#8220; use_row_as_full_screen_section=&#8220;no&#8220; type=&#8220;full_width&#8220; text_align=&#8220;left&#8220; css_animation=&#8220;&#8220; css=&#8220;.vc_custom_1503187432111{background-color: #f2f2f2 !important;}&#8220;][vc_column width=&#8220;1\/2&#8243;][vc_column_text css=&#8220;.vc_custom_1653910711069{padding-top: 40px !important;padding-right: 20px !important;padding-bottom: 40px !important;padding-left: 20px !important;}&#8220;] Werdegang von Chiche N\u00fa\u00f1ez als K\u00fcnstler f\u00fcr Tango&#8230;<\/p>\n","protected":false},"author":1,"featured_media":0,"parent":0,"menu_order":0,"comment_status":"closed","ping_status":"closed","template":"full_width.php","meta":{"footnotes":""},"class_list":["post-27846","page","type-page","status-publish","hentry"],"_links":{"self":[{"href":"https:\/\/urquiza.com\/index.php\/wp-json\/wp\/v2\/pages\/27846","targetHints":{"allow":["GET"]}}],"collection":[{"href":"https:\/\/urquiza.com\/index.php\/wp-json\/wp\/v2\/pages"}],"about":[{"href":"https:\/\/urquiza.com\/index.php\/wp-json\/wp\/v2\/types\/page"}],"author":[{"embeddable":true,"href":"https:\/\/urquiza.com\/index.php\/wp-json\/wp\/v2\/users\/1"}],"replies":[{"embeddable":true,"href":"https:\/\/urquiza.com\/index.php\/wp-json\/wp\/v2\/comments?post=27846"}],"version-history":[{"count":27,"href":"https:\/\/urquiza.com\/index.php\/wp-json\/wp\/v2\/pages\/27846\/revisions"}],"predecessor-version":[{"id":29246,"href":"https:\/\/urquiza.com\/index.php\/wp-json\/wp\/v2\/pages\/27846\/revisions\/29246"}],"wp:attachment":[{"href":"https:\/\/urquiza.com\/index.php\/wp-json\/wp\/v2\/media?parent=27846"}],"curies":[{"name":"wp","href":"https:\/\/api.w.org\/{rel}","templated":true}]}}