{"id":26756,"date":"2020-04-01T14:35:40","date_gmt":"2020-04-01T12:35:40","guid":{"rendered":"https:\/\/urquiza.com\/index.php\/events-journeys\/"},"modified":"2026-03-09T20:56:21","modified_gmt":"2026-03-09T19:56:21","slug":"events_tango_journeys_and_workshops-2","status":"publish","type":"page","link":"https:\/\/urquiza.com\/index.php\/events_tango_journeys_and_workshops-2\/?lang=en","title":{"rendered":"Tango Tours, Events &amp; Workshops"},"content":{"rendered":"<div class=\"wpb-content-wrapper\"><p>[vc_row css_animation=&#8220;&#8220; row_type=&#8220;row&#8220; use_row_as_full_screen_section=&#8220;no&#8220; type=&#8220;full_width&#8220; text_align=&#8220;left&#8220;][vc_column][vc_column_text][\/vc_column_text][\/vc_column][\/vc_row][vc_row css_animation=&#8220;&#8220; row_type=&#8220;row&#8220; use_row_as_full_screen_section=&#8220;no&#8220; type=&#8220;full_width&#8220; text_align=&#8220;left&#8220; css=&#8220;.vc_custom_1727542311123&#8220;][vc_column width=&#8220;1\/4&#8243;][\/vc_column][vc_column width=&#8220;1\/2&#8243;][vc_empty_space height=&#8220;3em&#8220;][vc_column_text css=&#8220;.vc_custom_1727628726798{padding-top: 20px !important;padding-right: 20px !important;padding-bottom: 20px !important;padding-left: 20px !important;}&#8220;]<\/p>\n<h1 style=\"font-size: 25px; letter-spacing: 0.05em; text-align: center;\"><span style=\"color: #cc3300;\">Experience tango tours with Urquiza<\/span><\/h1>\n<p>[\/vc_column_text][vc_empty_space height=&#8220;3em&#8220;][\/vc_column][vc_column width=&#8220;1\/4&#8243;][\/vc_column][\/vc_row][vc_row css_animation=&#8220;&#8220; row_type=&#8220;row&#8220; use_row_as_full_screen_section=&#8220;no&#8220; type=&#8220;full_width&#8220; text_align=&#8220;left&#8220;][vc_column][vc_column_text][\/vc_column_text][\/vc_column][\/vc_row][vc_row css_animation=&#8220;&#8220; row_type=&#8220;row&#8220; use_row_as_full_screen_section=&#8220;no&#8220; type=&#8220;full_width&#8220; text_align=&#8220;left&#8220; css=&#8220;.vc_custom_1631174081108{background-color: #f2f2f2 !important;}&#8220; el_id=&#8220;Dates&#8220;][vc_column]<a href=\"https:\/\/bookeo.com\/urquiza?initialview=oneOffEvents\" target=\"_blank\" data-hover-background-color=#4169e1  class=\"qbutton  big_large_full_width move_icon white\" style=\"font-style: normal; border-radius: 0px;-moz-border-radius: 0px;-webkit-border-radius: 0px; background-color: #191970;\">Tango Reise hier buchen!<\/a>[vc_single_image image=&#8220;29693&#8243; img_size=&#8220;2000&#215;1125&#8243; alignment=&#8220;center&#8220; qode_css_animation=&#8220;&#8220;]<a href=\"http:\/\/eepurl.com\/dLMk1w\" target=\"_self\" data-hover-background-color=#c40000  class=\"qbutton  big_large_full_width move_icon white\" style=\"font-style: normal; border-radius: 0px;-moz-border-radius: 0px;-webkit-border-radius: 0px; background-color: #a30000;\">Newsletter abonnieren<\/a>[\/vc_column][\/vc_row][vc_row css_animation=&#8220;&#8220; row_type=&#8220;row&#8220; use_row_as_full_screen_section=&#8220;no&#8220; type=&#8220;full_width&#8220; text_align=&#8220;left&#8220; css=&#8220;.vc_custom_1727542311123&#8220; el_id=&#8220;events&#8220;][vc_column width=&#8220;1\/4&#8243;][\/vc_column][vc_column width=&#8220;1\/2&#8243;][vc_empty_space height=&#8220;3em&#8220;][vc_column_text css=&#8220;.vc_custom_1727628507343{padding-top: 20px !important;padding-right: 20px !important;padding-bottom: 20px !important;padding-left: 20px !important;}&#8220;]<\/p>\n<h2 style=\"font-size: 25px; letter-spacing: 0.05em; text-align: center;\"><span style=\"color: #cc3300;\">Tango trips, shows, workshops and events in Germany, Europe and Buenos Aires<\/span><\/h2>\n<p>[\/vc_column_text][vc_empty_space height=&#8220;3em&#8220;][\/vc_column][vc_column width=&#8220;1\/4&#8243;][\/vc_column][\/vc_row][vc_row css_animation=&#8220;&#8220; row_type=&#8220;row&#8220; use_row_as_full_screen_section=&#8220;no&#8220; type=&#8220;full_width&#8220; text_align=&#8220;left&#8220; css=&#8220;.vc_custom_1728036790733{padding-top: 0px !important;padding-right: 0px !important;padding-bottom: 0px !important;padding-left: 0px !important;background-color: #f2f2f2 !important;}&#8220;][vc_column][vc_column_text css=&#8220;.vc_custom_1730454463182{padding-top: 40px !important;padding-right: 20px !important;padding-bottom: 40px !important;padding-left: 20px !important;}&#8220;]<\/p>\n<p style=\"text-align: left; color: #000000; font-size: 1.5em; line-height: 1.5em;\"><span style=\"color: #000000;\">Here you can find all news about Tango Events, Shows, Workshops, Tango Tours and Tango Retreats with Urquiza, in Germany, Europe and Buenos Aires. <\/span><span style=\"color: #000000;\">Artful evenings, weekends full of nature and dance, whole weeks full of impressions in the beautiful south or exciting trips to the tango homeland. <\/span><\/p>\n<p style=\"text-align: left; color: #000000; font-size: 1.5em; line-height: 1.5em;\"><span style=\"color: #000000;\">come with us and live the Tango closer, stronger and more original then ever! <\/span><\/p>\n<p>[\/vc_column_text][\/vc_column][\/vc_row][vc_row css_animation=&#8220;&#8220; row_type=&#8220;row&#8220; use_row_as_full_screen_section=&#8220;no&#8220; type=&#8220;full_width&#8220; text_align=&#8220;left&#8220; css=&#8220;.vc_custom_1727542311123&#8220;][vc_column][vc_empty_space height=&#8220;3em&#8220;][\/vc_column][\/vc_row][vc_row css_animation=&#8220;&#8220; row_type=&#8220;row&#8220; use_row_as_full_screen_section=&#8220;no&#8220; type=&#8220;full_width&#8220; text_align=&#8220;left&#8220; css=&#8220;.vc_custom_1631174081108{background-color: #f2f2f2 !important;}&#8220;][vc_column][vc_empty_space height=&#8220;2em&#8220; css=&#8220;.vc_custom_1728035798970{background-color: #f2f2f2 !important;}&#8220;][\/vc_column][\/vc_row][vc_row css_animation=&#8220;&#8220; row_type=&#8220;row&#8220; use_row_as_full_screen_section=&#8220;no&#8220; type=&#8220;full_width&#8220; text_align=&#8220;left&#8220; css=&#8220;.vc_custom_1484221522970{background-color: #f2f2f2 !important;}&#8220;][vc_column width=&#8220;1\/3&#8243;]<a href=\"mailto:office@dancingworld.at?subject=Workshop mit Lavinia und Chiche\" target=\"_self\" data-hover-background-color=#4169e1  class=\"qbutton  big_large_full_width move_icon white\" style=\"font-style: normal; font-size: 12px; border-radius: 0px;-moz-border-radius: 0px;-webkit-border-radius: 0px; background-color: #191970;\">Linz Tango Workshops buchen<\/a>[vc_single_image image=&#8220;30720&#8243; img_size=&#8220;1000&#215;750&#8243; alignment=&#8220;center&#8220; qode_css_animation=&#8220;&#8220;][vc_column_text css=&#8220;.vc_custom_1761507880229{padding-top: 40px !important;padding-right: 20px !important;padding-bottom: 40px !important;padding-left: 20px !important;}&#8220;]<\/p>\n<h3 style=\"text-align: center;\"><span style=\"color: #000000;\">Linz Spring Tango Workshops<\/span><\/h3>\n<p>&nbsp;<\/p>\n<p style=\"color: #000000; font-size: 1.25em; line-height: 1.25em; text-align: center;\"><span style=\"color: #000000;\">at <\/span><span style=\"color: #000000;\">the dance school Dancing World<\/span><\/p>\n<p style=\"color: #000000; font-size: 1.25em; line-height: 1.25em; text-align: center;\"><span style=\"color: #000000;\">21.-22. March 2026<\/span><\/p>\n<p style=\"color: #000000; font-size: 1.25em; line-height: 1.25em; text-align: center;\">You can find more information about your <a href=\"mailto:office@dancingworld.at?subject=Workshop%20mit%20Lavinia%20und%20Chiche\">tango workshops in Linz<\/a> here!<\/p>\n<p>[\/vc_column_text][\/vc_column][vc_column width=&#8220;1\/3&#8243;]<a href=\"https:\/\/urquiza.com\/index.php\/booking\/\" target=\"_self\" data-hover-background-color=#4169e1  class=\"qbutton  big_large_full_width move_icon white\" style=\"font-style: normal; font-size: 12px; border-radius: 0px;-moz-border-radius: 0px;-webkit-border-radius: 0px; background-color: #191970;\">Volterra Tango Reise buchen!<\/a>[vc_single_image image=&#8220;31533&#8243; img_size=&#8220;960&#215;720&#8243; alignment=&#8220;center&#8220; css=&#8220;&#8220; qode_css_animation=&#8220;&#8220;][vc_column_text css=&#8220;.vc_custom_1761507847543{padding-top: 40px !important;padding-right: 20px !important;padding-bottom: 40px !important;padding-left: 20px !important;}&#8220;]<\/p>\n<h3 style=\"text-align: center;\"><span style=\"color: #000000;\">Tuscany Spring Tango Journey<\/span><\/h3>\n<p>&nbsp;<\/p>\n<p style=\"color: #000000; font-size: 1.25em; line-height: 1.25em; text-align: center;\"><span style=\"color: #000000;\">Volterra, Pisa<br \/>\n07-11. April 2026<\/span><\/p>\n<p style=\"color: #000000; font-size: 1.25em; line-height: 1.25em; text-align: center;\"><a href=\"https:\/\/urquiza.com\/index.php\/tangoreise_volterra_italien_2026\/\">discover Tango in Tuscany!<\/a><\/p>\n<p>[\/vc_column_text][\/vc_column][vc_column width=&#8220;1\/3&#8243;]<a href=\"mailto:gundula@tango-plauen.de?subject=Plauen Workshop mit Lavinia und Chiche\" target=\"_self\" data-hover-background-color=#4169e1  class=\"qbutton  big_large_full_width move_icon white\" style=\"font-style: normal; font-size: 12px; border-radius: 0px;-moz-border-radius: 0px;-webkit-border-radius: 0px; background-color: #191970;\">Plauen Tango Workshops buchen<\/a>[vc_single_image image=&#8220;29959&#8243; img_size=&#8220;960&#215;720&#8243; alignment=&#8220;center&#8220; qode_css_animation=&#8220;&#8220;][vc_column_text css=&#8220;.vc_custom_1773083707167{padding-top: 40px !important;padding-right: 20px !important;padding-bottom: 40px !important;padding-left: 20px !important;}&#8220;]<\/p>\n<h3 style=\"text-align: center;\"><span style=\"color: #000000;\">Plauen Winter Tango Workshops<\/span><\/h3>\n<p>&nbsp;<\/p>\n<p style=\"color: #000000; font-size: 1.25em; line-height: 1.25em; text-align: center;\"><span style=\"color: #000000;\">at Plauen tanzt e.V.<br \/>\n18.-19. April 2026<\/span><\/p>\n<p style=\"color: #000000; font-size: 1.25em; line-height: 1.25em; text-align: center;\">Read all about our <a href=\"\/index.php\/tango_wochenende_plauen\/\">workshops in Plauen!<\/a><\/p>\n<p style=\"text-align: center;\">Picture Copyright Oliver Richter<\/p>\n<p>[\/vc_column_text][\/vc_column][\/vc_row][vc_row css_animation=&#8220;&#8220; row_type=&#8220;row&#8220; use_row_as_full_screen_section=&#8220;no&#8220; type=&#8220;full_width&#8220; text_align=&#8220;left&#8220; css=&#8220;.vc_custom_1484221522970{background-color: #f2f2f2 !important;}&#8220;][vc_column width=&#8220;1\/3&#8243;]<a href=\"https:\/\/www-254b.bookeo.com\/bookeo\/b_urquiza_start.html\" target=\"_self\" data-hover-background-color=#4169e1  class=\"qbutton  big_large_full_width move_icon white\" style=\"font-style: normal; font-size: 12px; border-radius: 0px;-moz-border-radius: 0px;-webkit-border-radius: 0px; background-color: #191970;\">Rom Fr\u00fchling Tango buchen!<\/a>[vc_single_image image=&#8220;29982&#8243; img_size=&#8220;960&#215;720&#8243; alignment=&#8220;center&#8220; css=&#8220;&#8220; qode_css_animation=&#8220;&#8220;][vc_column_text css=&#8220;.vc_custom_1769969009332{padding-top: 40px !important;padding-right: 20px !important;padding-bottom: 40px !important;padding-left: 20px !important;}&#8220;]<\/p>\n<h3 style=\"text-align: center;\"><span style=\"color: #000000;\">Rom Spring Tango Trip<\/span><\/h3>\n<p>&nbsp;<\/p>\n<p style=\"color: #000000; font-size: 1.25em; line-height: 1.25em; text-align: center;\"><span style=\"color: #000000;\">Discover Tango in the eternal city! <\/span><\/p>\n<p style=\"color: #000000; font-size: 1.25em; line-height: 1.25em; text-align: center;\"><span style=\"color: #000000;\">15.-17. May 2026<\/span><\/p>\n<p style=\"color: #000000; font-size: 1.25em; line-height: 1.25em; text-align: center;\"><span style=\"color: #000000;\">Infos &amp;booking ==&gt; <a href=\"https:\/\/urquiza.com\/index.php\/tangoreise_rom\/\">Rom Tango Trip<\/a>!<\/span><\/p>\n<p>[\/vc_column_text][\/vc_column][vc_column width=&#8220;1\/3&#8243;]<a href=\"https:\/\/pfefferberg-theater.de\/spielplan\/kalender\/tango-pasion\/\" target=\"_self\" data-hover-background-color=#4169e1  class=\"qbutton  big_large_full_width move_icon white\" style=\"font-style: normal; font-size: 12px; border-radius: 0px;-moz-border-radius: 0px;-webkit-border-radius: 0px; background-color: #191970;\">Tickets sichern!<\/a>[vc_single_image image=&#8220;28392&#8243; img_size=&#8220;960&#215;720&#8243; alignment=&#8220;center&#8220; css=&#8220;&#8220; qode_css_animation=&#8220;&#8220;][vc_column_text css=&#8220;.vc_custom_1768401838313{padding-top: 40px !important;padding-right: 20px !important;padding-bottom: 40px !important;padding-left: 20px !important;}&#8220;]<\/p>\n<h3 style=\"text-align: center;\"><span style=\"color: #000000;\">Tango Show &#8222;Tango, Pasi\u00f3n de Buenos Aires&#8220;<\/span><\/h3>\n<p>&nbsp;<\/p>\n<p style=\"color: #000000; font-size: 1.25em; line-height: 1.25em; text-align: center;\"><span style=\"color: #000000;\">At Pfefferberg Theater, Berlin<br \/>\nwith After Show Milonga &#8211; 24. May 2026 <\/span><\/p>\n<p style=\"color: #000000; font-size: 1.25em; line-height: 1.25em; text-align: center;\"><a href=\"https:\/\/pfefferberg-theater.de\/spielplan\/kalender\/tango-pasion\/\">Tickets here!<\/a><\/p>\n<p>[\/vc_column_text][\/vc_column][vc_column width=&#8220;1\/3&#8243;]<a href=\"https:\/\/bookeo.com\/urquiza?initialview=oneOffEvents\" target=\"_self\" data-hover-background-color=#4169e1  class=\"qbutton  big_large_full_width move_icon white\" style=\"font-style: normal; font-size: 12px; border-radius: 0px;-moz-border-radius: 0px;-webkit-border-radius: 0px; background-color: #191970;\">Hamburg Tango Wochenende buchen<\/a>[vc_single_image image=&#8220;29962&#8243; img_size=&#8220;960&#215;720&#8243; alignment=&#8220;center&#8220; css=&#8220;&#8220; qode_css_animation=&#8220;&#8220;][vc_column_text css=&#8220;.vc_custom_1772467801968{padding-top: 40px !important;padding-right: 20px !important;padding-bottom: 40px !important;padding-left: 20px !important;}&#8220;]<\/p>\n<h3 style=\"text-align: center;\"><span style=\"color: #000000;\">Hamburg Early Summer Tango Weekend<\/span><\/h3>\n<p>&nbsp;<\/p>\n<p style=\"color: #000000; font-size: 1.25em; line-height: 1.25em; text-align: center;\"><span style=\"color: #000000;\">Location: El Bajo Hamburg<\/span><\/p>\n<p style=\"color: #000000; font-size: 1.25em; line-height: 1.25em; text-align: center;\"><span style=\"color: #000000;\"><span data-olk-copy-source=\"MessageBody\">20.-21. June<\/span><\/span><span style=\"color: #000000;\"> 2026<br \/>\n<\/span><\/p>\n<p style=\"color: #000000; font-size: 1.25em; line-height: 1.25em; text-align: center;\"><span style=\"color: #000000;\">Here you can find all information about our <a href=\"https:\/\/urquiza.com\/index.php\/tango_workshops_hamburg\/\">workshops in Hamburg<\/a>!<\/span><\/p>\n<p>[\/vc_column_text][\/vc_column][\/vc_row][vc_row css_animation=&#8220;&#8220; row_type=&#8220;row&#8220; use_row_as_full_screen_section=&#8220;no&#8220; type=&#8220;full_width&#8220; text_align=&#8220;left&#8220; css=&#8220;.vc_custom_1484221522970{background-color: #f2f2f2 !important;}&#8220;][vc_column width=&#8220;1\/3&#8243;]<a href=\"https:\/\/bookeo.com\/urquiza?initialview=oneOffEvents\" target=\"_self\" data-hover-background-color=#4169e1  class=\"qbutton  big_large_full_width move_icon white\" style=\"font-style: normal; font-size: 12px; border-radius: 0px;-moz-border-radius: 0px;-webkit-border-radius: 0px; background-color: #191970;\">Spreewald Tango Retreat Buchen<\/a>[vc_single_image image=&#8220;28848&#8243; img_size=&#8220;960&#215;720&#8243; alignment=&#8220;center&#8220; qode_css_animation=&#8220;&#8220;][vc_column_text css=&#8220;.vc_custom_1764430343473{padding-top: 40px !important;padding-right: 20px !important;padding-bottom: 40px !important;padding-left: 20px !important;}&#8220;]<\/p>\n<h3 style=\"text-align: center;\"><span style=\"color: #000000;\">Spreewald Summer Tango Retreat<\/span><\/h3>\n<p>&nbsp;<\/p>\n<p style=\"color: #000000; font-size: 1.25em; line-height: 1.25em; text-align: center;\">im <a href=\"https:\/\/alter-gasthof.de\/\">Alten Gasthof<\/a>, Missen<br \/>\n28.-30. August 2026<\/p>\n<p style=\"color: #000000; font-size: 1.25em; line-height: 1.25em; text-align: center;\">Hier findest Du alle Infos zu unserem <a href=\"https:\/\/urquiza.com\/index.php\/tangoreise_spreewald_sommer\/\">Spreewald Tango Retreat<\/a>!<\/p>\n<p>[\/vc_column_text][\/vc_column][vc_column width=&#8220;1\/3&#8243;]<a href=\"\" target=\"_self\" data-hover-background-color=#4169e1  class=\"qbutton  big_large_full_width move_icon white\" style=\"font-style: normal; font-size: 12px; border-radius: 0px;-moz-border-radius: 0px;-webkit-border-radius: 0px; background-color: #191970;\">D\u00e4nemark Tango Wochenende!<\/a>[vc_single_image image=&#8220;30460&#8243; img_size=&#8220;960&#215;720&#8243; alignment=&#8220;center&#8220; css=&#8220;&#8220; qode_css_animation=&#8220;&#8220;][vc_column_text css=&#8220;.vc_custom_1761506657510{padding-top: 40px !important;padding-right: 20px !important;padding-bottom: 40px !important;padding-left: 20px !important;}&#8220;]<\/p>\n<h3 style=\"text-align: center;\"><span style=\"color: #000000;\">Aalborg Late Summer Tango Weekend<\/span><\/h3>\n<p>&nbsp;<\/p>\n<p style=\"color: #000000; font-size: 1.25em; line-height: 1.25em; text-align: center;\"><span style=\"color: #000000;\">Aalborg, D\u00e4nemark<br \/>\n26. &#8211; 27. September 2026 <\/span><\/p>\n<p style=\"color: #000000; font-size: 1.25em; line-height: 1.25em; text-align: center;\">Programm<a href=\"https:\/\/www.facebook.com\/groups\/139986295983\/events\"> bald hier!<\/a><\/p>\n<p>[\/vc_column_text][\/vc_column][vc_column width=&#8220;1\/3&#8243;]<a href=\"mailto:tango@urquiza.com\" target=\"_self\" data-hover-background-color=#4169e1  class=\"qbutton  big_large_full_width move_icon white\" style=\"font-style: normal; font-size: 12px; border-radius: 0px;-moz-border-radius: 0px;-webkit-border-radius: 0px; background-color: #191970;\">Apulien Tango Reise Infos<\/a>[vc_single_image image=&#8220;29695&#8243; img_size=&#8220;960&#215;720&#8243; alignment=&#8220;center&#8220; qode_css_animation=&#8220;&#8220;][vc_column_text css=&#8220;.vc_custom_1771755137423{padding-top: 40px !important;padding-right: 20px !important;padding-bottom: 40px !important;padding-left: 20px !important;}&#8220;]<\/p>\n<h3 style=\"text-align: center;\"><span style=\"color: #000000;\">Apulia Autumn Tango Scolarship<\/span><\/h3>\n<p>&nbsp;<\/p>\n<p style=\"color: #000000; font-size: 1.25em; line-height: 1.25em; text-align: center;\"><span style=\"color: #000000;\">Wir starten dieses Jahr mit dem Urquiza Stipendium: f\u00fcr ein Sch\u00fcler-Paar, 5 Tage Full Immersion Unterricht im sch\u00f6nsten S\u00fcden<\/span><\/p>\n<p style=\"color: #000000; font-size: 1.25em; line-height: 1.25em; text-align: center;\"><span style=\"color: #000000;\">24-28 October 2026<\/span><\/p>\n<p style=\"color: #000000; font-size: 1.25em; line-height: 1.25em; text-align: center;\">Already won for this year, Proposal for<a href=\"mailto:tango@urquiza.com\"> 2027 here!<\/a><\/p>\n<p>[\/vc_column_text][\/vc_column][\/vc_row][vc_row css_animation=&#8220;&#8220; row_type=&#8220;row&#8220; use_row_as_full_screen_section=&#8220;no&#8220; type=&#8220;full_width&#8220; text_align=&#8220;left&#8220;][vc_column][vc_column_text][\/vc_column_text][\/vc_column][\/vc_row][vc_row css_animation=&#8220;&#8220; row_type=&#8220;row&#8220; use_row_as_full_screen_section=&#8220;no&#8220; type=&#8220;full_width&#8220; text_align=&#8220;left&#8220; css=&#8220;.vc_custom_1484221522970{background-color: #f2f2f2 !important;}&#8220;][vc_column width=&#8220;1\/2&#8243;][vc_empty_space height=&#8220;3em&#8220;][vc_column_text css=&#8220;.vc_custom_1732787158977{padding-top: 40px !important;padding-right: 20px !important;padding-bottom: 40px !important;padding-left: 20px !important;}&#8220;]<\/p>\n<p style=\"text-align: center; font-size: 25px; letter-spacing: 0.05em;\"><span style=\"color: #000000;\">Looking for Tango in Berlin?<\/span><\/p>\n<p>[\/vc_column_text][vc_empty_space height=&#8220;1em&#8220;]<a href=\"https:\/\/bookeo.com\/urquiza?initialview=courseEvents\" target=\"_self\" data-hover-background-color=#c40000  class=\"qbutton  big_large_full_width move_icon white\" style=\"font-style: normal; font-size: 12px; border-radius: 0px;-moz-border-radius: 0px;-webkit-border-radius: 0px; background-color: #a30000;\">Buche Deinen Unterricht in Berlin<\/a>[vc_empty_space height=&#8220;3em&#8220;][\/vc_column][vc_column width=&#8220;1\/2&#8243;][vc_empty_space height=&#8220;3em&#8220;][vc_column_text css=&#8220;.vc_custom_1734539558858{padding-top: 40px !important;padding-right: 20px !important;padding-bottom: 40px !important;padding-left: 20px !important;}&#8220;]<\/p>\n<p style=\"text-align: center; font-size: 25px; letter-spacing: 0.05em;\"><span style=\"color: #000000;\">Here to our Online offers!<\/span><\/p>\n<p>[\/vc_column_text][vc_empty_space height=&#8220;1em&#8220;]<a href=\"https:\/\/urquiza.com\/index.php\/urquiza_tango_channel\/\" target=\"_self\" data-hover-background-color=#c40000  class=\"qbutton  big_large_full_width move_icon white\" style=\"font-style: normal; font-size: 12px; border-radius: 0px;-moz-border-radius: 0px;-webkit-border-radius: 0px; background-color: #a30000;\">Lerne Tango Online!<\/a>[vc_empty_space height=&#8220;3em&#8220;][\/vc_column][\/vc_row][vc_row css_animation=&#8220;&#8220; row_type=&#8220;row&#8220; use_row_as_full_screen_section=&#8220;no&#8220; type=&#8220;full_width&#8220; text_align=&#8220;left&#8220;][vc_column][vc_column_text][\/vc_column_text][\/vc_column][\/vc_row]<\/p>\n<\/div>","protected":false},"excerpt":{"rendered":"<p>[vc_row css_animation=&#8220;&#8220; row_type=&#8220;row&#8220; use_row_as_full_screen_section=&#8220;no&#8220; type=&#8220;full_width&#8220; text_align=&#8220;left&#8220;][vc_column][vc_column_text][\/vc_column_text][\/vc_column][\/vc_row][vc_row css_animation=&#8220;&#8220; row_type=&#8220;row&#8220; use_row_as_full_screen_section=&#8220;no&#8220; type=&#8220;full_width&#8220; text_align=&#8220;left&#8220; css=&#8220;.vc_custom_1727542311123&#8220;][vc_column width=&#8220;1\/4&#8243;][\/vc_column][vc_column width=&#8220;1\/2&#8243;][vc_empty_space height=&#8220;3em&#8220;][vc_column_text css=&#8220;.vc_custom_1727628726798{padding-top: 20px !important;padding-right: 20px !important;padding-bottom: 20px !important;padding-left: 20px !important;}&#8220;] Experience tango tours with Urquiza [\/vc_column_text][vc_empty_space height=&#8220;3em&#8220;][\/vc_column][vc_column width=&#8220;1\/4&#8243;][\/vc_column][\/vc_row][vc_row css_animation=&#8220;&#8220; row_type=&#8220;row&#8220; use_row_as_full_screen_section=&#8220;no&#8220; type=&#8220;full_width&#8220; text_align=&#8220;left&#8220;][vc_column][vc_column_text][\/vc_column_text][\/vc_column][\/vc_row][vc_row css_animation=&#8220;&#8220; row_type=&#8220;row&#8220; use_row_as_full_screen_section=&#8220;no&#8220; type=&#8220;full_width&#8220; text_align=&#8220;left&#8220; css=&#8220;.vc_custom_1631174081108{background-color: #f2f2f2 !important;}&#8220;&#8230;<\/p>\n","protected":false},"author":1,"featured_media":0,"parent":0,"menu_order":0,"comment_status":"open","ping_status":"closed","template":"full_width.php","meta":{"footnotes":""},"class_list":["post-26756","page","type-page","status-publish","hentry"],"_links":{"self":[{"href":"https:\/\/urquiza.com\/index.php\/wp-json\/wp\/v2\/pages\/26756","targetHints":{"allow":["GET"]}}],"collection":[{"href":"https:\/\/urquiza.com\/index.php\/wp-json\/wp\/v2\/pages"}],"about":[{"href":"https:\/\/urquiza.com\/index.php\/wp-json\/wp\/v2\/types\/page"}],"author":[{"embeddable":true,"href":"https:\/\/urquiza.com\/index.php\/wp-json\/wp\/v2\/users\/1"}],"replies":[{"embeddable":true,"href":"https:\/\/urquiza.com\/index.php\/wp-json\/wp\/v2\/comments?post=26756"}],"version-history":[{"count":432,"href":"https:\/\/urquiza.com\/index.php\/wp-json\/wp\/v2\/pages\/26756\/revisions"}],"predecessor-version":[{"id":31735,"href":"https:\/\/urquiza.com\/index.php\/wp-json\/wp\/v2\/pages\/26756\/revisions\/31735"}],"wp:attachment":[{"href":"https:\/\/urquiza.com\/index.php\/wp-json\/wp\/v2\/media?parent=26756"}],"curies":[{"name":"wp","href":"https:\/\/api.w.org\/{rel}","templated":true}]}}