{"id":25751,"date":"2019-06-26T16:06:23","date_gmt":"2019-06-26T14:06:23","guid":{"rendered":"https:\/\/urquiza.com\/?page_id=25751"},"modified":"2019-06-26T16:06:51","modified_gmt":"2019-06-26T14:06:51","slug":"miguel_calo","status":"publish","type":"page","link":"https:\/\/urquiza.com\/index.php\/miguel_calo\/","title":{"rendered":"Miguel Cal\u00f3"},"content":{"rendered":"<div class=\"wpb-content-wrapper\"><p>[vc_row row_type=&#8220;row&#8220; use_row_as_full_screen_section=&#8220;no&#8220; type=&#8220;full_width&#8220; text_align=&#8220;left&#8220; css_animation=&#8220;&#8220; css=&#8220;.vc_custom_1486656312563&#8220; el_id=&#8220;events&#8220;][vc_column][vc_empty_space height=&#8220;3em&#8220;][vc_column_text]<\/p>\n<h1 style=\"text-align: center; font-size: 25px; letter-spacing: 0.05em;\"><span style=\"color: #873003;\"><b><span style=\"font-family: .SFUIText-Bold;\">Miguel Cal\u00f3<\/span><\/b><\/span><\/h1>\n<p>[\/vc_column_text][vc_empty_space height=&#8220;3em&#8220;][\/vc_column][\/vc_row][vc_row row_type=&#8220;row&#8220; use_row_as_full_screen_section=&#8220;no&#8220; type=&#8220;full_width&#8220; text_align=&#8220;left&#8220; css_animation=&#8220;&#8220; el_id=&#8220;club&#8220;][vc_column][vc_empty_space height=&#8220;4em&#8220;][\/vc_column][\/vc_row][vc_row row_type=&#8220;row&#8220; use_row_as_full_screen_section=&#8220;no&#8220; type=&#8220;full_width&#8220; text_align=&#8220;left&#8220; css_animation=&#8220;&#8220;][vc_column width=&#8220;1\/2&#8243;][vc_single_image image=&#8220;25745&#8243; img_size=&#8220;full&#8220; qode_css_animation=&#8220;&#8220;][\/vc_column][vc_column width=&#8220;1\/2&#8243; css=&#8220;.vc_custom_1550158915950{padding-top: 40px !important;padding-right: 20px !important;padding-bottom: 40px !important;padding-left: 20px !important;}&#8220;][vc_column_text css=&#8220;.vc_custom_1561557923549{padding-top: 40px !important;padding-right: 20px !important;padding-bottom: 40px !important;padding-left: 20px !important;}&#8220;]<\/p>\n<h2 style=\"text-align: left;\"><span style=\"color: #000000;\"><b><span style=\"font-family: .SFUIText-Bold;\">Miguel Cal\u00f3<\/span><\/b>\u00a0(1907-1972)<\/span><\/h2>\n<p>&nbsp;<\/p>\n<p style=\"text-align: left; color: #000000; font-size: 1.5em; line-height: 1.5em;\">steht exemplarisch f\u00fcr eine neue Entwicklung der Orchester der 40er Jahre. Er war ausgebildeter Musiker, hatte Violine und Bandoneon studiert. 1929 gr\u00fcndete er seine erste Band. In den drei\u00dfiger Jahren entwickelte er seinen Stil, gepr\u00e4gt durch das Klavier, das die Musikalit\u00e4t mit dem Beat f\u00fcr die T\u00e4nzer vorteilhaft zu verbinden verstand. Seine Musik aus jenen Jahren steht in der Linie von di Sarli und Fresedo.<\/p>\n<p style=\"text-align: left; color: #000000; font-size: 1.5em; line-height: 1.5em;\">Die letzte Aufnahme mit diesem Orchester erfolgte 1938. Anfang der vierziger Jahre meldete er sich mit einer umgestellten und verj\u00fcngten Formation eindrucksvoll zur\u00fcck.<\/p>\n<p style=\"text-align: left; color: #000000; font-size: 1.5em; line-height: 1.5em;\">Das Spiel seines Orchesters zeichnete sich nun durch einen sanften und geschmeidigen Beat aus. Die melodischen Anteile waren durch die hervorgehobene Pr\u00e4senz der Geigen stark akzentuiert und gut zu erkennen, w\u00e4hrenddessen im Hintergrund eine Bandoneon-Abteilung einen leicht staccatoartigen Rhythmus vorgab und von einem spektakul\u00e4ren Klavier unterst\u00fctzt wurde (Ricardo Garcia Blaia, <a href=\"http:\/\/www.todotango.com\/\">www.todotango.com<\/a>). Mit seinem Orchester bot Miguel Calo in den vierziger Jahren der aufstrebenden urbanen Gesellschaft von Buenos Aires einen neuen Klang, der begeistert aufgenommen wurde. Seine sehr lyrischen Tangos setzten sich nun klar von der rhythmisch gepr\u00e4gten Tradition der Drei\u00dfiger ab. Sie wurden dargeboten von Musikern der Spitzenklasse: Neben anderen spielten damals Osmar Maderna am Kavier, der Bandoneonist Armando Pontier und der Geiger Enrique Francini in Miguel Cal\u00f3s Orchester. Sie alle traten sp\u00e4ter mit eigenen Orchestern auf.<\/p>\n<p style=\"text-align: left; color: #000000; font-size: 1.5em; line-height: 1.5em;\">Unter den S\u00e4ngern, die mit Miguel Cal\u00f3 zusammen arbeiteten, soll vor allem Raul Ber\u00f3n hervorgehoben werden. Er verlieh seinen Tangos einen unwiderstehlichen, gef\u00fchlvollen Ton. Alle diese Namen finden wir 1961 wieder mit Miguel Cal\u00f3 vereint, in seinem \u201eOrquesta de las estrellas&#8220;. Erneut waren die Musiker enorm erfolgreich und ver\u00f6ffentlichten 1963 zw\u00f6lf neue Titel. Mit der Vollkommenheit der Darbietung des Orchesters und jedes einzelnen seiner Mitglieder l\u00e4\u00dft uns Miguel Calo die goldenen Vierziger des Tangos heute und in Zukunft genie\u00dfen.<\/p>\n<p>&nbsp;<\/p>\n<p style=\"text-align: left; color: #000000; font-size: 1.5em; line-height: 1.5em;\">Biographische Notizen:<\/p>\n<p style=\"text-align: left; color: #000000; font-size: 1.5em; line-height: 1.5em;\"><a href=\"http:\/\/www.todotango.com\/english\/artists\/biography\/27\/Miguel-Calo\/\">http:\/\/www.todotango.com\/english\/artists\/biography\/27\/Miguel-Calo\/<\/a><\/p>\n<p>&nbsp;<\/p>\n<p style=\"text-align: left; color: #000000; font-size: 1.5em; line-height: 1.5em;\">Cal\u00f3 und sein Orchester im bewegten Bild \u2013 mit dem S\u00e4nger Hector Palacios:<\/p>\n<p style=\"text-align: left; color: #000000; font-size: 1.5em; line-height: 1.5em;\"><a href=\"https:\/\/youtu.be\/-VEr7hiVokA\">https:\/\/youtu.be\/-VEr7hiVokA<\/a><\/p>\n<p>&nbsp;<\/p>\n<p style=\"text-align: left; color: #000000; font-size: 1.5em; line-height: 1.5em;\">Typische Tandas &#8211; mit dem S\u00e4nger Raul Beron:<\/p>\n<p style=\"text-align: left; color: #000000; font-size: 1.5em; line-height: 1.5em;\"><a href=\"https:\/\/youtu.be\/LZSKKUOFi9Q\">https:\/\/youtu.be\/LZSKKUOFi9Q<\/a><\/p>\n<p>&nbsp;<\/p>\n<p style=\"text-align: left; color: #000000; font-size: 1.5em; line-height: 1.5em;\">Einige Bilder von Miguel Cal\u00f3, seinem Orchester und seinen S\u00e4ngern:<\/p>\n<p style=\"text-align: left; color: #000000; font-size: 1.5em; line-height: 1.5em;\"><a href=\"https:\/\/youtu.be\/uw2WS9Gd1PU\">https:\/\/youtu.be\/uw2WS9Gd1PU<\/a><\/p>\n<p>[\/vc_column_text][\/vc_column][\/vc_row]<\/p>\n<\/div>","protected":false},"excerpt":{"rendered":"<p>[vc_row row_type=&#8220;row&#8220; use_row_as_full_screen_section=&#8220;no&#8220; type=&#8220;full_width&#8220; text_align=&#8220;left&#8220; css_animation=&#8220;&#8220; css=&#8220;.vc_custom_1486656312563&#8220; el_id=&#8220;events&#8220;][vc_column][vc_empty_space height=&#8220;3em&#8220;][vc_column_text] Miguel Cal\u00f3 [\/vc_column_text][vc_empty_space height=&#8220;3em&#8220;][\/vc_column][\/vc_row][vc_row row_type=&#8220;row&#8220; use_row_as_full_screen_section=&#8220;no&#8220; type=&#8220;full_width&#8220; text_align=&#8220;left&#8220; css_animation=&#8220;&#8220; el_id=&#8220;club&#8220;][vc_column][vc_empty_space height=&#8220;4em&#8220;][\/vc_column][\/vc_row][vc_row row_type=&#8220;row&#8220; use_row_as_full_screen_section=&#8220;no&#8220; type=&#8220;full_width&#8220; text_align=&#8220;left&#8220; css_animation=&#8220;&#8220;][vc_column width=&#8220;1\/2&#8243;][vc_single_image image=&#8220;25745&#8243; img_size=&#8220;full&#8220; qode_css_animation=&#8220;&#8220;][\/vc_column][vc_column width=&#8220;1\/2&#8243; css=&#8220;.vc_custom_1550158915950{padding-top: 40px !important;padding-right: 20px !important;padding-bottom: 40px !important;padding-left: 20px !important;}&#8220;][vc_column_text css=&#8220;.vc_custom_1561557923549{padding-top: 40px !important;padding-right: 20px !important;padding-bottom: 40px&#8230;<\/p>\n","protected":false},"author":1,"featured_media":0,"parent":0,"menu_order":0,"comment_status":"open","ping_status":"closed","template":"full_width.php","meta":{"footnotes":""},"class_list":["post-25751","page","type-page","status-publish","hentry"],"_links":{"self":[{"href":"https:\/\/urquiza.com\/index.php\/wp-json\/wp\/v2\/pages\/25751","targetHints":{"allow":["GET"]}}],"collection":[{"href":"https:\/\/urquiza.com\/index.php\/wp-json\/wp\/v2\/pages"}],"about":[{"href":"https:\/\/urquiza.com\/index.php\/wp-json\/wp\/v2\/types\/page"}],"author":[{"embeddable":true,"href":"https:\/\/urquiza.com\/index.php\/wp-json\/wp\/v2\/users\/1"}],"replies":[{"embeddable":true,"href":"https:\/\/urquiza.com\/index.php\/wp-json\/wp\/v2\/comments?post=25751"}],"version-history":[{"count":2,"href":"https:\/\/urquiza.com\/index.php\/wp-json\/wp\/v2\/pages\/25751\/revisions"}],"predecessor-version":[{"id":25753,"href":"https:\/\/urquiza.com\/index.php\/wp-json\/wp\/v2\/pages\/25751\/revisions\/25753"}],"wp:attachment":[{"href":"https:\/\/urquiza.com\/index.php\/wp-json\/wp\/v2\/media?parent=25751"}],"curies":[{"name":"wp","href":"https:\/\/api.w.org\/{rel}","templated":true}]}}