{"id":25727,"date":"2019-08-17T22:53:19","date_gmt":"2019-08-17T20:53:19","guid":{"rendered":"https:\/\/urquiza.com\/?page_id=25727"},"modified":"2019-11-20T16:02:33","modified_gmt":"2019-11-20T15:02:33","slug":"tango_anfaenger_kurse_tanzen_lernen_berlin","status":"publish","type":"page","link":"https:\/\/urquiza.com\/index.php\/tango_anfaenger_kurse_tanzen_lernen_berlin\/","title":{"rendered":"Anf\u00e4nger Kurse"},"content":{"rendered":"<div class=\"wpb-content-wrapper\"><p>[vc_row row_type=&#8220;row&#8220; use_row_as_full_screen_section=&#8220;no&#8220; type=&#8220;full_width&#8220; text_align=&#8220;left&#8220; background_color=&#8220;#ffffff&#8220; css_animation=&#8220;&#8220; css=&#8220;.vc_custom_1484085418742&#8220;][vc_column][vc_empty_space height=&#8220;3em&#8220;][vc_column_text]<\/p>\n<h1 style=\"text-align: center; font-size: 25px; letter-spacing: 0.05em;\"><span style=\"color: #873003;\"><strong>Tango Anf\u00e4nger Kurse in Berlin Prenzlauer Berg<\/strong><\/span><\/h1>\n<p>[\/vc_column_text][vc_empty_space height=&#8220;3em&#8220;][\/vc_column][\/vc_row][vc_row row_type=&#8220;row&#8220; use_row_as_full_screen_section=&#8220;no&#8220; type=&#8220;full_width&#8220; text_align=&#8220;left&#8220; css_animation=&#8220;&#8220; css=&#8220;.vc_custom_1484098308036{background-color: #f2f2f2 !important;}&#8220;][vc_column width=&#8220;1\/2&#8243;][vc_single_image image=&#8220;23932&#8243; img_size=&#8220;full&#8220; qode_css_animation=&#8220;&#8220;][\/vc_column][vc_column width=&#8220;1\/2&#8243; css=&#8220;.vc_custom_1486718097839{padding-top: 40px !important;padding-bottom: 40px !important;}&#8220;][vc_column_text css=&#8220;.vc_custom_1566923950139{padding-right: 20px !important;padding-left: 20px !important;}&#8220;]<\/p>\n<h2 style=\"text-align: left;\"><span style=\"color: #000000;\">Tango Anf\u00e4nger Kurs in Berlin Prenzlauer Berg bei Urquiza auf dem Pfefferberg &#8211; mit und ohne Tanzpartner<\/span><\/h2>\n<p>&nbsp;<\/p>\n<p style=\"font-size: 1.5em; line-height: 1.5em; text-align: left;\" align=\"justify\"><span style=\"color: #000000;\">Weiter unten findet Ihr alles rund um Euren Anf\u00e4nger Kurs bei uns in Urquiza in Prenzlauer Berg, Berlin.\u00a0<\/span><\/p>\n<p style=\"font-size: 1.5em; line-height: 1.5em; text-align: left;\" align=\"justify\"><span style=\"color: #000000;\">Konzept,\u00a0Kursinhalt, Termine, Veranstaltungsort und wichtige erg\u00e4nzenden Hinweise u.a.<\/span><\/p>\n<p>[\/vc_column_text][\/vc_column][\/vc_row][vc_row row_type=&#8220;row&#8220; use_row_as_full_screen_section=&#8220;no&#8220; type=&#8220;full_width&#8220; text_align=&#8220;left&#8220; css_animation=&#8220;&#8220;][vc_column][vc_empty_space height=&#8220;2px&#8220;][\/vc_column][\/vc_row][vc_row row_type=&#8220;row&#8220; use_row_as_full_screen_section=&#8220;no&#8220; type=&#8220;full_width&#8220; text_align=&#8220;left&#8220; css_animation=&#8220;&#8220; css=&#8220;.vc_custom_1486673687865{background-color: #f2f2f2 !important;}&#8220;][vc_column css=&#8220;.vc_custom_1484737332229{padding-right: 20px !important;padding-left: 20px !important;}&#8220;][vc_column_text css=&#8220;.vc_custom_1566923486934{padding-top: 40px !important;padding-right: 20px !important;padding-bottom: 40px !important;padding-left: 20px !important;}&#8220;]<\/p>\n<p style=\"font-size: 1.5em; line-height: 1.5em; text-align: left;\" align=\"justify\"><span style=\"color: #873003;\"><strong>Termine: <\/strong><\/span><\/p>\n<p style=\"font-size: 1.5em; line-height: 1.5em; text-align: left;\" align=\"justify\"><span style=\"color: #873003;\"><strong>Mit und Ohne Partner:<\/strong>\u00a0Siehe unter unserem <a href=\"https:\/\/urquiza.com\/#Kurstermine\">Kursprogramm<\/a>.<\/span><\/p>\n<p style=\"font-size: 1.5em; line-height: 1.5em; text-align: left;\" align=\"justify\"><span style=\"color: #873003;\">Ihr kennt schon unser Angebot und m\u00f6chtet euren Anf\u00e4nger Kurs buchen?<\/span><\/p>\n<p>[\/vc_column_text][\/vc_column][\/vc_row][vc_row row_type=&#8220;row&#8220; use_row_as_full_screen_section=&#8220;no&#8220; type=&#8220;full_width&#8220; text_align=&#8220;left&#8220; css_animation=&#8220;&#8220;][vc_column][vc_empty_space height=&#8220;2em&#8220;][\/vc_column][\/vc_row][vc_row row_type=&#8220;row&#8220; use_row_as_full_screen_section=&#8220;no&#8220; type=&#8220;full_width&#8220; text_align=&#8220;left&#8220; css_animation=&#8220;&#8220;][vc_column]<a href=\"https:\/\/bookeo.com\/urquiza?type=3254PNPMNA1665935D18A\" target=\"_self\"  class=\"qbutton  big_large_full_width move_icon\" style=\"color: #ffffff; border-color: #ffffff; font-style: normal; border-radius: 10px;-moz-border-radius: 10px;-webkit-border-radius: 10px; background-color: #873003;\">Anf\u00e4nger Kurs buchen!<\/a>[\/vc_column][\/vc_row][vc_row row_type=&#8220;row&#8220; use_row_as_full_screen_section=&#8220;no&#8220; type=&#8220;full_width&#8220; text_align=&#8220;left&#8220; css_animation=&#8220;&#8220;][vc_column][vc_empty_space height=&#8220;2em&#8220;][\/vc_column][\/vc_row][vc_row row_type=&#8220;row&#8220; use_row_as_full_screen_section=&#8220;no&#8220; type=&#8220;full_width&#8220; text_align=&#8220;left&#8220; css_animation=&#8220;&#8220; css=&#8220;.vc_custom_1486673687865{background-color: #f2f2f2 !important;}&#8220;][vc_column css=&#8220;.vc_custom_1484737332229{padding-right: 20px !important;padding-left: 20px !important;}&#8220;][vc_column_text css=&#8220;.vc_custom_1574261636598{padding-top: 40px !important;padding-right: 20px !important;padding-bottom: 40px !important;padding-left: 20px !important;}&#8220;]<\/p>\n<h2><span style=\"color: #000000;\">Unser Unterrichtssystem f\u00fcr die Anf\u00e4nger Kurse f\u00fcr Paaren und ohne Partner in Urquiza in Berlin Prenzlauer Berg<\/span><\/h2>\n<p>&nbsp;<\/p>\n<p style=\"font-size: 1.5em; line-height: 1.5em; text-align: left;\" align=\"&quot;justify\"><span style=\"color: #000000;\">Unser Anf\u00e4nger Kurs Konzept bietet einen exzellenten Zugang zum Tango Argentino in Berlin Prenzlauer Berg. Mit dem erg\u00e4nzenden Angebot f\u00fcr Sch\u00fcler ohne Partner m\u00f6chten wir zus\u00e4tzliche M\u00f6glichkeiten anbieten, dem Tanz und dessen Kultur n\u00e4her zu kommen!<\/span><\/p>\n<p style=\"font-size: 1.5em; line-height: 1.5em; text-align: left;\" align=\"&quot;justify\"><span style=\"color: #000000;\">Fachliche Inhalte werden in allen Anf\u00e4nger Terminen der jeweiligen Woche gleich behandelt und ihr k\u00f6nnt nach neun Wochen in der Stufe 2 (ab hier mit Partner) weiterlernen. Bitte beachtet die entsprechenden Tage und Uhrzeiten!<\/span><\/p>\n<p style=\"font-size: 1.5em; line-height: 1.5em; text-align: left;\"><span style=\"color: #000000;\">Bei dem Anf\u00e4nger Kurs k\u00f6nnen alle Anf\u00e4nger und Wiedereinsteiger kommen und in entspannter Atmosph\u00e4re die Grundlagen des Argentinischen Tango kennenlernen. Fokus liegt auf die Umarmung, Verbindung und Kommunikation. Gehen und einfache Variationen werden ge\u00fcbt.<\/span><\/p>\n<p style=\"font-size: 1.5em; line-height: 1.5em; text-align: left;\"><span style=\"color: #000000;\">Der Unterricht ist offen aufgebaut und bietet die M\u00f6glichkeit zur Entdeckung beider Rollen. Partner- und Rollentausch werden hier intensiver praktiziert.<\/span><\/p>\n<p style=\"font-size: 1.5em; line-height: 1.5em; text-align: left;\"><span style=\"color: #000000;\">In diesem Rahmen k\u00f6nnen Tango-Neulinge gleichgesinnte kennenlernen und wir hoffen, viele neuen Tanzpartnerschaften entstehen zu sehen!<\/span><\/p>\n<p>&nbsp;<\/p>\n<h3 style=\"font-size: 1.5em; line-height: 1.5em; text-align: left;\" align=\"&quot;justify\"><span style=\"color: #000000;\"><strong>Inhalt des Tango Anf\u00e4nger Kurses<\/strong><\/span><\/h3>\n<p style=\"font-size: 1.5em; line-height: 1.5em; text-align: left;\" align=\"&quot;justify\"><span style=\"color: #000000;\">\u2022\u00a0Geschichte. Wir thematisieren in unseren Kursen sowohl die Tango Bewegungen als auch seine Herkunft. Der Tango Anf\u00e4nger bekommt vom Anfang an die historische und pragmatische Beweggr\u00fcnde vermittelt, die eine bestimmte Bewegung hervorgebracht und entwickelt haben. Diese Erkl\u00e4rung erleichtert die Aufnahme von neuen Bewegungen und normalisiert den Umgang mit dem eigenen K\u00f6rper in Bezug zu der Tango Haltung und Umarmung.<\/span><\/p>\n<p style=\"font-size: 1.5em; line-height: 1.5em; text-align: left;\" align=\"&quot;justify\"><span style=\"color: #000000;\">\u2022 Die Tango Bewegungen und Schritten die w\u00f6chentlich unterrichtet werden sind aufeinander aufgebaut. So wird die Aufnahme sowohl auf einer intuitiven als auch logischen Ebene erleichtert.<\/span><\/p>\n<p style=\"font-size: 1.5em; line-height: 1.5em; text-align: left;\" align=\"&quot;justify\"><span style=\"color: #000000;\">\u2022 Wir leiten den Unterricht vom Anfang an mit klarem Hinweis auf die Umgangsformen die im sozialen Tango n\u00f6tig sind, um missverst\u00e4ndliche Handlungen zu vermeiden und ein sicheres Wohlgef\u00fchl zu steigern.<\/span><\/p>\n<p style=\"font-size: 1.5em; line-height: 1.5em; text-align: left;\" align=\"&quot;justify\"><span style=\"color: #000000;\">\u2022 Der k\u00fcnstlerische Leiter der Schule, Chiche N\u00fa\u00f1ez, tanzt seit 1996 und lehrt den Tango seit \u00fcber 20 Jahren. Ausgebildet wurde er in Argentinien bei Jos\u00e9 Brahemcha und ist sein anerkannter Nachfolger als Vertreter des Urquiza Tango Stils, der Mitte der 40er Jahre entstanden ist. Der gesamte Unterricht ist einheitlich aufgebaut unabh\u00e4ngig von Unterrichtsleitern oder Leiterinnen durch die Anwendung\u00a0des gleichen Konzeptes und Programms.<\/span><\/p>\n<p>&nbsp;<\/p>\n<h3 style=\"font-size: 1.5em; line-height: 1.5em; text-align: left;\" align=\"&quot;justify\"><span style=\"color: #000000;\"><strong>Termine f\u00fcr Tango Anf\u00e4nger Kurs<\/strong><\/span><\/h3>\n<p style=\"font-size: 1.5em; line-height: 1.5em; text-align: left;\" align=\"&quot;justify\"><span style=\"color: #000000;\">Wir bieten Euch bis zu 2 verschiedenen Terminen in der Woche \u00a0f\u00fcr Euren Tango Anf\u00e4nger Kurs. Die Wahl steht euch frei und Ihr k\u00f6nnt den Anf\u00e4nger Kurs so oft ihr m\u00f6chtet besuchen. Der Inhalt des Kurses ist innerhalb einer Woche immer der gleiche. Ihr k\u00f6nnt auch zwischen Terminen wechseln um Euren Alltag an den Tango langsam anpassen zu k\u00f6nnen. Falls Ihr eine Woche nicht kommen k\u00f6nnt macht das Tango Anf\u00e4nger Kurs System das Nachholen sehr leicht. Kommt einfach mehrmals die Woche und holt einen zweiten Anf\u00e4nger Kurs Termin nach.\u00a0<\/span><\/p>\n<p>&nbsp;<\/p>\n<h3 style=\"font-size: 1.5em; line-height: 1.5em; text-align: left;\" align=\"&quot;justify\"><span style=\"color: #000000;\"><strong>R\u00e4umlichkeiten unseres Tanzstudio in Berlin<\/strong><\/span><\/h3>\n<p style=\"font-size: 1.5em; line-height: 1.5em; text-align: left;\" align=\"&quot;justify\"><span style=\"color: #000000;\">Der Anf\u00e4nger Tango Kurs findet in unserer\u00a0Cafeteria der Via Werkst\u00e4tten gGmbH in der Sch\u00f6nhauser Allee 175, Hinterhof, EG rechts. Der Eingang zum Hinterhof ist durch die Einfahrt, gleich neben dem Blumenladen. Die Cafeteria ist ein sehr freundlicher und ruhiger Raum, welcher mit Parkettboden und angenehme Verweilm\u00f6glichkeiten, Toilette usw. ausgestattet ist.<\/span><\/p>\n<p style=\"font-size: 1.5em; line-height: 1.5em; text-align: left;\" align=\"&quot;justify\"><span style=\"color: #000000;\">Wir sind in Berlin Prenzlauer Berg, U2 Senefelderplatz. Wir arbeiten max. mit bis zu 10 Paaren sowohl mit genug Platz als auch viel Aufmerksamkeit von unseren Unterrichtsleitern.<\/span><\/p>\n<p>&nbsp;<\/p>\n<h3 style=\"font-size: 1.5em; line-height: 1.5em; text-align: left;\" align=\"&quot;justify\"><span style=\"color: #000000;\"><strong>Weitere wichtige Hinweise f\u00fcr den Unterricht<\/strong><\/span><\/h3>\n<p style=\"font-size: 1.5em; line-height: 1.5em; text-align: left;\" align=\"&quot;justify\"><span style=\"color: #000000;\">Welche Schuhe soll ich f\u00fcr meinen Tango Anf\u00e4nger Kurs mitbringen?<\/span><\/p>\n<p style=\"font-size: 1.5em; line-height: 1.5em; text-align: left;\" align=\"&quot;justify\"><span style=\"color: #000000;\">Zu Eurer ersten Stunde bringt bequeme Schuhe mit. Es ist sehr gut, wenn die Schuhe keinen oder einen kleinen Rand haben. Eine Ledersohle ist ebenfalls empfehlenswert. Am Anfang ist es ausreichend Schuhe zu tragen, mit welchen ihr bequem stehen und gehen k\u00f6nnt. Die Damen k\u00f6nnen gerne Schuhe mit etwa h\u00f6heren Abs\u00e4tzen tragen, ist aber am Anfang nicht zwingend erforderlich.<\/span><\/p>\n<p style=\"font-size: 1.5em; line-height: 1.5em; text-align: left;\" align=\"&quot;justify\"><span style=\"color: #000000;\">Was soll ich f\u00fcr den Tango Anf\u00e4nger Kurs anziehen?<\/span><\/p>\n<p style=\"font-size: 1.5em; line-height: 1.5em; text-align: left;\" align=\"&quot;justify\"><span style=\"color: #000000;\">Die Damen k\u00f6nnen gerne, R\u00f6cke, Kleider oder auch Hosen und beliebige Oberteile tragen.<\/span><\/p>\n<p style=\"font-size: 1.5em; line-height: 1.5em; text-align: left;\" align=\"&quot;justify\"><span style=\"color: #000000;\">Die Kleiderordnung f\u00fcr Herren sieht Polo T-Shirt, auch mit kurzen \u00c4rmeln, Hemd oder T-Shirt als Oberteil und lange Hose mit G\u00fcrtel vor. Achtet bitte, dass um diese Kleiderordnung auch in Sommer erbeten wird.<\/span><\/p>\n<p>&nbsp;<\/p>\n<h3 style=\"font-size: 1.5em; line-height: 1.5em; text-align: left;\" align=\"&quot;justify\"><span style=\"color: #000000;\"><strong>K\u00f6rperpflege beim Tanzen<\/strong><\/span><\/h3>\n<p style=\"font-size: 1.5em; line-height: 1.5em; text-align: left;\" align=\"&quot;justify\"><span style=\"color: #000000;\">Wir kommen oft nach der Arbeit zu unserem Anf\u00e4nger Kurs und haben einen langen Tag hinter uns. Genau deswegen ist es wichtig f\u00fcr das Wohl aller Anf\u00e4nger Kurs Teilnehmer und Teilnehmerinnen auf ein Paar Kleinigkeiten zu achten bevor wir in Ber\u00fchrung mit anderen Menschen kommen.<\/span><\/p>\n<p style=\"font-size: 1.5em; line-height: 1.5em; text-align: left;\" align=\"&quot;justify\"><span style=\"color: #000000;\">Bitte, vermeidet K\u00f6rperger\u00fcche jeglicher Art. Falls n\u00f6tig, wir haben f\u00fcr den Notfall Puder und Spray-Deos f\u00fcr Damen und Herren zu Verf\u00fcgung. Ihr k\u00f6nnt auch gerne ein zweite Bluse, T-Shirt oder Hemd zum umziehen mitbringen.<\/span><\/p>\n<p>&nbsp;<\/p>\n<h3 style=\"font-size: 1.5em; line-height: 1.5em; text-align: left;\" align=\"&quot;justify\"><span style=\"color: #000000;\"><strong>Anf\u00e4nger Kurs Programm<\/strong><\/span><\/h3>\n<p style=\"font-size: 1.5em; line-height: 1.5em; text-align: left;\" align=\"&quot;justify\"><span style=\"color: #000000;\">Kursdauer: 9 Wochen, bis 2X pro Woche jeweils 60 Minuten.\u00a0<\/span><\/p>\n<p>[\/vc_column_text][\/vc_column][\/vc_row][vc_row row_type=&#8220;row&#8220; use_row_as_full_screen_section=&#8220;no&#8220; type=&#8220;full_width&#8220; text_align=&#8220;left&#8220; css_animation=&#8220;&#8220;][vc_column][vc_empty_space height=&#8220;2em&#8220;][\/vc_column][\/vc_row][vc_row row_type=&#8220;row&#8220; use_row_as_full_screen_section=&#8220;no&#8220; type=&#8220;full_width&#8220; text_align=&#8220;center&#8220; css_animation=&#8220;&#8220; css=&#8220;.vc_custom_1507942257985{background-color: #f2f2f2 !important;}&#8220;][vc_column][vc_column_text css=&#8220;.vc_custom_1546592978182{padding-top: 20px !important;padding-right: 20px !important;padding-bottom: 20px !important;padding-left: 20px !important;}&#8220;]<\/p>\n<h2 style=\"text-align: left;\"><span style=\"color: #000000;\">Erm\u00e4ssigungen<\/span><\/h2>\n<p>&nbsp;<\/p>\n<p style=\"font-size: 1.5em; line-height: 1.5em; text-align: left;\"><span style=\"color: #000000;\">Es steht ein begrenztes Kontigent an Erm\u00e4\u00dfigungen zur Verf\u00fcgung, um junge T\u00e4nzer und T\u00e4nzerinnen sowie Arbeitslose zu unterst\u00fctzen.<\/span><\/p>\n<ul style=\"text-align: justify; font-size: 1.5em; line-height: 1.5em;\">\n<li style=\"text-align: left;\"><span style=\"color: #000000;\">30% Rabatt f\u00fcr Personen unter 30 Jahren*<\/span><\/li>\n<li style=\"text-align: left;\"><span style=\"color: #000000;\">30% Rabatt f\u00fcr Arbeitslose*<\/span><\/li>\n<\/ul>\n<p>&nbsp;<\/p>\n<p><strong>*<\/strong> Nicht g\u00fcltig f\u00fcr Privatstunden, Einzeltermine und Sch\u00fclerpr\u00e1cticas[\/vc_column_text][\/vc_column][\/vc_row]<\/p>\n<\/div>","protected":false},"excerpt":{"rendered":"<p>[vc_row row_type=&#8220;row&#8220; use_row_as_full_screen_section=&#8220;no&#8220; type=&#8220;full_width&#8220; text_align=&#8220;left&#8220; background_color=&#8220;#ffffff&#8220; css_animation=&#8220;&#8220; css=&#8220;.vc_custom_1484085418742&#8220;][vc_column][vc_empty_space height=&#8220;3em&#8220;][vc_column_text] Tango Anf\u00e4nger Kurse in Berlin Prenzlauer Berg [\/vc_column_text][vc_empty_space height=&#8220;3em&#8220;][\/vc_column][\/vc_row][vc_row row_type=&#8220;row&#8220; use_row_as_full_screen_section=&#8220;no&#8220; type=&#8220;full_width&#8220; text_align=&#8220;left&#8220; css_animation=&#8220;&#8220; css=&#8220;.vc_custom_1484098308036{background-color: #f2f2f2 !important;}&#8220;][vc_column width=&#8220;1\/2&#8243;][vc_single_image image=&#8220;23932&#8243; img_size=&#8220;full&#8220; qode_css_animation=&#8220;&#8220;][\/vc_column][vc_column width=&#8220;1\/2&#8243; css=&#8220;.vc_custom_1486718097839{padding-top: 40px !important;padding-bottom: 40px !important;}&#8220;][vc_column_text css=&#8220;.vc_custom_1566923950139{padding-right: 20px !important;padding-left: 20px !important;}&#8220;] Tango Anf\u00e4nger Kurs in&#8230;<\/p>\n","protected":false},"author":1,"featured_media":0,"parent":0,"menu_order":0,"comment_status":"open","ping_status":"closed","template":"full_width.php","meta":{"footnotes":""},"class_list":["post-25727","page","type-page","status-publish","hentry"],"_links":{"self":[{"href":"https:\/\/urquiza.com\/index.php\/wp-json\/wp\/v2\/pages\/25727","targetHints":{"allow":["GET"]}}],"collection":[{"href":"https:\/\/urquiza.com\/index.php\/wp-json\/wp\/v2\/pages"}],"about":[{"href":"https:\/\/urquiza.com\/index.php\/wp-json\/wp\/v2\/types\/page"}],"author":[{"embeddable":true,"href":"https:\/\/urquiza.com\/index.php\/wp-json\/wp\/v2\/users\/1"}],"replies":[{"embeddable":true,"href":"https:\/\/urquiza.com\/index.php\/wp-json\/wp\/v2\/comments?post=25727"}],"version-history":[{"count":7,"href":"https:\/\/urquiza.com\/index.php\/wp-json\/wp\/v2\/pages\/25727\/revisions"}],"predecessor-version":[{"id":25833,"href":"https:\/\/urquiza.com\/index.php\/wp-json\/wp\/v2\/pages\/25727\/revisions\/25833"}],"wp:attachment":[{"href":"https:\/\/urquiza.com\/index.php\/wp-json\/wp\/v2\/media?parent=25727"}],"curies":[{"name":"wp","href":"https:\/\/api.w.org\/{rel}","templated":true}]}}