{"id":25636,"date":"2019-05-05T22:27:39","date_gmt":"2019-05-05T20:27:39","guid":{"rendered":"https:\/\/urquiza.com\/?page_id=25636"},"modified":"2019-06-26T16:15:08","modified_gmt":"2019-06-26T14:15:08","slug":"pedro_laurenz","status":"publish","type":"page","link":"https:\/\/urquiza.com\/index.php\/pedro_laurenz\/","title":{"rendered":"Pedro Laurenz"},"content":{"rendered":"<div class=\"wpb-content-wrapper\"><p>[vc_row row_type=&#8220;row&#8220; use_row_as_full_screen_section=&#8220;no&#8220; type=&#8220;full_width&#8220; text_align=&#8220;left&#8220; css_animation=&#8220;&#8220; css=&#8220;.vc_custom_1486656312563&#8220; el_id=&#8220;events&#8220;][vc_column][vc_empty_space height=&#8220;3em&#8220;][vc_column_text]<\/p>\n<h1 style=\"text-align: center; font-size: 25px; letter-spacing: 0.05em;\"><span style=\"color: #873003;\"><b><span style=\"font-family: .SFUIText-Bold;\">Pedro Laurenz<\/span><\/b><\/span><\/h1>\n<p>[\/vc_column_text][vc_empty_space height=&#8220;3em&#8220;][\/vc_column][\/vc_row][vc_row row_type=&#8220;row&#8220; use_row_as_full_screen_section=&#8220;no&#8220; type=&#8220;full_width&#8220; text_align=&#8220;left&#8220; css_animation=&#8220;&#8220; el_id=&#8220;club&#8220;][vc_column][vc_empty_space height=&#8220;4em&#8220;][\/vc_column][\/vc_row][vc_row row_type=&#8220;row&#8220; use_row_as_full_screen_section=&#8220;no&#8220; type=&#8220;full_width&#8220; text_align=&#8220;left&#8220; css_animation=&#8220;&#8220;][vc_column width=&#8220;1\/2&#8243;][vc_single_image image=&#8220;25390&#8243; img_size=&#8220;full&#8220; qode_css_animation=&#8220;&#8220;][\/vc_column][vc_column width=&#8220;1\/2&#8243; css=&#8220;.vc_custom_1550158915950{padding-top: 40px !important;padding-right: 20px !important;padding-bottom: 40px !important;padding-left: 20px !important;}&#8220;][vc_column_text css=&#8220;.vc_custom_1557088031389{padding-top: 40px !important;padding-right: 20px !important;padding-bottom: 40px !important;padding-left: 20px !important;}&#8220;]<\/p>\n<h2 style=\"text-align: left;\"><span style=\"color: #000000;\">Pedro Laurenz (1902-1972),<\/span><\/h2>\n<p>&nbsp;<\/p>\n<p style=\"text-align: left; color: #000000; font-size: 1.5em; line-height: 1.5em;\">Auf die Frage, wann das goldene Zeitalter des Tangos begonnen habe, antworten manche Leute mit einem Wort: \u201eArrabal\u201c. So hei\u00dft ein von dem Pianisten Jos\u00e9 Pascual komponierter Tango, den der Bandoneonist und Bandleader Pedro Laurenz mit seinem Orchester 1937 bei der Plattenfirma V\u00edctor eingespielt hat. Dieses St\u00fcck markiert die Wandlung des Instrumentaltangos zu dem Stil, der f\u00fcr die vierziger Jahre des 20. Jahrhunderts pr\u00e4gend war. Pedro Laurenz ist damit ein Wegbereiter f\u00fcr die neue Qualit\u00e4t des Tangos der gro\u00dfen Orchester. Bis heute wird man auf Milongas, auf denen traditioneller Tango gespielt wird, Arrabal ganz bestimmt h\u00f6ren und tanzen k\u00f6nnen.<\/p>\n<p>&nbsp;<\/p>\n<p style=\"text-align: left; color: #000000; font-size: 1.5em; line-height: 1.5em;\">Wer aber war Pedro Laurenz, wieso konnte er dem Tango solche Impulse geben, die bis heute\u00a0 wirken? Seine Biografie hat Julio Nudler auf todotango (<a href=\"http:\/\/www.todotango.com\/creadores\/biografia\/43\/Pedro-Laurenz\/\">http:\/\/www.todotango.com\/creadores\/biografia\/43\/Pedro-Laurenz\/<\/a>) zusammengefasst. Geboren in Buenos Aires, kam er als Kind mit seinen Eltern nach Montevideo, wo er zun\u00e4chst Geigenunterricht nahm, sich aber bald mit dem Bandoneon zu besch\u00e4ftigen begann. Seine musikalische\u00a0 Anf\u00e4nge waren begleitet von den Meistern der Guardia vieja, zum Beispiel hat er zusammen mit dem Komponisten von\u00a0 \u201eA media luz\u201c, Edgardo Donato, in dem heute vergessenen Orchester von Luis Casanovas gespielt. Zur\u00fcckgekehrt nach Buenos Aires, spielte er zun\u00e4chst bei Roberto Goyheneche und ging 1925 als Bandoneonist in das Orchester, das als Initiator der neuen Garde des Tangos gilt, in das Sextett von Julio de Caro. Dort spielte er zun\u00e4chst gemeinsam mit dem gro\u00dfen Pedro Maffia Bandoneon, dann mit Armando Blasco. Es gibt Aufnahmen aus dieser Zeit, zum Beispiel von \u201eAmurado\u201c, einem Tango, den er\u00a0 gemeinsam mit Maffia komponiert hatte und der auch heute sehr oft gespielt wird. Laurenz gr\u00fcndete 1934 gemeinsam mit Armado Blasco sein eigenes Orchester, in dem anfangs auch der heute verehrte Osvaldo Pugliese am Klavier mitwirkte.<\/p>\n<p>&nbsp;<\/p>\n<p style=\"text-align: left; color: #000000; font-size: 1.5em; line-height: 1.5em;\">Hier entwickelte er seinen Stil, das Bandoneon zu spielen, der als \u201cCadenero\u201c bezeichnet wird, benannt nach dem F\u00fchrungspferd, das in den gro\u00dfen Gespannen, die fr\u00fcher in der argentinischen Pampa unterwegs waren, den anderen Zugtieren den Schritt vorgab. Laurenz kn\u00fcpfte mit seinem Spiel an die Wurzeln der Tangomusik an, aber seine Rhythmik erreichte eine neue Qualit\u00e4t, er spielte energisch mit gro\u00dfartiger Technik, beherrschte eine brilliante Phrasierung. Das h\u00f6rt man zum Beispiel sehr gut in dem 1940 von Laurenz\u2018 Orchester mit dem S\u00e4nger Juan Carlos Casas aufgenommenen Tango \u201eDe puro guapo\u201c (<a href=\"https:\/\/youtu.be\/wmi9ofB6Q1Q\">https:\/\/youtu.be\/wmi9ofB6Q1Q<\/a>), vor allem im Vergleich mit der Aufnahme des gleichen St\u00fccks von Francisco Canaro f\u00fcnf Jahre fr\u00fcher (<a href=\"https:\/\/youtu.be\/K5kkCWlOh20\">https:\/\/youtu.be\/K5kkCWlOh20<\/a>).<\/p>\n<p>&nbsp;<\/p>\n<p style=\"text-align: left; color: #000000; font-size: 1.5em; line-height: 1.5em;\">Der bekannteste S\u00e4nger des Laurenz-Orchesters war Alberto Podest\u00e1, Aufnahmen wie wie z. B. \u201eAlma de bohemia\u201c (<a href=\"https:\/\/youtu.be\/DdWH20LZz1Q\">https:\/\/youtu.be\/DdWH20LZz1Q<\/a>) oder der Vals \u201ePaisaje\u201c (<a href=\"https:\/\/youtu.be\/tVcV3qjU5nQ\">https:\/\/youtu.be\/tVcV3qjU5nQ<\/a>) mit Podest\u00e1 sind bis heute aktuell. Podest\u00e1\u00a0 erinnerte sich in einem Interview an seine Zeit bei Laurenz als sehr angenehm und wichtig f\u00fcr seine Karierre und beschrieb die Weltl\u00e4ufigkeit und Eleganz, die dieses Orchester ausstrahlte. Aber er sang dort nur wenige Jahre. Die anderen S\u00e4nger des Orchesters waren ebenfalls hochklassig, sind aber heute weniger bekannt.<\/p>\n<p>&nbsp;<\/p>\n<p style=\"text-align: left; color: #000000; font-size: 1.5em; line-height: 1.5em;\">Laurenz unterhielt sein Orchester bis 1953, bis zu dem Jahr, in dem auch die einst bahnbrechende Formation von Julio de Caro aufh\u00f6rte, zu existieren.<\/p>\n<p>&nbsp;<\/p>\n<p style=\"text-align: left; color: #000000; font-size: 1.5em; line-height: 1.5em;\">Im Jahr 1960 trat er dem Quinteto Real von Horacio Salg\u00e1n bei und blieb dort zehn Jahre. So konnte man den Sound von Laurenz\u00b4 Bandoneon, urspr\u00fcnglich und zugleich modern, auch nach der Zeit der gro\u00dfen Orchester weiterhin h\u00f6ren.<\/p>\n<p>[\/vc_column_text][\/vc_column][\/vc_row]<\/p>\n<\/div>","protected":false},"excerpt":{"rendered":"<p>[vc_row row_type=&#8220;row&#8220; use_row_as_full_screen_section=&#8220;no&#8220; type=&#8220;full_width&#8220; text_align=&#8220;left&#8220; css_animation=&#8220;&#8220; css=&#8220;.vc_custom_1486656312563&#8220; el_id=&#8220;events&#8220;][vc_column][vc_empty_space height=&#8220;3em&#8220;][vc_column_text] Pedro Laurenz [\/vc_column_text][vc_empty_space height=&#8220;3em&#8220;][\/vc_column][\/vc_row][vc_row row_type=&#8220;row&#8220; use_row_as_full_screen_section=&#8220;no&#8220; type=&#8220;full_width&#8220; text_align=&#8220;left&#8220; css_animation=&#8220;&#8220; el_id=&#8220;club&#8220;][vc_column][vc_empty_space height=&#8220;4em&#8220;][\/vc_column][\/vc_row][vc_row row_type=&#8220;row&#8220; use_row_as_full_screen_section=&#8220;no&#8220; type=&#8220;full_width&#8220; text_align=&#8220;left&#8220; css_animation=&#8220;&#8220;][vc_column width=&#8220;1\/2&#8243;][vc_single_image image=&#8220;25390&#8243; img_size=&#8220;full&#8220; qode_css_animation=&#8220;&#8220;][\/vc_column][vc_column width=&#8220;1\/2&#8243; css=&#8220;.vc_custom_1550158915950{padding-top: 40px !important;padding-right: 20px !important;padding-bottom: 40px !important;padding-left: 20px !important;}&#8220;][vc_column_text css=&#8220;.vc_custom_1557088031389{padding-top: 40px !important;padding-right: 20px !important;padding-bottom: 40px&#8230;<\/p>\n","protected":false},"author":1,"featured_media":0,"parent":0,"menu_order":0,"comment_status":"open","ping_status":"closed","template":"full_width.php","meta":{"footnotes":""},"class_list":["post-25636","page","type-page","status-publish","hentry"],"_links":{"self":[{"href":"https:\/\/urquiza.com\/index.php\/wp-json\/wp\/v2\/pages\/25636","targetHints":{"allow":["GET"]}}],"collection":[{"href":"https:\/\/urquiza.com\/index.php\/wp-json\/wp\/v2\/pages"}],"about":[{"href":"https:\/\/urquiza.com\/index.php\/wp-json\/wp\/v2\/types\/page"}],"author":[{"embeddable":true,"href":"https:\/\/urquiza.com\/index.php\/wp-json\/wp\/v2\/users\/1"}],"replies":[{"embeddable":true,"href":"https:\/\/urquiza.com\/index.php\/wp-json\/wp\/v2\/comments?post=25636"}],"version-history":[{"count":5,"href":"https:\/\/urquiza.com\/index.php\/wp-json\/wp\/v2\/pages\/25636\/revisions"}],"predecessor-version":[{"id":25756,"href":"https:\/\/urquiza.com\/index.php\/wp-json\/wp\/v2\/pages\/25636\/revisions\/25756"}],"wp:attachment":[{"href":"https:\/\/urquiza.com\/index.php\/wp-json\/wp\/v2\/media?parent=25636"}],"curies":[{"name":"wp","href":"https:\/\/api.w.org\/{rel}","templated":true}]}}