{"id":25409,"date":"2019-02-14T17:42:04","date_gmt":"2019-02-14T16:42:04","guid":{"rendered":"https:\/\/urquiza.com\/?page_id=25409"},"modified":"2019-02-15T21:03:43","modified_gmt":"2019-02-15T20:03:43","slug":"angel_dagostino","status":"publish","type":"page","link":"https:\/\/urquiza.com\/index.php\/angel_dagostino\/","title":{"rendered":"\u00c1ngel d&#8217;Agostino"},"content":{"rendered":"<div class=\"wpb-content-wrapper\"><p>[vc_row row_type=&#8220;row&#8220; use_row_as_full_screen_section=&#8220;no&#8220; type=&#8220;full_width&#8220; text_align=&#8220;left&#8220; css_animation=&#8220;&#8220; css=&#8220;.vc_custom_1486656312563&#8220; el_id=&#8220;events&#8220;][vc_column][vc_empty_space height=&#8220;3em&#8220;][vc_column_text]<\/p>\n<h1 style=\"text-align: center; font-size: 25px; letter-spacing: 0.05em;\"><span style=\"color: #873003;\"><b><span style=\"font-family: .SFUIText-Bold;\">\u00c1ngel d&#8217;Agostino<\/span><\/b><\/span><\/h1>\n<p>[\/vc_column_text][vc_empty_space height=&#8220;3em&#8220;][\/vc_column][\/vc_row][vc_row row_type=&#8220;row&#8220; use_row_as_full_screen_section=&#8220;no&#8220; type=&#8220;full_width&#8220; text_align=&#8220;left&#8220; css_animation=&#8220;&#8220; el_id=&#8220;club&#8220;][vc_column][vc_empty_space height=&#8220;4em&#8220;][\/vc_column][\/vc_row][vc_row row_type=&#8220;row&#8220; use_row_as_full_screen_section=&#8220;no&#8220; type=&#8220;full_width&#8220; text_align=&#8220;left&#8220; css_animation=&#8220;&#8220;][vc_column width=&#8220;1\/2&#8243;][vc_single_image image=&#8220;25395&#8243; img_size=&#8220;full&#8220; qode_css_animation=&#8220;&#8220;][\/vc_column][vc_column width=&#8220;1\/2&#8243; css=&#8220;.vc_custom_1550158915950{padding-top: 40px !important;padding-right: 20px !important;padding-bottom: 40px !important;padding-left: 20px !important;}&#8220;][vc_column_text css=&#8220;.vc_custom_1550162485623{padding-top: 40px !important;padding-right: 20px !important;padding-bottom: 40px !important;padding-left: 20px !important;}&#8220;]<\/p>\n<h2 style=\"text-align: left;\"><span style=\"color: #000000;\">\u00c1ngel d\u2019Agostino (1900 -1991),<\/span><\/h2>\n<p>&nbsp;<\/p>\n<p style=\"text-align: left; color: #000000; font-size: 1.5em; line-height: 1.5em;\">wDer Pianist und Bandleader \u00c1ngel d\u2019Agostino wird zwar meist erst nach solchen Ber\u00fchmtheiten wie Troilo oder d\u2019Arienzo genannt, aber ohne ihn ist das goldene Zeitalter des Tangos nicht vorstellbar. Er entstammte einer musikalischen Familie, begann mit sechs Jahren mit dem Klavierspiel, studierte sp\u00e4ter, brach das Studium aber fr\u00fchzeitig zugunsten einer Musikerkarriere ab. Seit seinem Engagement bei Juan Maglio \u201ePacho\u201c, einem popul\u00e4ren Musiker der Guardia Vieja, hatte er sich ganz dem Tango zugewandt, ab 1934 mit einem eigenen Orchester. Am Bandoneon war damals neben anderen An\u00edbal Troilo (!), als S\u00e4nger trat Alberto Echag\u00fce auf, der sp\u00e4ter zu d\u2018Arienzo wechselte. In diesem Jahr lernte er auch Angel Vargas kennen, der als S\u00e4nger perfekt in d\u2018Agostinos Konzept passte und zu Erfolg und Ber\u00fchmtheit seines Orchesters sehr viel beitrug. Was aber ist dieses Konzept, das uns einen perfekt\u00a0 wirkenden Tango beschert hat? D\u2018Agostino selbst hat es r\u00fcckschauend erkl\u00e4rt:<\/p>\n<p style=\"text-align: left; color: #000000; font-size: 1.5em; line-height: 1.5em;\">\u00abIch bin Milonguero&#8230; Ich war ein guter T\u00e4nzer&#8230; So habe ich meine Orchester mit zwei Konzeptionen gepr\u00e4gt, die ich nie aufgegeben habe: Respekt vor der melodischen Linie und rhythmische Betonung, um das Tanzen zu erleichtern. Wenn der S\u00e4nger einsetzte und die Musiker in den Hintergrung traten, war das Orchester so strukturiert, dass Musik und Gesang die M\u00f6glichkeit des Tanzens nicht unterbrachen. Daf\u00fcr musste sich der S\u00e4nger als ein weiteres Instrument verhalten, zwar privilegiert, aber untrennbar vom Ganzen.\u00bb (zit. bei <a href=\"http:\/\/www.todotango.com\/\" target=\"_blank\" rel=\"noopener\">www.todotango.com<\/a>, meine \u00dcbersetzung). Daraus ergab sich eine dezente, etwas subtil wirkende Musik, gepr\u00e4gt von der schlichten Eleganz von d\u2018Agostinos Klavierspiel und konzentriert auf die lyrische Stimme von Angel Vargas. Sie ist durchaus rhythmisch, aber ohne die Spannung, die wir bei d\u2018Arienzo oder Biagi finden (Michael Lavocah).<\/p>\n<p style=\"text-align: left; color: #000000; font-size: 1.5em; line-height: 1.5em;\">Von 1940 bis 1946 dauerte die Zusammenarbeit von d\u2019Agostino und Vargas. Wir verdanken ihr \u00fcber 90 Einspielungen von Tangos, Milongas und Valses, die Tangogeschichte bedeuten und nach denen auf der ganzen Welt mit Vergn\u00fcgen getanzt wird.\u00a0 Diese Musik korrespondiert wunderbar damit, den Tango im Urquiza-Stil zu pflegen. Das Streben nach Sch\u00f6nheit, die aus der Verbindung von K\u00f6nnen und Understatement erw\u00e4chst, ist mit d\u2018Agostinos Musik besonders gut zu verwirklichen. Wie man das machen kann, zeigen Chiche und Ester in der unten angef\u00fchrten Aufnahme aus dem Jahr 2010 mit dem Tango Tres Esquinas.<\/p>\n<p style=\"text-align: left; color: #000000; font-size: 1.5em; line-height: 1.5em;\">Auch nach der Trennung von Vargas und d\u2018Agostino hatte er weiter Erfolg, blieb bis weit in die f\u00fcnfziger Jahre hinein aktiv und machte auch weiterhin Aufnahmen. Besonders interessant ist die 1955er Fassung des Tangos Cafe Domingues, eines Instrumentalst\u00fcckes, das von einer glosa, also einem deklamierten Gedicht \u00fcber der Musik, eingeleitet wird (hier vorgetragen von dem Dichter Julian Centeya). Glosas kam h\u00e4ufiger vor, finden sich jedoch kaum auf Schallplattenaufnahmen. Eine weitere glosa ist auf der 1944er Aufnahme von La Cumparsita mit dem Orchester von Alfredo de Angelis zu h\u00f6ren, mit einem perfekten \u00dcbergang zu den Bandoneons.<\/p>\n<p style=\"text-align: left; color: #000000; font-size: 1.5em; line-height: 1.5em;\">In den sechziger Jahren zog sich Angel d\u2018Agostino als Orchesterleiter zur\u00fcck, blieb aber der Tangoszene in Buenos Aires treu. Sein Leben spannte sich \u00fcber ein Jahrhundert, er starb am 16. Januar 1991. Seine Tangos sind unsterblich.<\/p>\n<p>&nbsp;<\/p>\n<p style=\"text-align: left; color: #000000; font-size: 1.5em; line-height: 1.5em;\">Wer mehr \u00fcber das Leben von Angel d\u2019Agostino erfahren will, sollte in seine lesenswerten autobiographischen Gest\u00e4ndnisse schauen:<\/p>\n<p style=\"text-align: left; color: #000000; font-size: 1.5em; line-height: 1.5em;\"><a href=\"https:\/\/translate.google.de\/translate?hl=de&amp;sl=en&amp;tl=de&amp;u=http%3A%2F%2Fwww.todotango.com%2Fenglish%2Fhistory%2Fchronicle%2F356%2FDAgostino-angel-DAgostinos-confessions%2F&amp;anno=2&amp;sandbox=1\" target=\"_blank\" rel=\"noopener\">https:\/\/translate.google.de\/translate?hl=de&amp;sl=en&amp;tl=de&amp;u=http%3A%2F%2Fwww.todotango.com%2Fenglish%2Fhistory%2Fchronicle%2F356%2FDAgostino-angel-DAgostinos-confessions%2F&amp;anno=2&amp;sandbox=1<\/a><\/p>\n<p>&nbsp;<\/p>\n<p style=\"text-align: left; color: #000000; font-size: 1.5em; line-height: 1.5em;\">Das Dreamteam d\u2019Agostini-Vargas\u00a0 kann man hier mit dem Tango Rondando Tu Esquina erleben:<\/p>\n<p style=\"text-align: left; color: #000000; font-size: 1.5em; line-height: 1.5em;\"><a href=\"https:\/\/youtu.be\/Cr6bubjBWBA\" target=\"_blank\" rel=\"noopener\">https:\/\/youtu.be\/Cr6bubjBWBA<\/a><\/p>\n<p>&nbsp;<\/p>\n<p style=\"text-align: left; color: #000000; font-size: 1.5em; line-height: 1.5em;\">Typische Tandas sind:<\/p>\n<p style=\"text-align: left; color: #000000; font-size: 1.5em; line-height: 1.5em;\">Vals:<a href=\"https:\/\/youtu.be\/ng65dp3owzA\" target=\"_blank\" rel=\"noopener\">https:\/\/youtu.be\/ng65dp3owzA<\/a><\/p>\n<p style=\"text-align: left; color: #000000; font-size: 1.5em; line-height: 1.5em;\">Tango:<a href=\"https:\/\/youtu.be\/6kelhRVm_0Y\" target=\"_blank\" rel=\"noopener\">https:\/\/youtu.be\/6kelhRVm_0Y<\/a><\/p>\n<p style=\"text-align: left; color: #000000; font-size: 1.5em; line-height: 1.5em;\">Milonga: <a href=\"https:\/\/youtu.be\/PnvNbNPzKtc\" target=\"_blank\" rel=\"noopener\">https:\/\/youtu.be\/PnvNbNPzKtc<\/a><\/p>\n<p>&nbsp;<\/p>\n<p style=\"text-align: left; color: #000000; font-size: 1.5em; line-height: 1.5em;\">Und hier ist die wunderbare Interpretation des Tangos\u00a0\u00a0Tres Esquinas von Chiche und Ester im Urquiza-Stil:<\/p>\n<p style=\"text-align: left; color: #000000; font-size: 1.5em; line-height: 1.5em;\"><a href=\"https:\/\/youtu.be\/LkS4EvPXtuo\" target=\"_blank\" rel=\"noopener\">https:\/\/youtu.be\/LkS4EvPXtuo<\/a><\/p>\n<p>[\/vc_column_text][\/vc_column][\/vc_row]<\/p>\n<\/div>","protected":false},"excerpt":{"rendered":"<p>[vc_row row_type=&#8220;row&#8220; use_row_as_full_screen_section=&#8220;no&#8220; type=&#8220;full_width&#8220; text_align=&#8220;left&#8220; css_animation=&#8220;&#8220; css=&#8220;.vc_custom_1486656312563&#8220; el_id=&#8220;events&#8220;][vc_column][vc_empty_space height=&#8220;3em&#8220;][vc_column_text] \u00c1ngel d&#8217;Agostino [\/vc_column_text][vc_empty_space height=&#8220;3em&#8220;][\/vc_column][\/vc_row][vc_row row_type=&#8220;row&#8220; use_row_as_full_screen_section=&#8220;no&#8220; type=&#8220;full_width&#8220; text_align=&#8220;left&#8220; css_animation=&#8220;&#8220; el_id=&#8220;club&#8220;][vc_column][vc_empty_space height=&#8220;4em&#8220;][\/vc_column][\/vc_row][vc_row row_type=&#8220;row&#8220; use_row_as_full_screen_section=&#8220;no&#8220; type=&#8220;full_width&#8220; text_align=&#8220;left&#8220; css_animation=&#8220;&#8220;][vc_column width=&#8220;1\/2&#8243;][vc_single_image image=&#8220;25395&#8243; img_size=&#8220;full&#8220; qode_css_animation=&#8220;&#8220;][\/vc_column][vc_column width=&#8220;1\/2&#8243; css=&#8220;.vc_custom_1550158915950{padding-top: 40px !important;padding-right: 20px !important;padding-bottom: 40px !important;padding-left: 20px !important;}&#8220;][vc_column_text css=&#8220;.vc_custom_1550162485623{padding-top: 40px !important;padding-right: 20px !important;padding-bottom: 40px&#8230;<\/p>\n","protected":false},"author":1,"featured_media":0,"parent":0,"menu_order":0,"comment_status":"open","ping_status":"closed","template":"full_width.php","meta":{"footnotes":""},"class_list":["post-25409","page","type-page","status-publish","hentry"],"_links":{"self":[{"href":"https:\/\/urquiza.com\/index.php\/wp-json\/wp\/v2\/pages\/25409","targetHints":{"allow":["GET"]}}],"collection":[{"href":"https:\/\/urquiza.com\/index.php\/wp-json\/wp\/v2\/pages"}],"about":[{"href":"https:\/\/urquiza.com\/index.php\/wp-json\/wp\/v2\/types\/page"}],"author":[{"embeddable":true,"href":"https:\/\/urquiza.com\/index.php\/wp-json\/wp\/v2\/users\/1"}],"replies":[{"embeddable":true,"href":"https:\/\/urquiza.com\/index.php\/wp-json\/wp\/v2\/comments?post=25409"}],"version-history":[{"count":5,"href":"https:\/\/urquiza.com\/index.php\/wp-json\/wp\/v2\/pages\/25409\/revisions"}],"predecessor-version":[{"id":25440,"href":"https:\/\/urquiza.com\/index.php\/wp-json\/wp\/v2\/pages\/25409\/revisions\/25440"}],"wp:attachment":[{"href":"https:\/\/urquiza.com\/index.php\/wp-json\/wp\/v2\/media?parent=25409"}],"curies":[{"name":"wp","href":"https:\/\/api.w.org\/{rel}","templated":true}]}}