{"id":25407,"date":"2019-02-14T17:27:20","date_gmt":"2019-02-14T16:27:20","guid":{"rendered":"https:\/\/urquiza.com\/?page_id=25407"},"modified":"2019-02-14T19:09:46","modified_gmt":"2019-02-14T18:09:46","slug":"carlos_di_sarli","status":"publish","type":"page","link":"https:\/\/urquiza.com\/index.php\/carlos_di_sarli\/","title":{"rendered":"Carlos di Sarli"},"content":{"rendered":"<div class=\"wpb-content-wrapper\"><p>[vc_row row_type=&#8220;row&#8220; use_row_as_full_screen_section=&#8220;no&#8220; type=&#8220;full_width&#8220; text_align=&#8220;left&#8220; css_animation=&#8220;&#8220; css=&#8220;.vc_custom_1486656312563&#8220; el_id=&#8220;events&#8220;][vc_column][vc_empty_space height=&#8220;3em&#8220;][vc_column_text]<\/p>\n<h1 style=\"text-align: center; font-size: 25px; letter-spacing: 0.05em;\"><span style=\"color: #873003;\"><b><span style=\"font-family: .SFUIText-Bold;\">Carlos di Sarli<\/span><\/b><\/span><\/h1>\n<p>[\/vc_column_text][vc_empty_space height=&#8220;3em&#8220;][\/vc_column][\/vc_row][vc_row row_type=&#8220;row&#8220; use_row_as_full_screen_section=&#8220;no&#8220; type=&#8220;full_width&#8220; text_align=&#8220;left&#8220; css_animation=&#8220;&#8220; el_id=&#8220;club&#8220;][vc_column][vc_empty_space height=&#8220;4em&#8220;][\/vc_column][\/vc_row][vc_row row_type=&#8220;row&#8220; use_row_as_full_screen_section=&#8220;no&#8220; type=&#8220;full_width&#8220; text_align=&#8220;left&#8220; css_animation=&#8220;&#8220;][vc_column width=&#8220;1\/2&#8243;][vc_single_image image=&#8220;25394&#8243; img_size=&#8220;full&#8220; qode_css_animation=&#8220;&#8220;][\/vc_column][vc_column width=&#8220;1\/2&#8243; css=&#8220;.vc_custom_1550158915950{padding-top: 40px !important;padding-right: 20px !important;padding-bottom: 40px !important;padding-left: 20px !important;}&#8220;][vc_column_text css=&#8220;.vc_custom_1550161583639{padding-top: 40px !important;padding-right: 20px !important;padding-bottom: 40px !important;padding-left: 20px !important;}&#8220;]<\/p>\n<h2 style=\"text-align: left;\"><span style=\"color: #000000;\"><b><span style=\"font-family: .SFUIText-Bold;\">Carlos di Sarli <\/span><\/b>(1903-1960),<\/span><\/h2>\n<p>&nbsp;<\/p>\n<p style=\"text-align: left; color: #000000; font-size: 1.5em; line-height: 1.5em;\">war ein Musiker, Komponist und Orchesterleiter, dessen St\u00fccke zu den meistgespielten und belibtesten \u00fcberhaupt z\u00e4hlen. Ricardo Garc\u00eda Blaya (<a href=\"http:\/\/www.todotango.com\/\" target=\"_blank\" rel=\"noopener\">www.todotango.com<\/a>) schreibt \u00fcber di Sarli, dass er ein talentierter Pianist war, der sein Orchester vom Klavier aus leitete. Charakteristisch f\u00fcr ihn sind die Melodien, die eine gr\u00f6ssere Rolle als der Takt spielen. Es gibt kaum instrumentale Soli, nur die Geige darf sich gelegentlich hervorgehoben pr\u00e4sentieren, die Bandoneons transportieren den Rhythmus und singen manchmal die Melodie. Di Sarli f\u00fchrte das Spiel seines Orchesters mit dem Klavier auf eine sehr suggestive Art und Weise, mit einer verzierten Basslinie, die die langgezogenen Rhythmen voller Kadenzen betonte. Dies wurde sein Markenzeichen, die zarte Eleganz seiner St\u00fccke macht sie auch f\u00fcr uns heute in besonderer Weise tanzbar. Ab 1927 trat er in Buenos Aires mit seinem eigenen Sextett auf. Dies war wohl seine fruchtbarste Periode, bis 1931 spielte er 48 St\u00fccke ein, insgesamt hat Carlos di Sarli laut Wikipedia \u00fcber 200 Schallplatten ver\u00f6ffentlicht. Anfang der drei\u00dfiger Jahre des vergangenen Jahrhunderts trennte er sich aus unbekannten Gr\u00fcnden von seinem Orchester und ging nach Rosario, um dort mit einer kleinen Truppe aufzutreten. W\u00e4hrenddessen spielte sein Sextett in Buenos Aires weiter, zun\u00e4chst sogar unter seinem Namen. Ende der drei\u00dfiger Jahre kehrte er in die Haupstadt zur\u00fcck, um wieder in seiner alten Band zu spielen, deren Pianist erkrankt war. Wenig sp\u00e4ter organisierte er sein Orchester neu und die Zasammenarbeit mit dem S\u00e4nger Roberto Rufino begann, die einen weiteren H\u00f6hepunkt seiner Laufbahn bedeutete. Sp\u00e4ter kamen unter anderen die S\u00e4nger Alberto Podest\u00e1 und Oscar Serpa hinzu. Di Sarli geh\u00f6rt zu den goldenen vierziger Jahren des Tangos, ohne dass er sich ausdr\u00fccklich traditionalistischen oder avantgardistischen Str\u00f6mungen zuordnen l\u00e4\u00dft. Seine St\u00fccke sind wunderbare Beispiele f\u00fcr einen eleganten Tango, der melodisch ist, ohne auf Rhythmus zu verzichten, der anspruchsvoll ist und zugleich Raum l\u00e4\u00dft f\u00fcr die t\u00e4nzerische Interpretation der Musik<\/p>\n<p>&nbsp;<\/p>\n<p style=\"text-align: left; color: #000000; font-size: 1.5em; line-height: 1.5em;\">Biografische Notizen:<\/p>\n<p style=\"text-align: left; color: #000000; font-size: 1.5em; line-height: 1.5em;\"><a href=\"http:\/\/www.todotango.com\/english\/artists\/biography\/36\/Carlos-Di-Sarli\/\" target=\"_blank\" rel=\"noopener\">http:\/\/www.todotango.com\/english\/artists\/biography\/36\/Carlos-Di-Sarli\/<\/a><\/p>\n<p>&nbsp;<\/p>\n<p style=\"text-align: left; color: #000000; font-size: 1.5em; line-height: 1.5em;\">Sehr traditionelle Tandas, wie sie oft auf Milongas gespielt werden sind zum Beispiel<\/p>\n<p style=\"text-align: left; color: #000000; font-size: 1.5em; line-height: 1.5em;\">Instrumental:<\/p>\n<p style=\"text-align: left; color: #000000; font-size: 1.5em; line-height: 1.5em;\"><a href=\"https:\/\/youtu.be\/urUCTwTxW4U\" target=\"_blank\" rel=\"noopener\">https:\/\/youtu.be\/urUCTwTxW4<\/a><\/p>\n<p style=\"text-align: left; color: #000000; font-size: 1.5em; line-height: 1.5em;\">Mit dem S\u00e4nger Podest\u00e1:<\/p>\n<p style=\"text-align: left; color: #000000; font-size: 1.5em; line-height: 1.5em;\"><a href=\"https:\/\/youtu.be\/_-f1fasCWuY\" target=\"_blank\" rel=\"noopener\">https:\/\/youtu.be\/_-f1fasCWuY<\/a><\/p>\n<p>&nbsp;<\/p>\n<p style=\"text-align: left; color: #000000; font-size: 1.5em; line-height: 1.5em;\">Und als besondere K\u00f6stlichkeit: El Chino Perico, eine Legende unter der Milongueros der Urquiza Tradition, tanzt zu Di Sarli, im Jahr 2017:<\/p>\n<p style=\"text-align: left; color: #000000; font-size: 1.5em; line-height: 1.5em;\"><a href=\"https:\/\/youtu.be\/u80wfkhscII\" target=\"_blank\" rel=\"noopener\">https:\/\/youtu.be\/u80wfkhscII<\/a><\/p>\n<p>[\/vc_column_text][\/vc_column][\/vc_row]<\/p>\n<\/div>","protected":false},"excerpt":{"rendered":"<p>[vc_row row_type=&#8220;row&#8220; use_row_as_full_screen_section=&#8220;no&#8220; type=&#8220;full_width&#8220; text_align=&#8220;left&#8220; css_animation=&#8220;&#8220; css=&#8220;.vc_custom_1486656312563&#8220; el_id=&#8220;events&#8220;][vc_column][vc_empty_space height=&#8220;3em&#8220;][vc_column_text] Carlos di Sarli [\/vc_column_text][vc_empty_space height=&#8220;3em&#8220;][\/vc_column][\/vc_row][vc_row row_type=&#8220;row&#8220; use_row_as_full_screen_section=&#8220;no&#8220; type=&#8220;full_width&#8220; text_align=&#8220;left&#8220; css_animation=&#8220;&#8220; el_id=&#8220;club&#8220;][vc_column][vc_empty_space height=&#8220;4em&#8220;][\/vc_column][\/vc_row][vc_row row_type=&#8220;row&#8220; use_row_as_full_screen_section=&#8220;no&#8220; type=&#8220;full_width&#8220; text_align=&#8220;left&#8220; css_animation=&#8220;&#8220;][vc_column width=&#8220;1\/2&#8243;][vc_single_image image=&#8220;25394&#8243; img_size=&#8220;full&#8220; qode_css_animation=&#8220;&#8220;][\/vc_column][vc_column width=&#8220;1\/2&#8243; css=&#8220;.vc_custom_1550158915950{padding-top: 40px !important;padding-right: 20px !important;padding-bottom: 40px !important;padding-left: 20px !important;}&#8220;][vc_column_text css=&#8220;.vc_custom_1550161583639{padding-top: 40px !important;padding-right: 20px !important;padding-bottom:&#8230;<\/p>\n","protected":false},"author":1,"featured_media":0,"parent":0,"menu_order":0,"comment_status":"open","ping_status":"closed","template":"full_width.php","meta":{"footnotes":""},"class_list":["post-25407","page","type-page","status-publish","hentry"],"_links":{"self":[{"href":"https:\/\/urquiza.com\/index.php\/wp-json\/wp\/v2\/pages\/25407","targetHints":{"allow":["GET"]}}],"collection":[{"href":"https:\/\/urquiza.com\/index.php\/wp-json\/wp\/v2\/pages"}],"about":[{"href":"https:\/\/urquiza.com\/index.php\/wp-json\/wp\/v2\/types\/page"}],"author":[{"embeddable":true,"href":"https:\/\/urquiza.com\/index.php\/wp-json\/wp\/v2\/users\/1"}],"replies":[{"embeddable":true,"href":"https:\/\/urquiza.com\/index.php\/wp-json\/wp\/v2\/comments?post=25407"}],"version-history":[{"count":2,"href":"https:\/\/urquiza.com\/index.php\/wp-json\/wp\/v2\/pages\/25407\/revisions"}],"predecessor-version":[{"id":25425,"href":"https:\/\/urquiza.com\/index.php\/wp-json\/wp\/v2\/pages\/25407\/revisions\/25425"}],"wp:attachment":[{"href":"https:\/\/urquiza.com\/index.php\/wp-json\/wp\/v2\/media?parent=25407"}],"curies":[{"name":"wp","href":"https:\/\/api.w.org\/{rel}","templated":true}]}}