{"id":25405,"date":"2019-02-14T17:15:16","date_gmt":"2019-02-14T16:15:16","guid":{"rendered":"https:\/\/urquiza.com\/?page_id=25405"},"modified":"2019-02-14T19:09:19","modified_gmt":"2019-02-14T18:09:19","slug":"juan_darienzo","status":"publish","type":"page","link":"https:\/\/urquiza.com\/index.php\/juan_darienzo\/","title":{"rendered":"Juan d&#8217;Arienzo"},"content":{"rendered":"<div class=\"wpb-content-wrapper\"><p>[vc_row row_type=&#8220;row&#8220; use_row_as_full_screen_section=&#8220;no&#8220; type=&#8220;full_width&#8220; text_align=&#8220;left&#8220; css_animation=&#8220;&#8220; css=&#8220;.vc_custom_1486656312563&#8220; el_id=&#8220;events&#8220;][vc_column][vc_empty_space height=&#8220;3em&#8220;][vc_column_text]<\/p>\n<h1 style=\"text-align: center; font-size: 25px; letter-spacing: 0.05em;\"><span style=\"color: #873003;\">Juan d&#8217;Arienzo<\/span><\/h1>\n<p>[\/vc_column_text][vc_empty_space height=&#8220;3em&#8220;][\/vc_column][\/vc_row][vc_row row_type=&#8220;row&#8220; use_row_as_full_screen_section=&#8220;no&#8220; type=&#8220;full_width&#8220; text_align=&#8220;left&#8220; css_animation=&#8220;&#8220; el_id=&#8220;club&#8220;][vc_column][vc_empty_space height=&#8220;4em&#8220;][\/vc_column][\/vc_row][vc_row row_type=&#8220;row&#8220; use_row_as_full_screen_section=&#8220;no&#8220; type=&#8220;full_width&#8220; text_align=&#8220;left&#8220; css_animation=&#8220;&#8220;][vc_column width=&#8220;1\/2&#8243;][vc_single_image image=&#8220;25397&#8243; img_size=&#8220;full&#8220; qode_css_animation=&#8220;&#8220;][\/vc_column][vc_column width=&#8220;1\/2&#8243; css=&#8220;.vc_custom_1550158915950{padding-top: 40px !important;padding-right: 20px !important;padding-bottom: 40px !important;padding-left: 20px !important;}&#8220;][vc_column_text css=&#8220;.vc_custom_1550160846209{padding-top: 40px !important;padding-right: 20px !important;padding-bottom: 40px !important;padding-left: 20px !important;}&#8220;]<\/p>\n<h2 style=\"text-align: left;\"><span style=\"color: #000000;\"><b><span style=\"font-family: .SFUIText-Bold;\">Juan D\u2019Arienzo <\/span><\/b>(1900 \u2013 1976),<\/span><\/h2>\n<p>&nbsp;<\/p>\n<p style=\"text-align: left; color: #000000; font-size: 1.5em; line-height: 1.5em;\">Auch genannt \u201eEl Rey del Compas\u201c \u2013 der K\u00f6nig des Taktes, ist einer der bedeutendsten Bandleader des Tangos. Er ist untrennbar verbunden mit der \u201eD\u00e9cada del Cuarenta\u201c (1940er Jahre), dem goldenen Jahrzehnt der Tangomusik. Unter Tangoliebhabern ist er eine umstrittene und stark polarisierende Pers\u00f6nlichkeit. Bis heute wird er sowohl geliebt und verehrt als auch gehasst und bel\u00e4chelt.<\/p>\n<p style=\"text-align: left; color: #000000; font-size: 1.5em; line-height: 1.5em;\">In den drei\u00dfiger Jahren war der Tango durch eine starke Betonung des Gesangs gekennzeichnet, der Tanz war eher in den Hintergrund getreten. Durch seine R\u00fcckbesinnung auf den Zwei-Viertel-Takt befreite D\u2019Arienzo den Tango von der dadurch entstandenen Protzigkeit und nahm ihm die Konzentration auf die Gesangsstimme. Bei ihm durfte der S\u00e4nger nicht mehr der Star sein, sondern wurde zu einem weiteren Instrument innerhalb des Orchesters. Vielleicht hat er da manchmal \u00fcbertrieben, er schreckte nicht davor zur\u00fcck, v\u00f6llig banale Texte singen zu lassen, die sich dem vom Orchester gespielten Rhythmus unterzuordnen hatten. D\u2019Arienzo muss als Orchesterchef ziemlich despotisch gewesen sein, er erzwang geradezu, dass alles unbedingt dem Rhythmus folgte (s. auch die youtube-Links unten). Aber dadurch wirkte sein Spiel auch ernorm frisch und lebendig. D\u2019Arienzo gab den Tango an die T\u00e4nzer zur\u00fcck und begeisterte die Jugend. \u201eEl Rey del Compas\u201c wurde zum K\u00f6nig des Tanzes, und indem er Leute zum Tanz brachte, konnte er eine Menge Geld verdienen. Sp\u00e4ter, um 1960, versuchte er eine weitere Erneuerung der Stilmittel des klassischen Tangos. Er bildete mit Anibal Troilo (Bandoneon), Francisco Canaro (Violine), Osvaldo Pugliese (Piano) und Osvaldo Fresedo (Bandoneon) das \u201eQuinteto de Oro\u201c.<\/p>\n<p style=\"text-align: left; color: #000000; font-size: 1.5em; line-height: 1.5em;\">Biographische Notizen:<\/p>\n<p style=\"text-align: left; color: #000000; font-size: 1.5em; line-height: 1.5em;\"><a href=\"http:\/\/www.todotango.com\/english\/artists\/biography\/32\/Juan-DArienzo\/\" target=\"_blank\" rel=\"noopener\">http:\/\/www.todotango.com\/english\/artists\/biography\/32\/Juan-DArienzo\/<\/a><\/p>\n<p style=\"text-align: left; color: #000000; font-size: 1.5em; line-height: 1.5em;\">\u201eEl Rey del Compas\u201c in Aktion mit seinem Orchester und S\u00e4nger:<\/p>\n<p style=\"text-align: left; color: #000000; font-size: 1.5em; line-height: 1.5em;\"><a href=\"https:\/\/youtu.be\/3Z5qEKxfmm8\" target=\"_blank\" rel=\"noopener\">https:\/\/youtu.be\/3Z5qEKxfmm8<\/a><br \/>\n<a href=\"https:\/\/youtu.be\/VTINTAmjeh4\" target=\"_blank\" rel=\"noopener\">https:\/\/youtu.be\/VTINTAmjeh4<\/a><br \/>\n<a href=\"https:\/\/youtu.be\/b2UG6i5DQ6w\" target=\"_blank\" rel=\"noopener\">https:\/\/youtu.be\/b2UG6i5DQ6w<\/a><\/p>\n<p style=\"text-align: left; color: #000000; font-size: 1.5em; line-height: 1.5em;\">Eine typische D\u2019Arienzo Tanda:<\/p>\n<p style=\"text-align: left; color: #000000; font-size: 1.5em; line-height: 1.5em;\"><a href=\"https:\/\/youtu.be\/KmbYCsTFxT4\" target=\"_blank\" rel=\"noopener\">https:\/\/youtu.be\/KmbYCsTFxT4<\/a><\/p>\n<p>[\/vc_column_text][\/vc_column][\/vc_row]<\/p>\n<\/div>","protected":false},"excerpt":{"rendered":"<p>[vc_row row_type=&#8220;row&#8220; use_row_as_full_screen_section=&#8220;no&#8220; type=&#8220;full_width&#8220; text_align=&#8220;left&#8220; css_animation=&#8220;&#8220; css=&#8220;.vc_custom_1486656312563&#8220; el_id=&#8220;events&#8220;][vc_column][vc_empty_space height=&#8220;3em&#8220;][vc_column_text] Juan d&#8217;Arienzo [\/vc_column_text][vc_empty_space height=&#8220;3em&#8220;][\/vc_column][\/vc_row][vc_row row_type=&#8220;row&#8220; use_row_as_full_screen_section=&#8220;no&#8220; type=&#8220;full_width&#8220; text_align=&#8220;left&#8220; css_animation=&#8220;&#8220; el_id=&#8220;club&#8220;][vc_column][vc_empty_space height=&#8220;4em&#8220;][\/vc_column][\/vc_row][vc_row row_type=&#8220;row&#8220; use_row_as_full_screen_section=&#8220;no&#8220; type=&#8220;full_width&#8220; text_align=&#8220;left&#8220; css_animation=&#8220;&#8220;][vc_column width=&#8220;1\/2&#8243;][vc_single_image image=&#8220;25397&#8243; img_size=&#8220;full&#8220; qode_css_animation=&#8220;&#8220;][\/vc_column][vc_column width=&#8220;1\/2&#8243; css=&#8220;.vc_custom_1550158915950{padding-top: 40px !important;padding-right: 20px !important;padding-bottom: 40px !important;padding-left: 20px !important;}&#8220;][vc_column_text css=&#8220;.vc_custom_1550160846209{padding-top: 40px !important;padding-right: 20px !important;padding-bottom: 40px&#8230;<\/p>\n","protected":false},"author":1,"featured_media":0,"parent":0,"menu_order":0,"comment_status":"open","ping_status":"closed","template":"full_width.php","meta":{"footnotes":""},"class_list":["post-25405","page","type-page","status-publish","hentry"],"_links":{"self":[{"href":"https:\/\/urquiza.com\/index.php\/wp-json\/wp\/v2\/pages\/25405","targetHints":{"allow":["GET"]}}],"collection":[{"href":"https:\/\/urquiza.com\/index.php\/wp-json\/wp\/v2\/pages"}],"about":[{"href":"https:\/\/urquiza.com\/index.php\/wp-json\/wp\/v2\/types\/page"}],"author":[{"embeddable":true,"href":"https:\/\/urquiza.com\/index.php\/wp-json\/wp\/v2\/users\/1"}],"replies":[{"embeddable":true,"href":"https:\/\/urquiza.com\/index.php\/wp-json\/wp\/v2\/comments?post=25405"}],"version-history":[{"count":2,"href":"https:\/\/urquiza.com\/index.php\/wp-json\/wp\/v2\/pages\/25405\/revisions"}],"predecessor-version":[{"id":25424,"href":"https:\/\/urquiza.com\/index.php\/wp-json\/wp\/v2\/pages\/25405\/revisions\/25424"}],"wp:attachment":[{"href":"https:\/\/urquiza.com\/index.php\/wp-json\/wp\/v2\/media?parent=25405"}],"curies":[{"name":"wp","href":"https:\/\/api.w.org\/{rel}","templated":true}]}}