{"id":25307,"date":"2019-02-14T15:06:17","date_gmt":"2019-02-14T14:06:17","guid":{"rendered":"https:\/\/urquiza.com\/?page_id=25307"},"modified":"2019-03-24T05:33:03","modified_gmt":"2019-03-24T04:33:03","slug":"auf_weitere_15_jahre","status":"publish","type":"page","link":"https:\/\/urquiza.com\/index.php\/auf_weitere_15_jahre\/","title":{"rendered":"Auf weitere 15+ Jahre!"},"content":{"rendered":"<div class=\"wpb-content-wrapper\"><p>[vc_row row_type=&#8220;row&#8220; use_row_as_full_screen_section=&#8220;no&#8220; type=&#8220;full_width&#8220; text_align=&#8220;left&#8220; css_animation=&#8220;&#8220; css=&#8220;.vc_custom_1486656312563&#8220; el_id=&#8220;events&#8220;][vc_column][vc_empty_space height=&#8220;3em&#8220;][vc_column_text]<\/p>\n<h1 style=\"text-align: center; font-size: 25px; letter-spacing: 0.05em;\"><span style=\"color: #873003;\">Gracias!\u00a0<\/span><\/h1>\n<p>[\/vc_column_text][vc_empty_space height=&#8220;3em&#8220;][\/vc_column][\/vc_row][vc_row row_type=&#8220;row&#8220; use_row_as_full_screen_section=&#8220;no&#8220; type=&#8220;full_width&#8220; text_align=&#8220;left&#8220; css_animation=&#8220;&#8220; css=&#8220;.vc_custom_1484221351704{background-color: #f2f2f2 !important;}&#8220;][vc_column][vc_column_text css=&#8220;.vc_custom_1550153172119{padding-top: 40px !important;padding-right: 20px !important;padding-bottom: 40px !important;padding-left: 20px !important;}&#8220;]<\/p>\n<h2 style=\"text-align: left;\"><span style=\"color: #000000;\">Auf weitere 15+ Jahre!<\/span><\/h2>\n<p>&nbsp;<\/p>\n<p style=\"text-align: left; color: #000000; font-size: 1.5em; line-height: 1.5em;\"><span style=\"color: #000000;\">Liebe Alle,<\/span><\/p>\n<p style=\"text-align: left; color: #000000; font-size: 1.5em; line-height: 1.5em;\"><span style=\"color: #000000;\">Sch\u00f6n, dass Ihr so zahlreich zu unserem Tango-Brunch erschienen seid! Danke f\u00fcrs Mitmachen und f\u00fcr die tollen Geschenke.<\/span><\/p>\n<p style=\"text-align: left; color: #000000; font-size: 1.5em; line-height: 1.5em;\"><span style=\"color: #000000;\">Und vor allem: Danke f\u00fcr Eures Vertrauen im #UrquizaProject. F\u00fcr unser 15-j\u00e4hriges Jubil\u00e4um haben wir noch vieles vor, mehr Infos dazu folgen in K\u00fcrze.<\/span><br \/>\n<span style=\"color: #000000;\">In der Zwischenzeit bitte unbedingt vormerken: H\u00f6hepunkt der Feierlichkeiten wird unsere Tango-Reise nach Volterra sein (11-14 Oktober 2019). Gerne an alle Tango-Begeisterte sowie Italien-Fans weitersagen.<\/span><\/p>\n<p>&nbsp;<\/p>\n<p style=\"text-align: left; color: #000000; font-size: 1.5em; line-height: 1.5em;\"><span style=\"color: #000000;\">Stay tuned \u2013 we are #urquizapeople<\/span><\/p>\n<p>[\/vc_column_text][\/vc_column][\/vc_row][vc_row row_type=&#8220;row&#8220; use_row_as_full_screen_section=&#8220;no&#8220; type=&#8220;full_width&#8220; text_align=&#8220;left&#8220; css_animation=&#8220;&#8220;][vc_column][vc_empty_space height=&#8220;4em&#8220;][\/vc_column][\/vc_row][vc_row row_type=&#8220;row&#8220; use_row_as_full_screen_section=&#8220;no&#8220; type=&#8220;full_width&#8220; text_align=&#8220;left&#8220; css_animation=&#8220;&#8220;][vc_column][vc_gallery type=&#8220;image_grid&#8220; images=&#8220;25318,25317,25336,25323,25327,25332,25349,25372,25356,25351,25352,25342,25326,25373,25333,25350,25345,25366,25359,25354,25331,25357,25319,25322,25343,25375,25361,25360,25367,25355,25338,25316,25325,25335,25348,25347,25369,25321,25365,25371,25370,25368,25330,25374,25328,25339,25341,25363,25329,25340,25353,25346,25334,25337,25320,25344,25324&#8243; img_size=&#8220;large&#8220; onclick=&#8220;&#8220; column_number=&#8220;3&#8243; grayscale=&#8220;no&#8220; space_between_images=&#8220;no&#8220;][\/vc_column][\/vc_row]<\/p>\n<\/div>","protected":false},"excerpt":{"rendered":"<p>[vc_row row_type=&#8220;row&#8220; use_row_as_full_screen_section=&#8220;no&#8220; type=&#8220;full_width&#8220; text_align=&#8220;left&#8220; css_animation=&#8220;&#8220; css=&#8220;.vc_custom_1486656312563&#8220; el_id=&#8220;events&#8220;][vc_column][vc_empty_space height=&#8220;3em&#8220;][vc_column_text] Gracias!\u00a0 [\/vc_column_text][vc_empty_space height=&#8220;3em&#8220;][\/vc_column][\/vc_row][vc_row row_type=&#8220;row&#8220; use_row_as_full_screen_section=&#8220;no&#8220; type=&#8220;full_width&#8220; text_align=&#8220;left&#8220; css_animation=&#8220;&#8220; css=&#8220;.vc_custom_1484221351704{background-color: #f2f2f2 !important;}&#8220;][vc_column][vc_column_text css=&#8220;.vc_custom_1550153172119{padding-top: 40px !important;padding-right: 20px !important;padding-bottom: 40px !important;padding-left: 20px !important;}&#8220;] Auf weitere 15+ Jahre! &nbsp; Liebe Alle, Sch\u00f6n, dass Ihr so zahlreich zu unserem Tango-Brunch erschienen&#8230;<\/p>\n","protected":false},"author":2,"featured_media":0,"parent":0,"menu_order":0,"comment_status":"open","ping_status":"closed","template":"full_width.php","meta":{"footnotes":""},"class_list":["post-25307","page","type-page","status-publish","hentry"],"_links":{"self":[{"href":"https:\/\/urquiza.com\/index.php\/wp-json\/wp\/v2\/pages\/25307","targetHints":{"allow":["GET"]}}],"collection":[{"href":"https:\/\/urquiza.com\/index.php\/wp-json\/wp\/v2\/pages"}],"about":[{"href":"https:\/\/urquiza.com\/index.php\/wp-json\/wp\/v2\/types\/page"}],"author":[{"embeddable":true,"href":"https:\/\/urquiza.com\/index.php\/wp-json\/wp\/v2\/users\/2"}],"replies":[{"embeddable":true,"href":"https:\/\/urquiza.com\/index.php\/wp-json\/wp\/v2\/comments?post=25307"}],"version-history":[{"count":4,"href":"https:\/\/urquiza.com\/index.php\/wp-json\/wp\/v2\/pages\/25307\/revisions"}],"predecessor-version":[{"id":25388,"href":"https:\/\/urquiza.com\/index.php\/wp-json\/wp\/v2\/pages\/25307\/revisions\/25388"}],"wp:attachment":[{"href":"https:\/\/urquiza.com\/index.php\/wp-json\/wp\/v2\/media?parent=25307"}],"curies":[{"name":"wp","href":"https:\/\/api.w.org\/{rel}","templated":true}]}}