{"id":24744,"date":"2018-11-07T13:56:18","date_gmt":"2018-11-07T12:56:18","guid":{"rendered":"https:\/\/urquiza.com\/?page_id=24744"},"modified":"2020-08-02T17:22:08","modified_gmt":"2020-08-02T15:22:08","slug":"tangoreise_volterra_italien_oktober_2019","status":"publish","type":"page","link":"https:\/\/urquiza.com\/index.php\/tangoreise_volterra_italien_oktober_2019\/","title":{"rendered":"Volterra Tangoreise 2019"},"content":{"rendered":"<div class=\"wpb-content-wrapper\"><p>[vc_row row_type=&#8220;row&#8220; use_row_as_full_screen_section=&#8220;no&#8220; type=&#8220;full_width&#8220; text_align=&#8220;left&#8220; css_animation=&#8220;&#8220; css=&#8220;.vc_custom_1486656312563&#8220; el_id=&#8220;events&#8220;][vc_column][vc_empty_space height=&#8220;3em&#8220;][vc_column_text]<\/p>\n<h1 style=\"text-align: center; font-size: 25px; letter-spacing: 0.05em;\"><span style=\"color: #873003;\">Volterra Tangoreise 2019!\u00a0<\/span><\/h1>\n<p>[\/vc_column_text][vc_empty_space height=&#8220;3em&#8220;][\/vc_column][\/vc_row][vc_row row_type=&#8220;row&#8220; use_row_as_full_screen_section=&#8220;no&#8220; type=&#8220;full_width&#8220; text_align=&#8220;left&#8220; css_animation=&#8220;&#8220; css=&#8220;.vc_custom_1484221351704{background-color: #f2f2f2 !important;}&#8220;][vc_column][vc_column_text css=&#8220;.vc_custom_1566898421926{padding-top: 40px !important;padding-right: 20px !important;padding-bottom: 40px !important;padding-left: 20px !important;}&#8220;]<\/p>\n<h2 style=\"text-align: left;\">Last Minute News f\u00fcr unsere Tango Reise nach Volterra, in der Toskana!<\/h2>\n<p style=\"text-align: left; color: #000000; font-size: 1.5em; line-height: 1.5em;\">Liebe Urquiza Freunden,<\/p>\n<p style=\"text-align: left; color: #000000; font-size: 1.5em; line-height: 1.5em;\">Unsere Reise nach Volterra hat sehr viel Interesse geweckt, vielen Dank f\u00fcr das Vertrauen und den Wunsch, diese Erfahrung mit uns zu teilen!<\/p>\n<p style=\"text-align: left; color: #000000; font-size: 1.5em; line-height: 1.5em;\">Um allen das bestm\u00f6gliche Angebot unterbreiten zu k\u00f6nnen haben wir zwei kleine \u00c4nderungen vorgenommen:<\/p>\n<p style=\"text-align: left; color: #000000; font-size: 1.5em; line-height: 1.5em;\">&#8211;\u00a0\u00a0\u00a0\u00a0\u00a0\u00a0\u00a0\u00a0\u00a0 Es wird kein Flughafen Transport Service mehr angeboten \u2013 unser Urquiza Mini Bus ist voll \ud83d\ude42<\/p>\n<p style=\"text-align: left; color: #000000; font-size: 1.5em; line-height: 1.5em;\">&#8211;\u00a0\u00a0\u00a0\u00a0\u00a0\u00a0\u00a0\u00a0\u00a0 Wir haben neue, gr\u00f6\u00dfere und sch\u00f6nere Unterrichtsr\u00e4ume f\u00fcr euch organisiert &#8211; Der Grundpreis f\u00fcr neue Buchungen ab heute hat sich dadurch leicht erh\u00f6ht, um 20\u20ac\/Person \u00e8 270\u20ac\/Person gesamt<\/p>\n<p style=\"text-align: left; color: #000000; font-size: 1.5em; line-height: 1.5em;\">Wir haben noch wenige Pl\u00e4tze f\u00fcr die letzten Anmeldungen frei. Die Buchung erfolgt here unten wie gewohnt.<\/p>\n<p style=\"text-align: left; color: #000000; font-size: 1.5em; line-height: 1.5em;\">Wir freuen uns euch bald in der Toskana begr\u00fc\u00dfen zu d\u00fcrfen!<\/p>\n<p style=\"text-align: left; color: #000000; font-size: 1.5em; line-height: 1.5em;\">Herzlich<\/p>\n<p style=\"text-align: left; color: #000000; font-size: 1.5em; line-height: 1.5em;\">Das Urquiza Team<br \/>\nBerlin 01.08.2019<\/p>\n<p>[\/vc_column_text][\/vc_column][\/vc_row][vc_row gap=&#8220;4&#8243; row_type=&#8220;row&#8220; use_row_as_full_screen_section=&#8220;no&#8220; type=&#8220;full_width&#8220; text_align=&#8220;left&#8220; css_animation=&#8220;&#8220; css=&#8220;.vc_custom_1565105570813{padding-right: 60px !important;padding-left: 60px !important;background-color: #ffffff !important;}&#8220;][vc_column][vc_empty_space height=&#8220;3em&#8220;][\/vc_column][\/vc_row][vc_row row_type=&#8220;row&#8220; use_row_as_full_screen_section=&#8220;no&#8220; type=&#8220;full_width&#8220; text_align=&#8220;left&#8220; css_animation=&#8220;&#8220; css=&#8220;.vc_custom_1484221351704{background-color: #f2f2f2 !important;}&#8220;][vc_column][vc_column_text css=&#8220;.vc_custom_1566900018938{padding-top: 40px !important;padding-right: 20px !important;padding-bottom: 40px !important;padding-left: 20px !important;}&#8220;]<\/p>\n<h2 style=\"text-align: left;\">Tango Reise nach Volterra, in der Toskana<span class=\"Apple-converted-space\">\u00a0<\/span><\/h2>\n<p>&nbsp;<\/p>\n<p style=\"text-align: left; color: #000000; font-size: 1.5em; line-height: 1.5em;\">Jetzt ist es so weit: hier die Details der Urquiza Reise und der Link f\u00fcr eure Buchung!<\/p>\n<p style=\"text-align: left; color: #000000; font-size: 1.5em; line-height: 1.5em;\"><u>PROGRAMM UND REISENZEITEN:<\/u><\/p>\n<p style=\"text-align: left; color: #000000; font-size: 1.5em; line-height: 1.5em;\">Die Reise beginnt offiziell am Freitag, den 11.10.2019 am Nachmittag mit einem informellen Treffen in Volterra, Pisa.\u00a0Samstag und Sonntag und Montagvormittag sind wir zusammen in Volterra (und nicht nur), das Ende der Reise ist f\u00fcr den Montagmittag (14.10.2019) geplant.<\/p>\n<p style=\"text-align: left; color: #000000; font-size: 1.5em; line-height: 1.5em;\">F\u00fcr dieses Wochenende haben wir einiges f\u00fcr euch vorbereitet!<\/p>\n<p style=\"text-align: left; color: #000000; font-size: 1.5em; line-height: 1.5em;\">Selbstverst\u00e4ndlich k\u00f6nnt ihr l\u00e4nger bleiben und Volterra und die ganze Region genie\u00dfen. Gerne stehe wir euch f\u00fcr Empfehlungen zur Verf\u00fcgung.<\/p>\n<p>&nbsp;<\/p>\n<p style=\"text-align: left; color: #000000; font-size: 1.5em; line-height: 1.5em;\"><u>LEISTUNGEN IM PAKET:<\/u><\/p>\n<p style=\"text-align: left; color: #000000; font-size: 1.5em; line-height: 1.5em;\"><strong>Tango Lernen:<\/strong><br \/>\n9 Unterrichtsstunden mit gezielten, nach den Teilnehmern gerichteten Schwerpunkten. Wir werden intensiv lernen und wichtige Themen vertiefen.<\/p>\n<p style=\"text-align: left; color: #000000; font-size: 1.5em; line-height: 1.5em;\"><strong>Tango Tanzen:<\/strong><br \/>\nMilonga dello Sbarba: eine f\u00fcr euch entwickelte Milonga, im wundersch\u00f6nen Renaissance <a href=\"http:\/\/www.palazzoricciarelli-dellosbarba.it\/en\">Palast Ricciarelli Dello Sbarba<\/a>. W\u00e4hrend der Milonga seid ihr auf Getr\u00e4nke und S\u00fc\u00dfigkeiten (von der Dame des Hauses selbstgebacken) gerne eingeladen.<\/p>\n<p style=\"text-align: left; color: #000000; font-size: 1.5em; line-height: 1.5em;\"><strong>Tango Erleben:<\/strong><br \/>\nEine Tango Highlight, welche Urquiza seit langem entwickelt. Eine Reise durch die Tango Geschichte(n), ein Einblick in die Vergangenheit und Gegenwart. Viel mehr m\u00f6chten wir noch nicht verraten!<\/p>\n<p style=\"text-align: left; color: #000000; font-size: 1.5em; line-height: 1.5em;\">PREIS: 220\u20ac\/Person f\u00fcr Fr\u00fchbucher (Buchung bis 30.04.2019) 250\u20ac\/Person Normalpreis (Buchung ab 01.05.2019 bis 31.07.2019)\u00a0270\u20ac\/Person f\u00fcr Lastminute Bucher (Buchung ab 31.08.2019)<\/p>\n<p>[\/vc_column_text]<a href=\"https:\/\/bookeo.com\/urquiza?type=32544KH9PC1688120EF11\" target=\"_self\"  class=\"qbutton  big_large_full_width white\" style=\"font-style: normal; border-radius: 10px;-moz-border-radius: 10px;-webkit-border-radius: 10px; background-color: #873003;\">Tango Reise jetzt buchen!<\/a>[vc_column_text css=&#8220;.vc_custom_1550075826147{padding-top: 40px !important;padding-right: 20px !important;padding-bottom: 40px !important;padding-left: 20px !important;}&#8220;]<\/p>\n<h2 style=\"text-align: left;\">Tango Reise nach Volterra, in der Toskana<span class=\"Apple-converted-space\">\u00a0<\/span><\/h2>\n<p>&nbsp;<\/p>\n<p style=\"text-align: left; color: #000000; font-size: 1.5em; line-height: 1.5em;\"><u>ZUS\u00c4TZLICH BUCHBARE LEISTUNGEN:<\/u><\/p>\n<p style=\"text-align: left; color: #000000; font-size: 1.5em; line-height: 1.5em;\"><strong>Privatstunden<\/strong>:<br \/>\nmit Chiche: 80\u20ac\/Stunde, f\u00fcr Paare<br \/>\nTermine nach Vereinbarung, bei Interesse bitte bucht unter <a href=\"https:\/\/bookeo.com\/urquiza?type=3254KNRLFJ168E70A5EA9\">Privatstunden mit Chiche N\u00fa\u00f1ez in Volterra<\/a><\/p>\n<p style=\"text-align: left; color: #000000; font-size: 1.5em; line-height: 1.5em;\"><strong>Autoservice<\/strong>:<\/p>\n<p style=\"text-align: left; color: #000000; font-size: 1.5em; line-height: 1.5em;\">Flughafen Pisa\/Volterra\/Pisa, Freitag den 11.10.2019 um 15:30 Uhr nach Volterra, Montag den 14.10.2019 um 12:00 Uhr zum Flughafen Pisa: 50\u20ac\/Person<br \/>\nbei Interesse bitten wir die entsprechende Option bei der Buchung anklicken.<\/p>\n<p style=\"text-align: left; color: #000000; font-size: 1.5em; line-height: 1.5em;\"><strong>Autoservice<\/strong>:<br \/>\nVolterra\/Florenz\/Volterra am Sonntag den 13.10.2019 Abreise ca. 19:00 Uhr, R\u00fcckfahrt ab ca. 00:30 Uhr, um in Florenz auf Milonga tanzen zu gehen: 45\u20ac\/Person<br \/>\nbei Interesse bitten wir die entsprechende Option bei der Buchung anklicken.<\/p>\n<p>&nbsp;<\/p>\n<p style=\"text-align: left; color: #000000; font-size: 1.5em; line-height: 1.5em;\"><u>WAS WIR SONST NOCH VOR HABEN:<\/u><\/p>\n<p style=\"text-align: left; color: #000000; font-size: 1.5em; line-height: 1.5em;\"><strong>Aperitif<\/strong>:<\/p>\n<p style=\"text-align: left; color: #000000; font-size: 1.5em; line-height: 1.5em;\">in der Bar \u201eL\u2019Incontro\u201c, am Freitag, den 11.10.2019 ab 17:30 Uhr.<\/p>\n<p style=\"text-align: left; color: #000000; font-size: 1.5em; line-height: 1.5em;\"><strong>Gemeinsames Abendessen:<\/strong><br \/>\nim Restaurant \u201eDon Beta\u201c am Samstag, den 12.10.2019 ab 19:30 Uhr.<\/p>\n<p style=\"text-align: left; color: #000000; font-size: 1.5em; line-height: 1.5em;\"><strong>Milongabesuch:<\/strong><\/p>\n<p style=\"text-align: left; color: #000000; font-size: 1.5em; line-height: 1.5em;\">Besuch einer traditionellen, etablierten Milonga in Florenz, am 13.10.2019, ab ca. 21 Uhr<\/p>\n<p style=\"text-align: left; color: #000000; font-size: 1.5em; line-height: 1.5em;\"><strong>Gef\u00fchrter Spaziergang:<\/strong><\/p>\n<p style=\"text-align: left; color: #000000; font-size: 1.5em; line-height: 1.5em;\">Eine lockere Stunde durch und um das historische Zentrum von Volterra, als freundlicher Abschied, am Montag, den 14.10.2019 um 10:00 Uhr.<\/p>\n<p style=\"text-align: left; color: #000000; font-size: 1.5em; line-height: 1.5em;\">Dier hier genannten Aktivit\u00e4ten werden von Urquiza organisiert, resultierende Kosten sind jedoch nicht im Paket beinhaltet werden direkt vor Ort von den interessierten Teilnehmern \u00fcbernommen.<\/p>\n<p style=\"text-align: left; color: #000000; font-size: 1.5em; line-height: 1.5em;\"><u>FREIE WAHL HABT IHR:<\/u><\/p>\n<p style=\"text-align: left; color: #000000; font-size: 1.5em; line-height: 1.5em;\"><strong>Bei den \u00dcbernachtungsm\u00f6glichkeiten:<\/strong><\/p>\n<p style=\"text-align: left; color: #000000; font-size: 1.5em; line-height: 1.5em;\">Im Paket werden keine \u00dcbernachtungen angeboten.<br \/>\nPers\u00f6nliche Empfehlung ist das Hotel \u201eEtruria\u201c, direkt in der Altstadt.<\/p>\n<p style=\"text-align: left; color: #000000; font-size: 1.5em; line-height: 1.5em;\"><strong>Bei der An- und Abreise:<\/strong><\/p>\n<p style=\"text-align: left; color: #000000; font-size: 1.5em; line-height: 1.5em;\">Viele Wege f\u00fchren nach Volterra!<\/p>\n<p style=\"text-align: left; color: #000000; font-size: 1.5em; line-height: 1.5em;\">Selbst Auto fahren: eine etwas l\u00e4ngere Strecke, die euch jedoch viel Freiheit beschert. Perfekt, wenn man l\u00e4nger in der Gegend bleiben m\u00f6chte<br \/>\nFliegen: Schnell, kosteng\u00fcnstig und unkompliziert, von Urquiza getestet, Berlin\/Pisa\/Berlin gibt es von Ryanair und Easyjet.<\/p>\n<p style=\"text-align: left; color: #000000; font-size: 1.5em; line-height: 1.5em;\">Von Pisa nach Volterra sind es ca. 60km malerischer Landstra\u00dfe. Es ist m\u00f6glich, am Flughafen ein Auto zu mieten, mit dem Bus (Achtung, umsteigen notwendig, etwas l\u00e4ngere Fahrt) zu fahren oder sich von einem privaten Taxi-Service (zum Beispiel \u00fcber euer Hotel, oder als Option bei der Buchung \u00fcber Urquiza) abholen zu lassen.<\/p>\n<p style=\"text-align: left; color: #000000; font-size: 1.5em; line-height: 1.5em;\">Zug, Mitfahrzentrale usw. gibt es ja auch. Und vielleicht m\u00f6chten andere Urquiza-Sch\u00fcler mit euch die Reise teilen? Eine direkte Umfrage im Kurs lohnt es sich bestimmt!<br \/>\nAn- und Abreisekosten sind nicht im Paket ber\u00fccksichtigt.<\/p>\n<p style=\"text-align: left; color: #000000; font-size: 1.5em; line-height: 1.5em;\"><strong>Essen, Trinken und sonstige Aktivit\u00e4ten:<\/strong><\/p>\n<p style=\"text-align: left; color: #000000; font-size: 1.5em; line-height: 1.5em;\">Die Region bietet Genie\u00dfern und Neugierigen Einiges zu entdecken. Abgesehen von den explizit genannten Leistungen (siehe Milonga dello Sbarba) wird von Urquiza keine Verpflegung angeboten.<\/p>\n<p style=\"text-align: left; color: #000000; font-size: 1.5em; line-height: 1.5em;\">WIR FREUEN UNS AUF EUCH!<\/p>\n<p>[\/vc_column_text][\/vc_column][\/vc_row][vc_row row_type=&#8220;row&#8220; use_row_as_full_screen_section=&#8220;no&#8220; type=&#8220;full_width&#8220; text_align=&#8220;left&#8220; css_animation=&#8220;&#8220;][vc_column]<a href=\"https:\/\/bookeo.com\/urquiza?type=32544KH9PC1688120EF11\" target=\"_self\"  class=\"qbutton  big_large_full_width white\" style=\"font-style: normal; border-radius: 10px;-moz-border-radius: 10px;-webkit-border-radius: 10px; background-color: #873003;\">Tango Reise jetzt buchen!<\/a>[\/vc_column][\/vc_row][vc_row row_type=&#8220;row&#8220; use_row_as_full_screen_section=&#8220;no&#8220; type=&#8220;full_width&#8220; text_align=&#8220;left&#8220; css_animation=&#8220;&#8220;][vc_column][vc_gallery type=&#8220;image_grid&#8220; images=&#8220;24714,24711,24713,24710,24708,24707,24697,24706,24700,24701,24705,24699,24698,24712,24696&#8243; img_size=&#8220;large&#8220; onclick=&#8220;&#8220; column_number=&#8220;3&#8243; grayscale=&#8220;no&#8220; space_between_images=&#8220;no&#8220;][\/vc_column][\/vc_row][vc_row row_type=&#8220;row&#8220; use_row_as_full_screen_section=&#8220;no&#8220; type=&#8220;full_width&#8220; text_align=&#8220;left&#8220; css_animation=&#8220;&#8220; css=&#8220;.vc_custom_1486732732826{background-color: #f2f2f2 !important;}&#8220;][vc_column][\/vc_column][\/vc_row]<\/p>\n<\/div>","protected":false},"excerpt":{"rendered":"<p>[vc_row row_type=&#8220;row&#8220; use_row_as_full_screen_section=&#8220;no&#8220; type=&#8220;full_width&#8220; text_align=&#8220;left&#8220; css_animation=&#8220;&#8220; css=&#8220;.vc_custom_1486656312563&#8220; el_id=&#8220;events&#8220;][vc_column][vc_empty_space height=&#8220;3em&#8220;][vc_column_text] Volterra Tangoreise 2019!\u00a0 [\/vc_column_text][vc_empty_space height=&#8220;3em&#8220;][\/vc_column][\/vc_row][vc_row row_type=&#8220;row&#8220; use_row_as_full_screen_section=&#8220;no&#8220; type=&#8220;full_width&#8220; text_align=&#8220;left&#8220; css_animation=&#8220;&#8220; css=&#8220;.vc_custom_1484221351704{background-color: #f2f2f2 !important;}&#8220;][vc_column][vc_column_text css=&#8220;.vc_custom_1566898421926{padding-top: 40px !important;padding-right: 20px !important;padding-bottom: 40px !important;padding-left: 20px !important;}&#8220;] Last Minute News f\u00fcr unsere Tango Reise nach Volterra, in der Toskana! Liebe Urquiza&#8230;<\/p>\n","protected":false},"author":1,"featured_media":0,"parent":0,"menu_order":0,"comment_status":"open","ping_status":"closed","template":"full_width.php","meta":{"footnotes":""},"class_list":["post-24744","page","type-page","status-publish","hentry"],"_links":{"self":[{"href":"https:\/\/urquiza.com\/index.php\/wp-json\/wp\/v2\/pages\/24744","targetHints":{"allow":["GET"]}}],"collection":[{"href":"https:\/\/urquiza.com\/index.php\/wp-json\/wp\/v2\/pages"}],"about":[{"href":"https:\/\/urquiza.com\/index.php\/wp-json\/wp\/v2\/types\/page"}],"author":[{"embeddable":true,"href":"https:\/\/urquiza.com\/index.php\/wp-json\/wp\/v2\/users\/1"}],"replies":[{"embeddable":true,"href":"https:\/\/urquiza.com\/index.php\/wp-json\/wp\/v2\/comments?post=24744"}],"version-history":[{"count":20,"href":"https:\/\/urquiza.com\/index.php\/wp-json\/wp\/v2\/pages\/24744\/revisions"}],"predecessor-version":[{"id":27106,"href":"https:\/\/urquiza.com\/index.php\/wp-json\/wp\/v2\/pages\/24744\/revisions\/27106"}],"wp:attachment":[{"href":"https:\/\/urquiza.com\/index.php\/wp-json\/wp\/v2\/media?parent=24744"}],"curies":[{"name":"wp","href":"https:\/\/api.w.org\/{rel}","templated":true}]}}