{"id":23541,"date":"2017-08-08T17:28:50","date_gmt":"2017-08-08T15:28:50","guid":{"rendered":"http:\/\/urquiza.com\/?page_id=23541"},"modified":"2021-08-10T11:16:45","modified_gmt":"2021-08-10T09:16:45","slug":"tangolernen","status":"publish","type":"page","link":"https:\/\/urquiza.com\/index.php\/tangolernen\/","title":{"rendered":"Lernen"},"content":{"rendered":"<div class=\"wpb-content-wrapper\"><p>[vc_row row_type=&#8220;row&#8220; use_row_as_full_screen_section=&#8220;no&#8220; type=&#8220;full_width&#8220; text_align=&#8220;left&#8220; background_color=&#8220;#ffffff&#8220; css_animation=&#8220;&#8220; css=&#8220;.vc_custom_1486656063429&#8220; el_id=&#8220;tangolernen&#8220;][vc_column][vc_column_text css=&#8220;.vc_custom_1609885392828{padding-bottom: 40px !important;}&#8220;]<\/p>\n<h1 style=\"text-align: center; font-size: 25px; letter-spacing: 0.05em;\"><span style=\"color: #8e2c01;\"><strong>Tango lernen in Berlin Prenzlauer Berg<\/strong><\/span><\/h1>\n<p>[\/vc_column_text][vc_column_text css=&#8220;.vc_custom_1628584476211{padding-right: 40px !important;padding-left: 40px !important;}&#8220;]<\/p>\n<h3>Wir sind wieder da! Neue Sp\u00e4tsommer Tango Kurse in Berlin Prenzlauer Berg<\/h3>\n<p>[\/vc_column_text][vc_empty_space height=&#8220;3em&#8220;][\/vc_column][\/vc_row][vc_row row_type=&#8220;row&#8220; use_row_as_full_screen_section=&#8220;no&#8220; type=&#8220;full_width&#8220; text_align=&#8220;left&#8220; css_animation=&#8220;&#8220; css=&#8220;.vc_custom_1574263667683{background-color: #f2f2f2 !important;}&#8220;][vc_column width=&#8220;1\/3&#8243;][vc_column_text css=&#8220;.vc_custom_1609952943134{padding-top: 40px !important;padding-right: 20px !important;padding-bottom: 40px !important;padding-left: 20px !important;}&#8220;]<\/p>\n<h2 style=\"text-align: center;\"><span style=\"color: #000000;\">Kurse in Berlin<\/span><\/h2>\n<p>[\/vc_column_text][vc_single_image image=&#8220;22685&#8243; img_size=&#8220;full&#8220; alignment=&#8220;right&#8220; onclick=&#8220;custom_link&#8220; qode_css_animation=&#8220;&#8220; link=&#8220;http:\/\/urquiza.com\/index.php\/workshops\/&#8220;]<a href=\"mailto:tango@urquiza.com?subject=Kursanmeldung!\" target=\"_self\"  class=\"qbutton  big_large_full_width move_icon white\" style=\"font-style: normal; border-radius: 10px;-moz-border-radius: 10px;-webkit-border-radius: 10px; background-color: #873003;\">Anmeldung!<\/a>[vc_column_text css=&#8220;.vc_custom_1628587000771{padding-top: 40px !important;padding-right: 20px !important;padding-bottom: 40px !important;padding-left: 20px !important;}&#8220;]<\/p>\n<h3 style=\"text-align: left;\"><span style=\"color: #000000;\">Pr\u00e4senzunterricht in Berlin<\/span><\/h3>\n<p>&nbsp;<\/p>\n<p style=\"font-size: 1.5em; line-height: 1.5em; text-align: left;\"><span lang=\"de\" style=\"color: #000000;\"><a href=\"https:\/\/urquiza.com\/#Kursprogramm\">Tango Kursprogram<\/a> ab d. 10. August bis 07 Oktober 2021 \u2013 Online u. Pr\u00e4senzunterricht im DUALEN KURSFORMAT.<br \/>\n(9 Wochen \u2013 Achtet bitte auf den Terminplan wegen Abweichungen)<br \/>\nWir freuen euch in Urquiza zu sehen!<br \/>\nUnsere neue Kurse funktionieren so:<\/span><\/p>\n<p style=\"font-size: 1.5em; line-height: 1.5em; text-align: left;\"><span style=\"color: #000000;\">Teilnahme mit vollem Impfschutz, tagesaktuellem Negativ-Test oder Genesungsnachweis &lt; 6 Monate<\/span><\/p>\n<ul>\n<li style=\"font-size: 1.5em; line-height: 1.5em; text-align: left;\"><span style=\"color: #000000;\">Feste Tanz-Partnerschaften, kein Partnerwechsel<\/span><\/li>\n<li style=\"font-size: 1.5em; line-height: 1.5em; text-align: left;\"><span style=\"color: #000000;\">Begrenzte Teilnehmerzahl, regelm\u00e4\u00dfiges L\u00fcften und sonstige Hygienema\u00dfnahmen<\/span><\/li>\n<li style=\"font-size: 1.5em; line-height: 1.5em; text-align: left;\"><span style=\"color: #000000;\">Abstand halten, sch\u00f6ne Ronda!<\/span><\/li>\n<\/ul>\n<p style=\"font-size: 1.5em; line-height: 1.5em; text-align: left;\"><span style=\"color: #000000;\">Und ganz neu: wir testen die Live-\u00dcbertragung direkt aus dem Pr\u00e4senzunterricht, damit jeder auch aus der Ferne live dabei sein kann! Egal ob verreist oder verhindert, die Teilnahme ist immer m\u00f6glich und der Kontakt zu Lehrern und Mitsch\u00fclern bleibt.<\/span><\/p>\n<p style=\"font-size: 1.5em; line-height: 1.5em; text-align: left;\"><span style=\"color: #000000;\">9 Wochen Regelunterricht um (wieder) loszulegen! Bei jeder Frage sind wir gerne f\u00fcr euch da: tango@urquiza.com<\/span><\/p>\n<p>[\/vc_column_text][\/vc_column][vc_column width=&#8220;1\/3&#8243;][vc_column_text css=&#8220;.vc_custom_1609885634701{padding-top: 40px !important;padding-right: 20px !important;padding-bottom: 40px !important;padding-left: 20px !important;}&#8220;]<\/p>\n<h2 style=\"text-align: center;\"><span style=\"color: #000000;\">Online <\/span><span style=\"color: #000000;\">Kurse<\/span><\/h2>\n<p>[\/vc_column_text][vc_single_image image=&#8220;24061&#8243; img_size=&#8220;full&#8220; alignment=&#8220;right&#8220; onclick=&#8220;custom_link&#8220; qode_css_animation=&#8220;&#8220; link=&#8220;https:\/\/bookeo.com\/urquiza?category=32546MC6YH15DD750BB7A&#8220;]<a href=\"https:\/\/bookeo.com\/urquiza?initialview=courseEvents\" target=\"_self\"  class=\"qbutton  big_large_full_width white\" style=\"font-style: normal; border-radius: 10px;-moz-border-radius: 10px;-webkit-border-radius: 10px; background-color: #873003;\">Kurs online buchen!<\/a>[vc_column_text css=&#8220;.vc_custom_1609886245818{padding-top: 40px !important;padding-right: 20px !important;padding-bottom: 40px !important;padding-left: 20px !important;}&#8220;]<\/p>\n<h3 style=\"text-align: left;\"><span style=\"color: #000000;\">Online Tango Kurse via Zoom<\/span><\/h3>\n<p>&nbsp;<\/p>\n<p style=\"font-size: 1.5em; line-height: 1.5em; text-align: left;\"><span style=\"color: #000000;\">W\u00f6chentliche Online Kurse f\u00fcr beide Rollen, Singles und Paare.<br \/>\nLive Korrekturen, kleine Gruppe und personalisiertes Feedback.<\/span><\/p>\n<p style=\"font-size: 1.5em; line-height: 1.5em; text-align: left;\"><span style=\"color: #000000;\">Jeder Kurs dauert 9 Wochen, 60 Minuten pro Woche.<\/span><\/p>\n<p>[\/vc_column_text][\/vc_column][vc_column width=&#8220;1\/3&#8243;][vc_column_text css=&#8220;.vc_custom_1609888106586{padding-top: 40px !important;padding-right: 20px !important;padding-bottom: 40px !important;padding-left: 20px !important;}&#8220;]<\/p>\n<h2 style=\"text-align: center;\"><span style=\"color: #000000;\">Privat-Unterricht<\/span><\/h2>\n<p>[\/vc_column_text][vc_single_image image=&#8220;23930&#8243; img_size=&#8220;full&#8220; alignment=&#8220;right&#8220; qode_css_animation=&#8220;&#8220;]<a href=\"mailto:tango@urquiza.com?subject=Privatstunde\" target=\"_self\"  class=\"qbutton  big_large_full_width move_icon white\" style=\"font-style: normal; border-radius: 10px;-moz-border-radius: 10px;-webkit-border-radius: 10px; background-color: #873003;\">Anmeldung!<\/a>[vc_column_text css=&#8220;.vc_custom_1609887157422{padding-top: 40px !important;padding-right: 20px !important;padding-bottom: 40px !important;padding-left: 20px !important;}&#8220;]<\/p>\n<h3 style=\"text-align: left;\"><span style=\"color: #000000;\">Privatstunden f\u00fcr Tango in Berlin und Via Zoom<\/span><\/h3>\n<p style=\"font-size: 1.5em; line-height: 1.5em; text-align: left;\"><span style=\"color: #000000;\">Privatstunden bieten dank ihres pers\u00f6nlichen Charakters den Sch\u00fclern die M\u00f6glichkeit, sich schneller zu entwickeln und einen authentischen Stil zu finden. Auch f\u00fcr Anf\u00e4nger k\u00f6nnen Privatstunden von Nutzen sein, da sie einen schnelleren und fundierten Einstieg in die Bewegungsformen des Tangos bieten k\u00f6nnen. <\/span><\/p>\n<p style=\"font-size: 1.5em; line-height: 1.5em; text-align: left;\"><span style=\"color: #000000;\"><strong>Bitte beachten: Privatstunden in Berlin k\u00f6nnen im Moment nur als Paar gebucht werden.<br \/>\nOnline Privatstunden k\u00f6nnen ebenfalls vereinbart werden.<br \/>\nDer Preis versteht sich pro Paar, pro Stunde.<\/strong><\/span><\/p>\n<p>[\/vc_column_text][\/vc_column][\/vc_row][vc_row row_type=&#8220;row&#8220; use_row_as_full_screen_section=&#8220;no&#8220; type=&#8220;full_width&#8220; text_align=&#8220;left&#8220; background_color=&#8220;#ffffff&#8220; css_animation=&#8220;&#8220; css=&#8220;.vc_custom_1486656063429&#8220;][vc_column][vc_empty_space height=&#8220;3em&#8220;][vc_column_text]<\/p>\n<h1 style=\"text-align: center; font-size: 25px; letter-spacing: 0.05em;\"><span style=\"color: #8e2c01;\"><strong>Preise<\/strong><\/span><\/h1>\n<p>[\/vc_column_text][vc_empty_space height=&#8220;3em&#8220;][\/vc_column][\/vc_row][vc_row row_type=&#8220;row&#8220; use_row_as_full_screen_section=&#8220;no&#8220; type=&#8220;full_width&#8220; text_align=&#8220;left&#8220; css_animation=&#8220;&#8220; css=&#8220;.vc_custom_1574264301160{background-color: #f2f2f2 !important;}&#8220; el_id=&#8220;Preise&#8220;][vc_column width=&#8220;1\/3&#8243;][vc_column_text css=&#8220;.vc_custom_1609888049584{padding-top: 40px !important;padding-right: 20px !important;padding-bottom: 40px !important;padding-left: 20px !important;}&#8220;]<\/p>\n<h2 style=\"text-align: center;\"><span style=\"color: #000000;\">Pr\u00e4senz-Unterricht<\/span><\/h2>\n<p>[\/vc_column_text][vc_column_text css=&#8220;.vc_custom_1609887370813{padding-top: 40px !important;padding-right: 20px !important;padding-bottom: 40px !important;padding-left: 20px !important;}&#8220;]<\/p>\n<p style=\"font-size: 1.5em; line-height: 1.5em; text-align: left;\"><span style=\"color: #800000;\">Preise pro Person:<\/span><\/p>\n<p style=\"font-size: 1.5em; line-height: 1.5em; text-align: left;\"><span style=\"color: #800000;\"><br \/>\nKurse (60&#8242; x 9 Wochen): <span lang=\"de\">Normal 155 EUR \/ Unterst\u00fctzer 180 EUR \/ Erm\u00e4\u00dfigt (Arbeitslose und Menschen <\/span><\/span><span style=\"color: #800000;\"><span lang=\"de\">unter 30) 130 EUR<\/span><\/span><\/p>\n<p style=\"font-size: 1.5em; line-height: 1.5em; text-align: left;\"><span style=\"color: #800000;\"><br \/>\nEinzeltermin (60&#8242;):<span lang=\"de\"> 20 EUR (nach Vereinbarung)<\/span><\/span><\/p>\n<p>[\/vc_column_text][\/vc_column][vc_column width=&#8220;1\/3&#8243;][vc_column_text css=&#8220;.vc_custom_1609887402404{padding-top: 40px !important;padding-right: 20px !important;padding-bottom: 40px !important;padding-left: 20px !important;}&#8220;]<\/p>\n<h2 style=\"text-align: center;\"><span style=\"color: #000000;\">Online Kurse<\/span><\/h2>\n<p>[\/vc_column_text][vc_column_text css=&#8220;.vc_custom_1609887384120{padding-top: 40px !important;padding-right: 20px !important;padding-bottom: 40px !important;padding-left: 20px !important;}&#8220;]<\/p>\n<p style=\"font-size: 1.5em; line-height: 1.5em; text-align: left;\"><span style=\"color: #800000;\">Preise pro Person:<\/span><\/p>\n<p style=\"font-size: 1.5em; line-height: 1.5em; text-align: left;\"><span style=\"color: #800000;\"><br \/>\nKurse (60&#8242; x 9 Wochen): <span lang=\"de\">Normal 155 EUR \/ Unterst\u00fctzer 180 EUR \/ Erm\u00e4\u00dfigt (Arbeitslose und Menschen <\/span><\/span><span style=\"color: #800000;\"><span lang=\"de\">unter 30) 130 EUR<\/span><\/span><\/p>\n<p style=\"font-size: 1.5em; line-height: 1.5em; text-align: left;\"><span style=\"color: #800000;\"><br \/>\nEinzeltermin (60&#8242;):<span lang=\"de\">\u00a020 EUR f\u00fcr alle<\/span><\/span><\/p>\n<p>[\/vc_column_text][\/vc_column][vc_column width=&#8220;1\/3&#8243;][vc_column_text css=&#8220;.vc_custom_1609888160661{padding-top: 40px !important;padding-right: 20px !important;padding-bottom: 40px !important;padding-left: 20px !important;}&#8220;]<\/p>\n<h2 style=\"text-align: center;\"><span style=\"color: #000000;\">Privat-Unterricht<\/span><\/h2>\n<p>[\/vc_column_text][vc_column_text css=&#8220;.vc_custom_1609888008662{padding-top: 40px !important;padding-right: 20px !important;padding-bottom: 40px !important;padding-left: 20px !important;}&#8220;]<\/p>\n<p style=\"font-size: 1.5em; line-height: 1.5em; text-align: left;\"><span style=\"color: #800000;\">Preise f\u00fcr Berlin pro Paar: <\/span><\/p>\n<p style=\"font-size: 1.5em; line-height: 1.5em; text-align: left;\"><span style=\"color: #800000;\"><br \/>\n1 x 60&#8242; mit Chiche N\u00fa\u00f1ez<br \/>\n<\/span><span style=\"color: #800000;\">90 EUR<\/span><\/p>\n<p>&nbsp;<\/p>\n<p style=\"font-size: 1.5em; line-height: 1.5em; text-align: left;\"><span style=\"color: #800000;\">Online Privatstunde nach Vereinbarung.<\/span><\/p>\n<p>[\/vc_column_text][\/vc_column][\/vc_row][vc_row row_type=&#8220;row&#8220; use_row_as_full_screen_section=&#8220;no&#8220; type=&#8220;full_width&#8220; text_align=&#8220;left&#8220; css_animation=&#8220;&#8220;][vc_column][vc_empty_space height=&#8220;4em&#8220;][\/vc_column][\/vc_row][vc_row row_type=&#8220;row&#8220; use_row_as_full_screen_section=&#8220;no&#8220; type=&#8220;full_width&#8220; text_align=&#8220;left&#8220; css_animation=&#8220;&#8220; css=&#8220;.vc_custom_1485027304865{background-color: #f2f2f2 !important;}&#8220;][vc_column][vc_column_text css=&#8220;.vc_custom_1609887676810{padding-top: 40px !important;padding-right: 20px !important;padding-bottom: 40px !important;padding-left: 20px !important;}&#8220;]<\/p>\n<h2 style=\"text-align: left;\"><span style=\"color: #000000;\">Erm\u00e4ssigungen<\/span><\/h2>\n<p>&nbsp;<\/p>\n<p style=\"font-size: 1.5em; line-height: 1.5em; text-align: left;\"><span style=\"color: #000000;\">Es steht ein begrenztes Kontingent an Erm\u00e4\u00dfigungen zur Verf\u00fcgung, um junge T\u00e4nzer und T\u00e4nzerinnen sowie Arbeitslose zu unterst\u00fctzen. Entsprechende Nachweise sollen beim ersten Termin vorgezeigt werden.<\/span><\/p>\n<p>&nbsp;<\/p>\n<p><strong>*<\/strong>\u00a0Nicht g\u00fcltig f\u00fcr Privatstunden[\/vc_column_text][\/vc_column][\/vc_row]<\/p>\n<\/div>","protected":false},"excerpt":{"rendered":"<p>[vc_row row_type=&#8220;row&#8220; use_row_as_full_screen_section=&#8220;no&#8220; type=&#8220;full_width&#8220; text_align=&#8220;left&#8220; background_color=&#8220;#ffffff&#8220; css_animation=&#8220;&#8220; css=&#8220;.vc_custom_1486656063429&#8220; el_id=&#8220;tangolernen&#8220;][vc_column][vc_column_text css=&#8220;.vc_custom_1609885392828{padding-bottom: 40px !important;}&#8220;] Tango lernen in Berlin Prenzlauer Berg [\/vc_column_text][vc_column_text css=&#8220;.vc_custom_1628584476211{padding-right: 40px !important;padding-left: 40px !important;}&#8220;] Wir sind wieder da! Neue Sp\u00e4tsommer Tango Kurse in Berlin Prenzlauer Berg [\/vc_column_text][vc_empty_space height=&#8220;3em&#8220;][\/vc_column][\/vc_row][vc_row row_type=&#8220;row&#8220; use_row_as_full_screen_section=&#8220;no&#8220; type=&#8220;full_width&#8220; text_align=&#8220;left&#8220; css_animation=&#8220;&#8220; css=&#8220;.vc_custom_1574263667683{background-color: #f2f2f2&#8230;<\/p>\n","protected":false},"author":1,"featured_media":0,"parent":0,"menu_order":0,"comment_status":"open","ping_status":"closed","template":"full_width.php","meta":{"footnotes":""},"class_list":["post-23541","page","type-page","status-publish","hentry"],"_links":{"self":[{"href":"https:\/\/urquiza.com\/index.php\/wp-json\/wp\/v2\/pages\/23541","targetHints":{"allow":["GET"]}}],"collection":[{"href":"https:\/\/urquiza.com\/index.php\/wp-json\/wp\/v2\/pages"}],"about":[{"href":"https:\/\/urquiza.com\/index.php\/wp-json\/wp\/v2\/types\/page"}],"author":[{"embeddable":true,"href":"https:\/\/urquiza.com\/index.php\/wp-json\/wp\/v2\/users\/1"}],"replies":[{"embeddable":true,"href":"https:\/\/urquiza.com\/index.php\/wp-json\/wp\/v2\/comments?post=23541"}],"version-history":[{"count":245,"href":"https:\/\/urquiza.com\/index.php\/wp-json\/wp\/v2\/pages\/23541\/revisions"}],"predecessor-version":[{"id":27183,"href":"https:\/\/urquiza.com\/index.php\/wp-json\/wp\/v2\/pages\/23541\/revisions\/27183"}],"wp:attachment":[{"href":"https:\/\/urquiza.com\/index.php\/wp-json\/wp\/v2\/media?parent=23541"}],"curies":[{"name":"wp","href":"https:\/\/api.w.org\/{rel}","templated":true}]}}