{"id":23501,"date":"2017-08-04T17:39:05","date_gmt":"2017-08-04T15:39:05","guid":{"rendered":"http:\/\/urquiza.com\/?page_id=23501"},"modified":"2025-01-11T08:36:57","modified_gmt":"2025-01-11T07:36:57","slug":"gutscheine","status":"publish","type":"page","link":"https:\/\/urquiza.com\/index.php\/gutscheine\/","title":{"rendered":"Gutscheine"},"content":{"rendered":"<div class=\"wpb-content-wrapper\"><p>[vc_row row_type=&#8220;row&#8220; use_row_as_full_screen_section=&#8220;no&#8220; type=&#8220;full_width&#8220; text_align=&#8220;left&#8220; background_color=&#8220;#ffffff&#8220; css_animation=&#8220;&#8220; css=&#8220;.vc_custom_1484085418742&#8220;][vc_column width=&#8220;1\/4&#8243;][\/vc_column][vc_column width=&#8220;1\/2&#8243;][vc_empty_space height=&#8220;2em&#8220;][vc_column_text]<\/p>\n<h1 style=\"text-align: center; font-size: 25px; letter-spacing: 0.05em;\"><span style=\"color: #873003;\">Gutscheine f\u00fcr Tango Kurse, Reise und Workshops<\/span><\/h1>\n<p>[\/vc_column_text][vc_empty_space height=&#8220;3em&#8220;][\/vc_column][vc_column width=&#8220;1\/4&#8243;][\/vc_column][\/vc_row][vc_row row_type=&#8220;row&#8220; use_row_as_full_screen_section=&#8220;no&#8220; type=&#8220;full_width&#8220; text_align=&#8220;left&#8220; css_animation=&#8220;&#8220; css=&#8220;.vc_custom_1485202789871{background-color: #f2f2f2 !important;}&#8220;][vc_column width=&#8220;1\/2&#8243;][vc_single_image image=&#8220;24007&#8243; img_size=&#8220;full&#8220; qode_css_animation=&#8220;&#8220;][\/vc_column][vc_column width=&#8220;1\/2&#8243;][vc_column_text css=&#8220;.vc_custom_1540396110870{padding-top: 40px !important;padding-right: 20px !important;padding-bottom: 40px !important;padding-left: 20px !important;}&#8220;]<\/p>\n<div id=\"Content\">\n<h2 style=\"text-align: left; font-size: 1.5em; line-height: 1.5em;\"><span style=\"color: #000000;\">Willkommen auf Eurer Seite f\u00fcr\u00a0Tango Argentino\u00a0Geschenkgutscheine der Tanzschule Urquiza in Berlin Prenzlauer Berg!<\/span><\/h2>\n<p>&nbsp;<\/p>\n<\/div>\n<p>[\/vc_column_text]<a href=\"https:\/\/bookeo.com\/urquiza\/buyvoucher\" target=\"_self\"  class=\"qbutton  big_large_full_width move_icon white\" style=\"font-style: normal; border-radius: 10px;-moz-border-radius: 10px;-webkit-border-radius: 10px; background-color: #873003;\">Gutschein kaufen<\/a><a href=\"https:\/\/bookeo.com\/urquiza\/voucher\" target=\"_self\"  class=\"qbutton  big_large_full_width move_icon white\" style=\"font-style: normal; border-radius: 10px;-moz-border-radius: 10px;-webkit-border-radius: 10px; background-color: #873003;\">Gutschein einl\u00f6sen<\/a>[\/vc_column][\/vc_row][vc_row row_type=&#8220;row&#8220; use_row_as_full_screen_section=&#8220;no&#8220; type=&#8220;full_width&#8220; text_align=&#8220;left&#8220; css_animation=&#8220;&#8220;][vc_column][vc_empty_space height=&#8220;2px&#8220;][\/vc_column][\/vc_row][vc_row row_type=&#8220;row&#8220; use_row_as_full_screen_section=&#8220;no&#8220; type=&#8220;full_width&#8220; text_align=&#8220;left&#8220; css_animation=&#8220;&#8220; css=&#8220;.vc_custom_1510712601134{background-color: #f2f2f2 !important;}&#8220;][vc_column][vc_column_text css=&#8220;.vc_custom_1734440187892{padding-top: 40px !important;padding-right: 20px !important;padding-bottom: 40px !important;padding-left: 20px !important;}&#8220;]<\/p>\n<h2 style=\"text-align: left;\"><span style=\"color: #000000;\">Tango-Geschenkgutscheine zu allen Anl\u00e4ssen finden<\/span><\/h2>\n<p>&nbsp;<\/p>\n<p style=\"text-align: left; font-size: 1.5em; line-height: 1.5em;\"><span style=\"color: #000000;\">Wenn Ihr Euch immer gew\u00fcnscht habt, mit dem Tango anzufangen oder in letzter Minute mal wieder ein Geschenk fehlt und Euch ist von einer geliebten und gesch\u00e4tzten Person bekannt, \u00a0dass sie sich riesig dar\u00fcber freut, wenn sie einen so sch\u00f6nen Paartanz wie den Tango lernen darf &#8230; dann bietet sich der Kauf eines Geschenkgutscheines f\u00fcr einen Tangokurs als tolle Idee an!<\/span><\/p>\n<p>&nbsp;<\/p>\n<p style=\"text-align: left; font-size: 1.5em; line-height: 1.5em;\"><span style=\"color: #000000;\">Egal ob als Geburtstags- oder vielleicht als Weihnachts- oder Chanukkageschenk, der Gutschein l\u00e4sst sich als eine sehr individuelle Aufmerksamkeit\u00a0 gestalten. In der Kategorie \u201eGutschein kaufen\u201c pr\u00e4sentieren wir Euch sowohl Gutscheine f\u00fcr verschiede Kurse oder Unterrichtsm\u00f6glichkeiten als auch Gutscheine, die sich sehr einfach f\u00fcr Kurse einl\u00f6sen lassen. Um Euren Gutscheinen eine ganz pers\u00f6nliche Note zu geben, k\u00f6nnt Ihr sie mit eigenen Fotos und einem selbst formulierten Text gestalten, mit denen Ihr Eure guten W\u00fcnsche und dem Anlass f\u00fcr Euer Geschenk einen herzlichen Ausdruck verleihen k\u00f6nnt.<\/span><\/p>\n<p style=\"text-align: left; font-size: 1.5em; line-height: 1.5em;\"><span style=\"color: #000000;\"><br \/>\nWir freuen uns auf Euer Vertrauen!<br \/>\n<\/span><\/p>\n<p>[\/vc_column_text][\/vc_column][\/vc_row]<\/p>\n<\/div>","protected":false},"excerpt":{"rendered":"<p>[vc_row row_type=&#8220;row&#8220; use_row_as_full_screen_section=&#8220;no&#8220; type=&#8220;full_width&#8220; text_align=&#8220;left&#8220; background_color=&#8220;#ffffff&#8220; css_animation=&#8220;&#8220; css=&#8220;.vc_custom_1484085418742&#8220;][vc_column width=&#8220;1\/4&#8243;][\/vc_column][vc_column width=&#8220;1\/2&#8243;][vc_empty_space height=&#8220;2em&#8220;][vc_column_text] Gutscheine f\u00fcr Tango Kurse, Reise und Workshops [\/vc_column_text][vc_empty_space height=&#8220;3em&#8220;][\/vc_column][vc_column width=&#8220;1\/4&#8243;][\/vc_column][\/vc_row][vc_row row_type=&#8220;row&#8220; use_row_as_full_screen_section=&#8220;no&#8220; type=&#8220;full_width&#8220; text_align=&#8220;left&#8220; css_animation=&#8220;&#8220; css=&#8220;.vc_custom_1485202789871{background-color: #f2f2f2 !important;}&#8220;][vc_column width=&#8220;1\/2&#8243;][vc_single_image image=&#8220;24007&#8243; img_size=&#8220;full&#8220; qode_css_animation=&#8220;&#8220;][\/vc_column][vc_column width=&#8220;1\/2&#8243;][vc_column_text css=&#8220;.vc_custom_1540396110870{padding-top: 40px !important;padding-right: 20px !important;padding-bottom: 40px !important;padding-left: 20px !important;}&#8220;] Willkommen auf&#8230;<\/p>\n","protected":false},"author":1,"featured_media":0,"parent":0,"menu_order":0,"comment_status":"open","ping_status":"closed","template":"full_width.php","meta":{"footnotes":""},"class_list":["post-23501","page","type-page","status-publish","hentry"],"_links":{"self":[{"href":"https:\/\/urquiza.com\/index.php\/wp-json\/wp\/v2\/pages\/23501","targetHints":{"allow":["GET"]}}],"collection":[{"href":"https:\/\/urquiza.com\/index.php\/wp-json\/wp\/v2\/pages"}],"about":[{"href":"https:\/\/urquiza.com\/index.php\/wp-json\/wp\/v2\/types\/page"}],"author":[{"embeddable":true,"href":"https:\/\/urquiza.com\/index.php\/wp-json\/wp\/v2\/users\/1"}],"replies":[{"embeddable":true,"href":"https:\/\/urquiza.com\/index.php\/wp-json\/wp\/v2\/comments?post=23501"}],"version-history":[{"count":60,"href":"https:\/\/urquiza.com\/index.php\/wp-json\/wp\/v2\/pages\/23501\/revisions"}],"predecessor-version":[{"id":31098,"href":"https:\/\/urquiza.com\/index.php\/wp-json\/wp\/v2\/pages\/23501\/revisions\/31098"}],"wp:attachment":[{"href":"https:\/\/urquiza.com\/index.php\/wp-json\/wp\/v2\/media?parent=23501"}],"curies":[{"name":"wp","href":"https:\/\/api.w.org\/{rel}","templated":true}]}}