{"id":23207,"date":"2017-03-14T20:52:57","date_gmt":"2017-03-14T19:52:57","guid":{"rendered":"http:\/\/urquiza.com\/?page_id=23207"},"modified":"2021-09-19T15:32:59","modified_gmt":"2021-09-19T13:32:59","slug":"tango_blog_from_chiche_nunez","status":"publish","type":"page","link":"https:\/\/urquiza.com\/index.php\/tango_blog_from_chiche_nunez\/","title":{"rendered":"Tango Blog von Chiche N\u00fa\u00f1ez"},"content":{"rendered":"<div class=\"wpb-content-wrapper\"><p>[vc_row row_type=&#8220;row&#8220; use_row_as_full_screen_section=&#8220;no&#8220; type=&#8220;full_width&#8220; text_align=&#8220;left&#8220; css_animation=&#8220;&#8220; css=&#8220;.vc_custom_1632056737875&#8220;][vc_column][vc_column_text]<\/p>\n<h2 style=\"text-align: center; font-size: 25px; letter-spacing: 0.05em;\"><span style=\"color: #873003;\">Willkommen zum unsere Urquiza Tango Blog \u00fcber Tango Argentino und das Urquiza Still<br \/>\nGeschrieben bei Chiche N\u00fa\u00f1ez\u00a0<\/span><\/h2>\n<p>[\/vc_column_text][vc_empty_space height=&#8220;6em&#8220;][\/vc_column][\/vc_row][vc_row row_type=&#8220;row&#8220; use_row_as_full_screen_section=&#8220;no&#8220; type=&#8220;full_width&#8220; text_align=&#8220;left&#8220; css_animation=&#8220;&#8220;][vc_column css=&#8220;.vc_custom_1631996221327{padding-top: 40px !important;padding-right: 20px !important;padding-bottom: 40px !important;padding-left: 20px !important;}&#8220;][vc_column_text]<\/p>\n<p style=\"text-align: left; color: #000000; font-size: 1.5em; line-height: 1.5em;\"><span style=\"color: #000000;\">W\u00e4hrend meiner langj\u00e4hrigen Erfahrung mit dem Tango Argentino wurden mir immer wieder von Freunden, Kollegen und Sch\u00fclern Fragen gestellt, welche die Zusammenh\u00e4nge in diesem Tanz erodieren. Einige dieser Fragen gehe ich in diesem Blog nach. Ich werde versuchen, sie durch meine Erinnerungen, durch Anekdoten und die Weitergabe der Geschichten, die mir vorgetragen wurden, zu beantworten. <\/span><\/p>\n<p style=\"text-align: left; color: #000000; font-size: 1.5em; line-height: 1.5em;\"><span style=\"color: #000000;\">Dieser Blog hat nicht den Anspruch, in Stein gemei\u00dfelte Antworten zu pr\u00e4sentieren, sondern vielmehr die Neugier anzureden und den Diskurs zu starten. Denn Tango ist auch (vor allem?) das: Dialog, zwischenmenschlicher Austausch und die Erz\u00e4hlung aus einer Vergangenheit, die verschwunden ist und gleichzeitig doch uns durch die Noten begleitet. Ich hoffe, immer wieder neue Fragen beantworten zu k\u00f6nnen und auch neue Einsichten auf zeitlose Themen mit eurer Hilfe zu erlangen. <\/span><\/p>\n<p style=\"text-align: left; color: #000000; font-size: 1.5em; line-height: 1.5em;\"><span style=\"color: #000000;\">Lass uns \u00fcber den Tango reden, wenn n\u00f6tig auch streiten und die Konversation am Leben halten. Wir treffen uns dazu am liebsten auf der Milonga, am Tisch der alten Freunden. Ich werde auf euch warten!<\/span><\/p>\n<p style=\"text-align: left; color: #000000; font-size: 1.5em; line-height: 1.5em;\"><span class=\"Y2IQFc\" lang=\"de\">Um \u00fcber die Ver\u00f6ffentlichung neuer Artikel auf dem Laufenden zu bleiben, k\u00f6nnt ihr unseren <a href=\"http:\/\/eepurl.com\/dLMk1w\">Newsletter abonnieren<\/a> oder uns auf unserer <a href=\"https:\/\/www.facebook.com\/Urquiza-%C7%80-Tango-Argentino-90209322341\">Urquiza-Facebook-Seite<\/a> oder unserem <a href=\"https:\/\/www.instagram.com\/urquiza_tango_berlin\/\">Instagram-Konto<\/a> folgen<\/span><\/p>\n<p>[\/vc_column_text][\/vc_column][\/vc_row][vc_row row_type=&#8220;row&#8220; use_row_as_full_screen_section=&#8220;no&#8220; type=&#8220;full_width&#8220; text_align=&#8220;left&#8220; css_animation=&#8220;&#8220; css=&#8220;.vc_custom_1632056737875&#8220;][vc_column][vc_column_text]<\/p>\n<h3 style=\"text-align: center; font-size: 1.5em; line-height: 1.5em;\"><span style=\"color: #873003;\">Die neusten Urquiza Tango Blog Artikel folgen zuerst. Wir w\u00fcnschen euch viel Spa\u00df beim Lesen und freuen uns auf eure Nachrichten und R\u00fcckmeldungen sowie auf neue Fragen f\u00fcr neuen Blogartikeln bei Chiche N\u00fa\u00f1ez<\/span><\/h3>\n<p>[\/vc_column_text][vc_empty_space height=&#8220;6em&#8220;][\/vc_column][\/vc_row]<\/p>\n<\/div>","protected":false},"excerpt":{"rendered":"<p>[vc_row row_type=&#8220;row&#8220; use_row_as_full_screen_section=&#8220;no&#8220; type=&#8220;full_width&#8220; text_align=&#8220;left&#8220; css_animation=&#8220;&#8220; css=&#8220;.vc_custom_1632056737875&#8220;][vc_column][vc_column_text] Willkommen zum unsere Urquiza Tango Blog \u00fcber Tango Argentino und das Urquiza Still Geschrieben bei Chiche N\u00fa\u00f1ez\u00a0 [\/vc_column_text][vc_empty_space height=&#8220;6em&#8220;][\/vc_column][\/vc_row][vc_row row_type=&#8220;row&#8220; use_row_as_full_screen_section=&#8220;no&#8220; type=&#8220;full_width&#8220; text_align=&#8220;left&#8220; css_animation=&#8220;&#8220;][vc_column css=&#8220;.vc_custom_1631996221327{padding-top: 40px !important;padding-right: 20px !important;padding-bottom: 40px !important;padding-left: 20px !important;}&#8220;][vc_column_text] W\u00e4hrend meiner langj\u00e4hrigen Erfahrung mit&#8230;<\/p>\n","protected":false},"author":1,"featured_media":0,"parent":0,"menu_order":0,"comment_status":"open","ping_status":"closed","template":"blog-animated.php","meta":{"footnotes":""},"class_list":["post-23207","page","type-page","status-publish","hentry"],"_links":{"self":[{"href":"https:\/\/urquiza.com\/index.php\/wp-json\/wp\/v2\/pages\/23207","targetHints":{"allow":["GET"]}}],"collection":[{"href":"https:\/\/urquiza.com\/index.php\/wp-json\/wp\/v2\/pages"}],"about":[{"href":"https:\/\/urquiza.com\/index.php\/wp-json\/wp\/v2\/types\/page"}],"author":[{"embeddable":true,"href":"https:\/\/urquiza.com\/index.php\/wp-json\/wp\/v2\/users\/1"}],"replies":[{"embeddable":true,"href":"https:\/\/urquiza.com\/index.php\/wp-json\/wp\/v2\/comments?post=23207"}],"version-history":[{"count":13,"href":"https:\/\/urquiza.com\/index.php\/wp-json\/wp\/v2\/pages\/23207\/revisions"}],"predecessor-version":[{"id":28079,"href":"https:\/\/urquiza.com\/index.php\/wp-json\/wp\/v2\/pages\/23207\/revisions\/28079"}],"wp:attachment":[{"href":"https:\/\/urquiza.com\/index.php\/wp-json\/wp\/v2\/media?parent=23207"}],"curies":[{"name":"wp","href":"https:\/\/api.w.org\/{rel}","templated":true}]}}