{"id":22062,"date":"2016-11-29T12:51:03","date_gmt":"2016-11-29T11:51:03","guid":{"rendered":"http:\/\/tango.urquiza.com\/?page_id=22062"},"modified":"2024-05-22T13:41:05","modified_gmt":"2024-05-22T11:41:05","slug":"impressum","status":"publish","type":"page","link":"https:\/\/urquiza.com\/index.php\/impressum\/","title":{"rendered":"Impressum"},"content":{"rendered":"<div class=\"wpb-content-wrapper\"><p>[vc_row row_type=&#8220;row&#8220; use_row_as_full_screen_section=&#8220;no&#8220; type=&#8220;full_width&#8220; text_align=&#8220;left&#8220; css_animation=&#8220;&#8220; css=&#8220;.vc_custom_1543263900126&#8220;][vc_column][vc_empty_space height=&#8220;4em&#8220;][vc_column_text]<\/p>\n<h2 style=\"text-align: center;\"><span style=\"color: #873003;\"><strong>Impressum<\/strong><\/span><\/h2>\n<p>[\/vc_column_text][vc_empty_space height=&#8220;4em&#8220;][\/vc_column][\/vc_row][vc_row row_type=&#8220;row&#8220; use_row_as_full_screen_section=&#8220;no&#8220; type=&#8220;full_width&#8220; text_align=&#8220;left&#8220; css_animation=&#8220;&#8220; css=&#8220;.vc_custom_1543263883240{background-color: #f2f2f2 !important;}&#8220;][vc_column width=&#8220;1\/2&#8243;][vc_single_image image=&#8220;21475&#8243; img_size=&#8220;full&#8220; add_caption=&#8220;yes&#8220; qode_css_animation=&#8220;&#8220;][\/vc_column][vc_column width=&#8220;1\/2&#8243; css=&#8220;.vc_custom_1484174629997{padding-top: 40px !important;padding-bottom: 40px !important;}&#8220;][vc_column_text css=&#8220;.vc_custom_1716378061093{padding-right: 20px !important;padding-left: 20px !important;}&#8220;]<\/p>\n<h2 style=\"text-align: left;\"><span style=\"color: #000000;\">Urquiza, Tango Argentino<\/span><\/h2>\n<p>&nbsp;<\/p>\n<p style=\"font-size: 1.5em; line-height: 1.5em; text-align: left;\"><span style=\"color: #000000;\">Veranstaltungsort:<\/span><\/p>\n<p style=\"font-size: 1.5em; line-height: 1.5em; text-align: left;\">Cafeteria der Via Blumenfisch<br \/>\nSch\u00f6nhauser Allee 175, HH, EG rechts<br \/>\n10119 Berlin-Prenzlauer Berg<\/p>\n<p style=\"font-size: 1.5em; line-height: 1.5em; text-align: left;\"><span style=\"color: #000000;\">Tel: +49 171 8103557 &#8211; E-Mail: tango@urquiza.com <\/span><\/p>\n<p>&nbsp;<\/p>\n<p style=\"font-size: 1.5em; line-height: 1.5em; text-align: left;\"><span style=\"color: #000000;\">Alle Bilder auf urquiza.com und allen Unterseiten sind Copyright von Urquiza, wenn nicht explizit anders vermerkt.<\/span><\/p>\n<p>&nbsp;<\/p>\n<p style=\"font-size: 1.5em; line-height: 1.5em; text-align: left;\"><span style=\"color: #000000;\">Bankverbindung:<\/span><br \/>\n<span style=\"color: #000000;\">Knto. Inh.: W. Nunez &#8211; IBAN DE64 1005 0000 6011 8811 98 &#8211; SWIFT-Code BELADEBEXXX<\/span><\/p>\n<p>[\/vc_column_text][\/vc_column][\/vc_row][vc_row row_type=&#8220;row&#8220; use_row_as_full_screen_section=&#8220;no&#8220; type=&#8220;full_width&#8220; text_align=&#8220;left&#8220; css_animation=&#8220;&#8220;][vc_column][vc_empty_space height=&#8220;2px&#8220;][\/vc_column][\/vc_row][vc_row row_type=&#8220;row&#8220; use_row_as_full_screen_section=&#8220;no&#8220; type=&#8220;full_width&#8220; text_align=&#8220;left&#8220; css_animation=&#8220;&#8220; css=&#8220;.vc_custom_1491223479014{background-color: #f2f2f2 !important;}&#8220;][vc_column][vc_column_text css=&#8220;.vc_custom_1675266313473{padding-top: 40px !important;padding-right: 20px !important;padding-bottom: 40px !important;padding-left: 20px !important;}&#8220;]<\/p>\n<h2 style=\"text-align: left;\"><\/h2>\n<p style=\"font-size: 1.5em; line-height: 1.5em; text-align: left;\"><span style=\"color: #800000;\">Inh. W. Nunez<\/span><br \/>\n<span style=\"color: #800000;\">Kesselgrundstra\u00dfe 56<\/span><br \/>\n<span style=\"color: #800000;\">D &#8211; 14542 Werder an der Havel<\/span><\/p>\n<p style=\"font-size: 1.5em; line-height: 1.5em; text-align: left;\"><span style=\"color: #800000;\">Zust\u00e4ndige Aufsichtsbeh\u00f6rde: Gewerbeamt Stadt Berlin.<\/span><\/p>\n<p style=\"font-size: 1.5em; line-height: 1.5em; text-align: left;\"><span style=\"color: #800000;\">Umsatzsteuer-Identifikationsnr.: gem. \u00a7 27 a UStG: DE 34\/458\/53179<\/span><\/p>\n<p style=\"font-size: 1.5em; line-height: 1.5em; text-align: left;\"><span style=\"color: #800000;\">Haftungshinweis: Trotz sorgf\u00e4ltiger inhaltlicher Kontrolle \u00fcbernehmen wir keine Haftung f\u00fcr die Inhalte externer Links. F\u00fcr den Inhalt der verlinkten Seiten sind ausschlie\u00dflich deren Betreiber verantwortlich. Gestaltung: Urquiza Tango Argentino<\/span><\/p>\n<p>[\/vc_column_text][\/vc_column][\/vc_row]<\/p>\n<\/div>","protected":false},"excerpt":{"rendered":"<p>[vc_row row_type=&#8220;row&#8220; use_row_as_full_screen_section=&#8220;no&#8220; type=&#8220;full_width&#8220; text_align=&#8220;left&#8220; css_animation=&#8220;&#8220; css=&#8220;.vc_custom_1543263900126&#8220;][vc_column][vc_empty_space height=&#8220;4em&#8220;][vc_column_text] Impressum [\/vc_column_text][vc_empty_space height=&#8220;4em&#8220;][\/vc_column][\/vc_row][vc_row row_type=&#8220;row&#8220; use_row_as_full_screen_section=&#8220;no&#8220; type=&#8220;full_width&#8220; text_align=&#8220;left&#8220; css_animation=&#8220;&#8220; css=&#8220;.vc_custom_1543263883240{background-color: #f2f2f2 !important;}&#8220;][vc_column width=&#8220;1\/2&#8243;][vc_single_image image=&#8220;21475&#8243; img_size=&#8220;full&#8220; add_caption=&#8220;yes&#8220; qode_css_animation=&#8220;&#8220;][\/vc_column][vc_column width=&#8220;1\/2&#8243; css=&#8220;.vc_custom_1484174629997{padding-top: 40px !important;padding-bottom: 40px !important;}&#8220;][vc_column_text css=&#8220;.vc_custom_1716378061093{padding-right: 20px !important;padding-left: 20px !important;}&#8220;] Urquiza, Tango Argentino &nbsp; Veranstaltungsort: Cafeteria der Via Blumenfisch Sch\u00f6nhauser&#8230;<\/p>\n","protected":false},"author":1,"featured_media":0,"parent":0,"menu_order":0,"comment_status":"open","ping_status":"closed","template":"full_width.php","meta":{"footnotes":""},"class_list":["post-22062","page","type-page","status-publish","hentry"],"_links":{"self":[{"href":"https:\/\/urquiza.com\/index.php\/wp-json\/wp\/v2\/pages\/22062","targetHints":{"allow":["GET"]}}],"collection":[{"href":"https:\/\/urquiza.com\/index.php\/wp-json\/wp\/v2\/pages"}],"about":[{"href":"https:\/\/urquiza.com\/index.php\/wp-json\/wp\/v2\/types\/page"}],"author":[{"embeddable":true,"href":"https:\/\/urquiza.com\/index.php\/wp-json\/wp\/v2\/users\/1"}],"replies":[{"embeddable":true,"href":"https:\/\/urquiza.com\/index.php\/wp-json\/wp\/v2\/comments?post=22062"}],"version-history":[{"count":44,"href":"https:\/\/urquiza.com\/index.php\/wp-json\/wp\/v2\/pages\/22062\/revisions"}],"predecessor-version":[{"id":29947,"href":"https:\/\/urquiza.com\/index.php\/wp-json\/wp\/v2\/pages\/22062\/revisions\/29947"}],"wp:attachment":[{"href":"https:\/\/urquiza.com\/index.php\/wp-json\/wp\/v2\/media?parent=22062"}],"curies":[{"name":"wp","href":"https:\/\/api.w.org\/{rel}","templated":true}]}}